{"id":226877,"date":"2024-11-01T12:20:11","date_gmt":"2024-11-01T11:20:11","guid":{"rendered":"https:\/\/freshflow.cz\/o-nas\/"},"modified":"2026-02-03T09:00:40","modified_gmt":"2026-02-03T08:00:40","slug":"o-nas","status":"publish","type":"page","link":"https:\/\/freshflow.app\/sk\/o-nas\/","title":{"rendered":"O n\u00e1s"},"content":{"rendered":"<p>[et_pb_section fb_built=&#8220;1&#8243; next_background_color=&#8220;#ffffff&#8220; _builder_version=&#8220;4.27.0&#8243; _module_preset=&#8220;default&#8220; background_color=&#8220;#362C6E&#8220; use_background_color_gradient=&#8220;on&#8220; background_color_gradient_type=&#8220;elliptical&#8220; background_color_gradient_direction_radial=&#8220;bottom&#8220; background_color_gradient_stops=&#8220;#6a4ebf 0%|#200059 76%&#8220; custom_padding=&#8220;||176px||false|false&#8220; bottom_divider_style=&#8220;wave&#8220; global_colors_info=&#8220;{}&#8220;][et_pb_row _builder_version=&#8220;4.16&#8243; _module_preset=&#8220;default&#8220; global_colors_info=&#8220;{}&#8220;][et_pb_column type=&#8220;4_4&#8243; _builder_version=&#8220;4.16&#8243; _module_preset=&#8220;default&#8220; global_colors_info=&#8220;{}&#8220;][dipl_double_color_heading heading_main_part=&#8220;Overen\u00fd syst\u00e9m a dlhoro\u010dn\u00e9 sk\u00fasenosti&#8220; heading_post_part=&#8220;FreshFlow rozv\u00edjame od roku 2012 a vyu\u017e\u00edvaj\u00fa ho tis\u00edce pou\u017e\u00edvate\u013eov&#8220; display_in_stack=&#8220;on&#8220; _builder_version=&#8220;4.27.4&#8243; _module_preset=&#8220;default&#8220; global_heading_settings_level=&#8220;h1&#8243; main_header_font=&#8220;|600|||||||&#8220; main_header_text_align=&#8220;center&#8220; main_header_text_color=&#8220;#FFFFFF&#8220; main_header_font_size=&#8220;50px&#8220; post_header_text_align=&#8220;center&#8220; post_header_text_color=&#8220;#B48EFF&#8220; main_header_font_size_tablet=&#8220;50px&#8220; main_header_font_size_phone=&#8220;42px&#8220; main_header_font_size_last_edited=&#8220;on|desktop&#8220; global_colors_info=&#8220;{}&#8220;][\/dipl_double_color_heading][\/et_pb_column][\/et_pb_row][\/et_pb_section][et_pb_section fb_built=&#8220;1&#8243; _builder_version=&#8220;4.16&#8243; _module_preset=&#8220;default&#8220; custom_padding=&#8220;80px||30px|||&#8220; global_colors_info=&#8220;{}&#8220;][et_pb_row column_structure=&#8220;1_2,1_6,1_6,1_6&#8243; module_class=&#8220;mp_row_vertical_align&#8220; _builder_version=&#8220;4.27.0&#8243; _module_preset=&#8220;default&#8220; custom_margin=&#8220;-10px|auto||auto||&#8220; custom_padding=&#8220;||50px|||&#8220; global_colors_info=&#8220;{}&#8220;][et_pb_column type=&#8220;1_2&#8243; admin_label=&#8220;St\u013apec&#8220; _builder_version=&#8220;4.27.0&#8243; _module_preset=&#8220;default&#8220; custom_padding=&#8220;|50px|||false|false&#8220; custom_padding_tablet=&#8220;|0px|||false|false&#8220; custom_padding_phone=&#8220;|0px|||false|false&#8220; custom_padding_last_edited=&#8220;on|phone&#8220; border_width_right=&#8220;1px&#8220; border_color_right=&#8220;gcid-dfe987d7-0b26-418b-ad93-564c2b62c41a&#8220; border_width_right_tablet=&#8220;0px&#8220; border_width_right_phone=&#8220;0px&#8220; border_width_right_last_edited=&#8220;on|tablet&#8220; global_colors_info=&#8220;{%22gcid-dfe987d7-0b26-418b-ad93-564c2b62c41a%22:%91%22border_color_right%22%93}&#8220;][et_pb_text _builder_version=&#8220;4.27.0&#8243; _module_preset=&#8220;default&#8220; header_2_font=&#8220;Poppins|300|||||||&#8220; header_2_font_size=&#8220;45px&#8220; header_2_letter_spacing=&#8220;-0.03em&#8220; header_2_line_height=&#8220;1.4em&#8220; global_colors_info=&#8220;{}&#8220;]<\/p>\n<h2>Rie\u0161enie overen\u00e9 rokmi a pou\u017e\u00edvate\u013emi<\/h2>\n<p>[\/et_pb_text][et_pb_text _builder_version=&#8220;4.27.0&#8243; _module_preset=&#8220;41069f61-2b18-434f-a283-a6df4356979c&#8220; text_text_color=&#8220;#000000&#8243; global_colors_info=&#8220;{}&#8220;]<\/p>\n<p data-start=\"181\" data-end=\"301\">FreshFlow sme za\u010dali vyv\u00edja\u0165 v roku 2012 ako rie\u0161enie na riadenie aktiv\u00edt t\u00edmov v oblastiach financi\u00ed a pois\u0165ovn\u00edctva.<\/p>\n<p data-start=\"303\" data-end=\"531\">Po pandemick\u00fdch rokoch, ke\u010f vzr\u00e1stla potreba efekt\u00edvnej pr\u00e1ce s kalend\u00e1rom, kontaktmi a \u00falohami pri riaden\u00ed t\u00edmu alebo zvy\u0161ovan\u00ed osobnej produktivity, sme na\u0161e osved\u010den\u00e9 technologick\u00e9 rie\u0161enie spr\u00edstupnili aj \u010fal\u0161\u00edm odvetviam.<\/p>\n<h3><\/h3>\n<p>[\/et_pb_text][\/et_pb_column][et_pb_column type=&#8220;1_6&#8243; _builder_version=&#8220;4.27.0&#8243; _module_preset=&#8220;default&#8220; global_colors_info=&#8220;{}&#8220;][et_pb_number_counter title=&#8220;plus pou\u017e\u00edvatelia&#8220; number=&#8220;10000&#8243; percent_sign=&#8220;off&#8220; _builder_version=&#8220;4.27.4&#8243; _module_preset=&#8220;default&#8220; number_font=&#8220;Poppins|600|||||||&#8220; number_text_color=&#8220;#68c2b9&#8243; number_font_size=&#8220;50px&#8220; number_letter_spacing=&#8220;-0.05em&#8220; number_line_height=&#8220;110px&#8220; custom_margin=&#8220;-1px||||false|false&#8220; custom_padding=&#8220;||4px|||&#8220; global_colors_info=&#8220;{}&#8220;][\/et_pb_number_counter][\/et_pb_column][et_pb_column type=&#8220;1_6&#8243; _builder_version=&#8220;4.16&#8243; _module_preset=&#8220;default&#8220; global_colors_info=&#8220;{}&#8220;][et_pb_number_counter title=&#8220;plus t\u00edmy&#8220; number=&#8220;800&#8243; percent_sign=&#8220;off&#8220; _builder_version=&#8220;4.27.0&#8243; _module_preset=&#8220;default&#8220; number_font=&#8220;Poppins|600|||||||&#8220; number_text_color=&#8220;#de62a1&#8243; number_font_size=&#8220;50px&#8220; number_letter_spacing=&#8220;-0.05em&#8220; number_line_height=&#8220;110px&#8220; custom_margin=&#8220;0px||||false|false&#8220; global_colors_info=&#8220;{}&#8220;][\/et_pb_number_counter][\/et_pb_column][et_pb_column type=&#8220;1_6&#8243; _builder_version=&#8220;4.16&#8243; _module_preset=&#8220;default&#8220; global_colors_info=&#8220;{}&#8220;][et_pb_number_counter title=&#8220;roky v\u00fdvoja&#8220; number=&#8220;13&#8243; percent_sign=&#8220;off&#8220; _builder_version=&#8220;4.27.4&#8243; _module_preset=&#8220;default&#8220; number_font=&#8220;Poppins|600|||||||&#8220; number_text_color=&#8220;#8364ab&#8220; number_font_size=&#8220;50px&#8220; number_letter_spacing=&#8220;-0.05em&#8220; number_line_height=&#8220;110px&#8220; custom_margin=&#8220;0px||||false|false&#8220; global_colors_info=&#8220;{}&#8220;][\/et_pb_number_counter][\/et_pb_column][\/et_pb_row][\/et_pb_section][et_pb_section fb_built=&#8220;1&#8243; prev_background_color=&#8220;#ffffff&#8220; module_id=&#8220;kontakt&#8220; _builder_version=&#8220;4.27.5&#8243; _module_preset=&#8220;default&#8220; background_enable_color=&#8220;off&#8220; use_background_color_gradient=&#8220;on&#8220; background_color_gradient_stops=&#8220;#eaeaea 0%|#ffffff 99%&#8220; custom_padding=&#8220;100px||40px||false|false&#8220; top_divider_style=&#8220;wave&#8220; hover_enabled=&#8220;0&#8243; global_colors_info=&#8220;{}&#8220; sticky_enabled=&#8220;0&#8243;][et_pb_row _builder_version=&#8220;4.16&#8243; _module_preset=&#8220;default&#8220; custom_padding=&#8220;20px|||||&#8220; global_colors_info=&#8220;{}&#8220;][et_pb_column type=&#8220;4_4&#8243; _builder_version=&#8220;4.16&#8243; _module_preset=&#8220;default&#8220; global_colors_info=&#8220;{}&#8220;][et_pb_text _builder_version=&#8220;4.27.0&#8243; _module_preset=&#8220;default&#8220; header_2_font=&#8220;Poppins|300|||||||&#8220; header_2_font_size=&#8220;45px&#8220; header_2_letter_spacing=&#8220;-0.03em&#8220; header_2_line_height=&#8220;1.4em&#8220; global_colors_info=&#8220;{}&#8220;]<\/p>\n<h2 style=\"text-align: center\">Ako n\u00e1s m\u00f4\u017eete kontaktova\u0165?<\/h2>\n<p>[\/et_pb_text][\/et_pb_column][\/et_pb_row][et_pb_row column_structure=&#8220;1_3,1_3,1_3&#8243; _builder_version=&#8220;4.16&#8243; _module_preset=&#8220;default&#8220; custom_padding=&#8220;||50px|||&#8220; global_colors_info=&#8220;{}&#8220;][et_pb_column type=&#8220;1_3&#8243; _builder_version=&#8220;4.16&#8243; _module_preset=&#8220;default&#8220; global_colors_info=&#8220;{}&#8220;][et_pb_blurb title=&#8220;Potrebujete pomoc s FreshFlow?&#8220; use_icon=&#8220;on&#8220; font_icon=&#8220;&#x76;||divi||400&#8243; icon_color=&#8220;#36baf0&#8243; image_icon_background_color=&#8220;#ebf8fe&#8220; image_icon_width=&#8220;40px&#8220; icon_alignment=&#8220;left&#8220; _builder_version=&#8220;4.27.5&#8243; _module_preset=&#8220;default&#8220; header_line_height=&#8220;3em&#8220; body_line_height=&#8220;1.4em&#8220; image_icon_custom_padding=&#8220;25px|25px|25px|25px|false|false&#8220; custom_margin=&#8220;||0px||false|false&#8220; custom_padding=&#8220;0px||||false|false&#8220; hover_enabled=&#8220;0&#8243; border_color_all=&#8220;#B48EFF&#8220; border_style_all=&#8220;none&#8220; border_color_top=&#8220;#B48EFF&#8220; border_radii_image=&#8220;on|100%|100%|100%|100%&#8220; icon_font_size=&#8220;40px&#8220; use_circle=&#8220;on&#8220; circle_color=&#8220;#ebf8fe&#8220; global_colors_info=&#8220;{}&#8220; image_icon_background_color__sticky_enabled=&#8220;#7EBEC5&#8243; image_icon_background_color__sticky=&#8220;#7EBEC5&#8243; sticky_enabled=&#8220;0&#8243;]<\/p>\n<p><strong>Nap\u00ed\u0161te<\/strong> <strong>do chatovacej miestnosti tu v\u013eavo dole.<\/strong><\/p>\n<p>Zvy\u010dajne v\u00e1m odp\u00ed\u0161eme do n\u011bkolika hod\u00edn.<\/p>\n<p>Ak nechcete \u010daka\u0165, <a href=\"https:\/\/help.freshflow.app\/sk\">odpove\u010f pravdepodobne n\u00e1jdete v n\u00e1vode<\/a>.<\/p>\n<p>[\/et_pb_blurb][\/et_pb_column][et_pb_column type=&#8220;1_3&#8243; _builder_version=&#8220;4.16&#8243; _module_preset=&#8220;default&#8220; global_colors_info=&#8220;{}&#8220;][et_pb_blurb title=&#8220;Rozhodujete sa o objedn\u00e1vke?&#8220; use_icon=&#8220;on&#8220; font_icon=&#8220;&#x55;||divi||400&#8243; icon_color=&#8220;#36baf0&#8243; image_icon_background_color=&#8220;#ebf8fe&#8220; image_icon_width=&#8220;40px&#8220; icon_alignment=&#8220;left&#8220; _builder_version=&#8220;4.27.5&#8243; _module_preset=&#8220;default&#8220; header_line_height=&#8220;3em&#8220; body_line_height=&#8220;1.4em&#8220; image_icon_custom_padding=&#8220;25px|25px|25px|25px|false|false&#8220; custom_margin=&#8220;||0px||false|false&#8220; custom_padding=&#8220;0px||||false|false&#8220; hover_enabled=&#8220;0&#8243; border_style_all=&#8220;none&#8220; border_radii_image=&#8220;on|100%|100%|100%|100%&#8220; icon_font_size=&#8220;40px&#8220; use_circle=&#8220;on&#8220; circle_color=&#8220;#ebf8fe&#8220; global_colors_info=&#8220;{}&#8220; image_icon_background_color__sticky_enabled=&#8220;#7EBEC5&#8243; image_icon_background_color__sticky=&#8220;#7EBEC5&#8243; sticky_enabled=&#8220;0&#8243;]<\/p>\n<p style=\"text-align: left\">Radi v\u00e1m odpovieme na va\u0161e ot\u00e1zky.<\/p>\n<p style=\"text-align: left\">Zavolajte na:<br \/>+420<strong> 739 612 298<\/strong><\/p>\n<p style=\"text-align: left\">Nap\u00ed\u0161te na e-mail:<br \/><strong><a href=\"mailto:sales@calendee.cz\">info@freshflow.app<\/a><\/strong><\/p>\n<p style=\"text-align: left\"><strong>Alebo do chatu tu v\u013eavo dole.<\/strong><\/p>\n<p>[\/et_pb_blurb][\/et_pb_column][et_pb_column type=&#8220;1_3&#8243; _builder_version=&#8220;4.16&#8243; _module_preset=&#8220;default&#8220; global_colors_info=&#8220;{}&#8220;][et_pb_blurb title=&#8220;Potrebujete faktura\u010dn\u00e9 inform\u00e1cie?&#8220; use_icon=&#8220;on&#8220; font_icon=&#8220;&#xe0ef;||divi||400&#8243; icon_color=&#8220;#36baf0&#8243; image_icon_background_color=&#8220;#ebf8fe&#8220; image_icon_width=&#8220;40px&#8220; icon_alignment=&#8220;left&#8220; _builder_version=&#8220;4.27.0&#8243; _module_preset=&#8220;default&#8220; header_line_height=&#8220;3em&#8220; body_line_height=&#8220;1.4em&#8220; image_icon_custom_padding=&#8220;25px|25px|25px|25px|false|false&#8220; custom_margin=&#8220;||0px||false|false&#8220; custom_padding=&#8220;0px||||false|false&#8220; border_style_all=&#8220;none&#8220; border_radii_image=&#8220;on|100%|100%|100%|100%&#8220; icon_font_size=&#8220;40px&#8220; use_circle=&#8220;on&#8220; circle_color=&#8220;#ebf8fe&#8220; global_colors_info=&#8220;{}&#8220; image_icon_background_color__sticky_enabled=&#8220;#7EBEC5&#8243; image_icon_background_color__sticky=&#8220;#7EBEC5&#8243;]<\/p>\n<p style=\"text-align: left\">FreshFlow Systems s.r.o.<br \/><span style=\"font-weight: 400\"><\/span><\/p>\n<p style=\"text-align: left\"><span style=\"font-weight: 400\">Pra\u017esk\u00e1 636<br \/>252 41 Doln\u00ed B\u0159e\u017eany (\u010cesk\u00e1 republika)<\/span><\/p>\n<p style=\"text-align: left\"><span style=\"font-weight: 400\">I\u010c: 24299057<br \/>DI\u010c: CZ24299057<\/span><\/p>\n<p style=\"text-align: left\"><span style=\"font-weight: 400\">Spolo\u010dnos\u0165 je zap\u00edsan\u00e1 v obchodnom registri Mestsk\u00e9ho s\u00fadu v Prahe, oddiel C, vlo\u017eka 194216.<\/span><\/p>\n<p>[\/et_pb_blurb][\/et_pb_column][\/et_pb_row][\/et_pb_section][et_pb_section fb_built=&#8220;1&#8243; prev_background_color=&#8220;#ffffff&#8220; _builder_version=&#8220;4.27.0&#8243; _module_preset=&#8220;default&#8220; background_enable_color=&#8220;off&#8220; use_background_color_gradient=&#8220;on&#8220; background_color_gradient_stops=&#8220;#eaeaea 0%|#ffffff 99%&#8220; custom_padding=&#8220;151px||40px||false|false&#8220; top_divider_style=&#8220;wave&#8220; locked=&#8220;off&#8220; global_colors_info=&#8220;{}&#8220;][et_pb_row _builder_version=&#8220;4.23&#8243; _module_preset=&#8220;default&#8220; custom_margin=&#8220;0px||||false|false&#8220; custom_padding=&#8220;0px||0px||false|false&#8220; global_colors_info=&#8220;{}&#8220;][et_pb_column type=&#8220;4_4&#8243; _builder_version=&#8220;4.23&#8243; _module_preset=&#8220;default&#8220; global_colors_info=&#8220;{}&#8220;][et_pb_text _builder_version=&#8220;4.27.4&#8243; _module_preset=&#8220;default&#8220; header_2_font=&#8220;Poppins|300|||||||&#8220; header_2_font_size=&#8220;45px&#8220; header_2_letter_spacing=&#8220;-0.03em&#8220; header_2_line_height=&#8220;1.4em&#8220; locked=&#8220;off&#8220; global_colors_info=&#8220;{}&#8220;]<\/p>\n<h2 class=\"et_pb_module_heading et-fb-editable-element et-fb-editable-element__editing\" data-shortcode-id=\"4.1.0.0-1725608529398\" data-quickaccess-id=\"title\" style=\"text-align: center\">\u010co hovoria t\u00ed, ktor\u00ed FreshFlow poznaj\u00fa?<\/h2>\n<p>[\/et_pb_text][\/et_pb_column][\/et_pb_row][et_pb_row column_structure=&#8220;1_2,1_2&#8243; custom_padding_last_edited=&#8220;on|phone&#8220; _builder_version=&#8220;4.23&#8243; _module_preset=&#8220;default&#8220; width=&#8220;100%&#8220; custom_margin=&#8220;0px|auto|-95px|auto|false|false&#8220; custom_padding=&#8220;35px||151px||false|true&#8220; custom_padding_tablet=&#8220;||50px||false|false&#8220; custom_padding_phone=&#8220;20px||50px||false|false&#8220; global_colors_info=&#8220;{}&#8220;][et_pb_column type=&#8220;1_2&#8243; _builder_version=&#8220;4.16&#8243; _module_preset=&#8220;default&#8220; custom_padding=&#8220;0px|0px|0px|0px|false|false&#8220; global_colors_info=&#8220;{}&#8220;][et_pb_testimonial author=&#8220;Michal Krej\u010d\u00ed&#8220; job_title=&#8220;Partner spolo\u010dnosti&#8220; company_name=&#8220;Partners Financial Services, a.s.&#8220; quote_icon=&#8220;off&#8220; _builder_version=&#8220;4.27.4&#8243; _module_preset=&#8220;default&#8220; background_color=&#8220;#FFFFFF&#8220; width_tablet=&#8220;&#8220; width_phone=&#8220;&#8220; width_last_edited=&#8220;on|phone&#8220; max_width=&#8220;100%&#8220; custom_margin=&#8220;101px||||false|false&#8220; custom_margin_tablet=&#8220;0px||||false|false&#8220; custom_margin_phone=&#8220;0px||||false|false&#8220; custom_margin_last_edited=&#8220;on|phone&#8220; custom_padding=&#8220;40px|40px|20px|40px|false|false&#8220; border_radii=&#8220;on|16px|16px|16px|16px&#8220; box_shadow_style=&#8220;preset2&#8243; box_shadow_horizontal=&#8220;0px&#8220; box_shadow_blur=&#8220;8px&#8220; box_shadow_color=&#8220;rgba(10,0,0,0.06)&#8220; global_colors_info=&#8220;{}&#8220;]<\/p>\n<p><img loading=\"lazy\" decoding=\"async\" src=\"https:\/\/freshflow.app\/wp-content\/uploads\/2025\/11\/file.svg\" width=\"358\" height=\"111\" alt=\"\" class=\"wp-image-226951 alignnone size-full\" \/><\/p>\n<p><img loading=\"lazy\" decoding=\"async\" src=\"https:\/\/freshflow.app\/wp-content\/uploads\/2023\/10\/quote.png\" width=\"38\" height=\"30\" alt=\"\" class=\"wp-image-24889 alignnone size-full\" \/><\/p>\n<p>\u201ePridan\u00e1 hodnota Partners Office (personalizovan\u00e1 verzia FreshFlow v Partners Financial Services, a.s.) v spr\u00e1ve kontaktov je obrovsk\u00e1.<\/p>\n<p>Ka\u017ed\u00fd, kto to mysl\u00ed s budovan\u00edm firmy a biznisu v\u00e1\u017ene, by ju mal vyu\u017ei\u0165. Spr\u00e1vny time mana\u017ement je jedn\u00fdm z k\u013e\u00fa\u010dov \u00faspechu. Ako sa hovor\u00ed: \u013dudia nepl\u00e1nuj\u00fa skrachova\u0165, ale krachuj\u00fa v pl\u00e1novan\u00ed.<\/p>\n<p>Partners Office mi d\u00e1va mo\u017enos\u0165 do \u00fatrob firmy a ma\u0165 kontrolu nad efektivitou svojich spolupracovn\u00edkov. Obe tieto funkcionality pova\u017eujem za absol\u00fatne z\u00e1sadn\u00e9 a vyu\u017e\u00edvam ich ve\u013emi \u010dasto.\u201c<\/p>\n<p>[\/et_pb_testimonial][\/et_pb_column][et_pb_column type=&#8220;1_2&#8243; _builder_version=&#8220;4.16&#8243; _module_preset=&#8220;default&#8220; global_colors_info=&#8220;{}&#8220;][et_pb_testimonial author=&#8220;Petr Kop\u0159iva&#8220; job_title=&#8220;Head of NN Digital Hub&#8220; company_name=&#8220;NN \u017divotn\u00e1 pois\u0165ov\u0148a&#8220; quote_icon=&#8220;off&#8220; _builder_version=&#8220;4.27.4&#8243; _module_preset=&#8220;default&#8220; background_color=&#8220;#FFFFFF&#8220; width=&#8220;100%&#8220; custom_margin=&#8220;||0px|0px|false|false&#8220; custom_padding=&#8220;40px|40px|20px|40px|false|false&#8220; border_radii=&#8220;on|16px|16px|16px|16px&#8220; box_shadow_style=&#8220;preset2&#8243; box_shadow_horizontal=&#8220;0px&#8220; box_shadow_blur=&#8220;8px&#8220; box_shadow_color=&#8220;rgba(10,0,0,0.06)&#8220; global_colors_info=&#8220;{}&#8220;]<\/p>\n<p><img loading=\"lazy\" decoding=\"async\" src=\"https:\/\/freshflow.app\/wp-content\/uploads\/2025\/11\/NN.svg\" width=\"186\" height=\"103\" alt=\"\" class=\"wp-image-226960 alignnone size-full\" \/><\/p>\n<p><img loading=\"lazy\" decoding=\"async\" src=\"https:\/\/freshflow.app\/wp-content\/uploads\/2023\/10\/quote.png\" width=\"38\" height=\"30\" alt=\"\" class=\"wp-image-24889 alignnone size-full\" \/><\/p>\n<p>\u201eFreshFlow sme akt\u00edvne vyu\u017e\u00edvali pri realiz\u00e1cii na\u0161ej akvizi\u010dnej kampane, ke\u010f preuk\u00e1zal, \u017ee je mocn\u00fdm n\u00e1strojom v riaden\u00ed obchodnej siete.\u201c<span style=\"color: #001c44;font-family: 'Bienalle bold\"><\/span><\/p>\n<p>[\/et_pb_testimonial][et_pb_testimonial author=&#8220;Petr Hladn\u00fd&#8220; job_title=&#8220;Krajinsk\u00fd riadite\u013e&#8220; company_name=&#8220;Allianz pois\u0165ov\u0148a, a. s. &#8220; quote_icon=&#8220;off&#8220; _builder_version=&#8220;4.27.4&#8243; _module_preset=&#8220;default&#8220; background_color=&#8220;#FFFFFF&#8220; custom_margin=&#8220;30px|0px|0px||false|false&#8220; custom_padding=&#8220;40px|40px|40px|40px|false|false&#8220; border_radii=&#8220;on|16px|16px|16px|16px&#8220; box_shadow_style=&#8220;preset2&#8243; box_shadow_horizontal=&#8220;0px&#8220; box_shadow_blur=&#8220;8px&#8220; box_shadow_color=&#8220;rgba(10,0,0,0.06)&#8220; global_colors_info=&#8220;{}&#8220;]<\/p>\n<p><img loading=\"lazy\" decoding=\"async\" src=\"https:\/\/freshflow.app\/wp-content\/uploads\/2025\/11\/Allianz.svg\" width=\"286\" height=\"71\" alt=\"\" class=\"wp-image-226927 alignnone size-full\" \/><\/p>\n<p><img loading=\"lazy\" decoding=\"async\" src=\"https:\/\/freshflow.app\/wp-content\/uploads\/2023\/10\/quote.png\" width=\"38\" height=\"30\" alt=\"\" class=\"wp-image-24889 alignnone size-full\" \/><\/p>\n<p class=\"p1\">\u201eSyst\u00e9m FreshFlow sme vyhodnotili ako ve\u013emi efekt\u00edvny n\u00e1stroj activity mana\u017ementu a interakt\u00edvnej sp\u00e4tnej v\u00e4zby naprie\u010d cel\u00fdm obchodn\u00fdm t\u00edmom.<\/p>\n<p class=\"p1\">Aj preto sme sa rozhodli implementova\u0165 ho v r\u00e1mci celej Kme\u0148ovej obchodnej siete Allianz pois\u0165ovne, a.s.\u201c<\/p>\n<p>[\/et_pb_testimonial][\/et_pb_column][\/et_pb_row][\/et_pb_section][et_pb_section fb_built=&#8220;1&#8243; module_class=&#8220;fialova&#8220; _builder_version=&#8220;4.16&#8243; _module_preset=&#8220;default&#8220; background_color=&#8220;#8364ab&#8220; locked=&#8220;off&#8220; global_colors_info=&#8220;{}&#8220;][et_pb_row _builder_version=&#8220;4.27.4&#8243; _module_preset=&#8220;default&#8220; global_colors_info=&#8220;{}&#8220;][et_pb_column type=&#8220;4_4&#8243; _builder_version=&#8220;4.27.4&#8243; _module_preset=&#8220;default&#8220; global_colors_info=&#8220;{}&#8220;][et_pb_text _builder_version=&#8220;4.27.4&#8243; _module_preset=&#8220;default&#8220; text_font_size=&#8220;23px&#8220; header_2_font=&#8220;Poppins|300|||||||&#8220; header_2_font_size=&#8220;45px&#8220; header_2_letter_spacing=&#8220;-0.03em&#8220; header_2_line_height=&#8220;1.4em&#8220; locked=&#8220;off&#8220; global_colors_info=&#8220;{}&#8220;]<\/p>\n<h2 class=\"et_pb_module_heading et-fb-editable-element et-fb-editable-element__editing\" data-shortcode-id=\"4.1.0.0-1725608529398\" data-quickaccess-id=\"title\" style=\"text-align: center\"><span style=\"color: #ffffff\">Za\u010dnite pou\u017e\u00edva\u0165 slu\u017ebu FreshFlow e\u0161te dnes!<\/span><\/h2>\n<p><span style=\"color: #362c6e\"><\/span><\/p>\n<p style=\"text-align: center\"><span style=\"font-weight: 400;color: #ffffff\">Na 30 dn\u00ed zadarmo<\/span><\/p>\n<p style=\"text-align: center\"><span style=\"font-weight: 400;color: #ffffff\">Bez zad\u00e1vania platobnej karty<\/span><span style=\"font-weight: 400;color: #362c6e\"><\/span><\/p>\n<p><span style=\"color: #ffffff\"><\/span><\/p>\n<p>[\/et_pb_text][dipl_button buttons_alignment=&#8220;center&#8220; _builder_version=&#8220;4.27.5&#8243; _module_preset=&#8220;default&#8220; global_colors_info=&#8220;{}&#8220;][dipl_button_item button_text=&#8220;Za\u010da\u0165 zadarmo&#8220; button_url=&#8220;https:\/\/app.freshflow.sk\/signup&#8220; url_new_window=&#8220;on&#8220; button_bg_color=&#8220;#36baf0&#8243; button_custom_margin=&#8220;|||0px|false|false&#8220; button_custom_padding=&#8220;5px|30px|5px|30px|false|false&#8220; _builder_version=&#8220;4.27.5&#8243; _module_preset=&#8220;default&#8220; button_font=&#8220;Poppins||||||||&#8220; button_text_color=&#8220;#FFFFFF&#8220; button_font_size=&#8220;25px&#8220; button_line_height=&#8220;1.5em&#8220; text_orientation=&#8220;center&#8220; border_radii=&#8220;on|50px|50px|50px|50px&#8220; global_colors_info=&#8220;{}&#8220;][\/dipl_button_item][\/dipl_button][\/et_pb_column][\/et_pb_row][\/et_pb_section]<\/p>\n","protected":false},"excerpt":{"rendered":"<p><div class=\"et_pb_module dipl_double_color_heading dipl_double_color_heading_0 \">\n\t\t\t\t\n\t\t\t\t\n\t\t\t\t\n\t\t\t\t\n\t\t\t\t\n\t\t\t\t\n\t\t\t\t<div class=\"et_pb_module_inner\">\n\t\t\t\t\t<div class=\"dipl_text_wrapper\"><h1><span class=\"dipl_text_stack dipl_main_text_stack\"><span class=\"dipl_main_text\">Overen\u00fd syst\u00e9m a dlhoro\u010dn\u00e9 sk\u00fasenosti<\/span><\/span><span class=\"dipl_text_stack dipl_post_text_stack\"><span class=\"dipl_post_text\">FreshFlow rozv\u00edjame od roku 2012 a vyu\u017e\u00edvaj\u00fa ho tis\u00edce pou\u017e\u00edvate\u013eov<\/span><\/span><\/h1><\/div>\n\t\t\t\t<\/div>\n\t\t\t<\/div>Rie\u0161enie overen\u00e9 rokmi a pou\u017e\u00edvate\u013emiFreshFlow sme za\u010dali vyv\u00edja\u0165 v roku 2012 ako rie\u0161enie na riadenie aktiv\u00edt t\u00edmov v oblastiach financi\u00ed a pois\u0165ovn\u00edctva. Po pandemick\u00fdch rokoch, ke\u010f [&hellip;]<\/p>\n","protected":false},"author":5,"featured_media":0,"parent":0,"menu_order":0,"comment_status":"closed","ping_status":"closed","template":"","meta":{"_et_pb_use_builder":"on","_et_pb_old_content":"","_et_gb_content_width":"","footnotes":""},"class_list":["post-226877","page","type-page","status-publish","hentry"],"_links":{"self":[{"href":"https:\/\/freshflow.app\/sk\/wp-json\/wp\/v2\/pages\/226877","targetHints":{"allow":["GET"]}}],"collection":[{"href":"https:\/\/freshflow.app\/sk\/wp-json\/wp\/v2\/pages"}],"about":[{"href":"https:\/\/freshflow.app\/sk\/wp-json\/wp\/v2\/types\/page"}],"author":[{"embeddable":true,"href":"https:\/\/freshflow.app\/sk\/wp-json\/wp\/v2\/users\/5"}],"replies":[{"embeddable":true,"href":"https:\/\/freshflow.app\/sk\/wp-json\/wp\/v2\/comments?post=226877"}],"version-history":[{"count":13,"href":"https:\/\/freshflow.app\/sk\/wp-json\/wp\/v2\/pages\/226877\/revisions"}],"predecessor-version":[{"id":228920,"href":"https:\/\/freshflow.app\/sk\/wp-json\/wp\/v2\/pages\/226877\/revisions\/228920"}],"wp:attachment":[{"href":"https:\/\/freshflow.app\/sk\/wp-json\/wp\/v2\/media?parent=226877"}],"curies":[{"name":"wp","href":"https:\/\/api.w.org\/{rel}","templated":true}]}}