{"id":226871,"date":"2024-11-01T12:22:28","date_gmt":"2024-11-01T11:22:28","guid":{"rendered":"https:\/\/freshflow.cz\/dakujem\/"},"modified":"2025-12-31T17:24:27","modified_gmt":"2025-12-31T16:24:27","slug":"dakujem","status":"publish","type":"page","link":"https:\/\/freshflow.app\/sk\/dakujem\/","title":{"rendered":"\u010eakujeme"},"content":{"rendered":"<p>[et_pb_section fb_built=&#8220;1&#8243; _builder_version=&#8220;4.16&#8243; _module_preset=&#8220;default&#8220; background_color=&#8220;#ffffff&#8220; custom_padding=&#8220;||30px|||&#8220; global_colors_info=&#8220;{}&#8220;][et_pb_row _builder_version=&#8220;4.16&#8243; _module_preset=&#8220;default&#8220; global_colors_info=&#8220;{}&#8220;][et_pb_column type=&#8220;4_4&#8243; _builder_version=&#8220;4.16&#8243; _module_preset=&#8220;default&#8220; global_colors_info=&#8220;{}&#8220;][et_pb_text _builder_version=&#8220;4.27.5&#8243; _module_preset=&#8220;default&#8220; header_2_font=&#8220;Poppins|300|||||||&#8220; header_2_font_size=&#8220;45px&#8220; header_2_letter_spacing=&#8220;-0.03em&#8220; header_2_line_height=&#8220;1.4em&#8220; global_colors_info=&#8220;{}&#8220;]<\/p>\n<h2 style=\"text-align: center\">\u010eakujeme za z\u00e1ujem.<\/h2>\n<h2 style=\"text-align: center\">Budeme V\u00e1s obratom kontaktova\u0165.<\/h2>\n<p>[\/et_pb_text][et_pb_text _builder_version=&#8220;4.27.0&#8243; _module_preset=&#8220;default&#8220; text_font_size=&#8220;20px&#8220; header_2_font=&#8220;Poppins|300|||||||&#8220; header_2_font_size=&#8220;45px&#8220; header_2_letter_spacing=&#8220;-0.03em&#8220; header_2_line_height=&#8220;1.4em&#8220; global_colors_info=&#8220;{}&#8220;]<\/p>\n<p style=\"text-align: center\">E\u0161te ste FreshFlow nevysk\u00fa\u0161ali?<\/p>\n<p style=\"text-align: center\">Je to jednoduch\u00e9. Sta\u010d\u00ed zada\u0165 e-mail: <\/p>\n<p style=\"text-align: center\">[\/et_pb_text][et_pb_button button_url=&#8220;https:\/\/app.freshflow.cz\/signup&#8220; button_text=&#8220;Za\u010da\u0165 zadarmo&#8220; button_alignment=&#8220;center&#8220; _builder_version=&#8220;4.27.0&#8243; _module_preset=&#8220;default&#8220; global_colors_info=&#8220;{}&#8220;][\/et_pb_button][\/et_pb_column][\/et_pb_row][\/et_pb_section]<\/p>\n","protected":false},"excerpt":{"rendered":"<p>\u010eakujeme za z\u00e1ujem. Budeme V\u00e1s obratom kontaktova\u0165.E\u0161te ste FreshFlow nevysk\u00fa\u0161ali? Je to jednoduch\u00e9. Sta\u010d\u00ed zada\u0165 e-mail:<\/p>\n","protected":false},"author":5,"featured_media":0,"parent":0,"menu_order":0,"comment_status":"closed","ping_status":"closed","template":"","meta":{"_et_pb_use_builder":"on","_et_pb_old_content":"","_et_gb_content_width":"","footnotes":""},"class_list":["post-226871","page","type-page","status-publish","hentry"],"_links":{"self":[{"href":"https:\/\/freshflow.app\/sk\/wp-json\/wp\/v2\/pages\/226871","targetHints":{"allow":["GET"]}}],"collection":[{"href":"https:\/\/freshflow.app\/sk\/wp-json\/wp\/v2\/pages"}],"about":[{"href":"https:\/\/freshflow.app\/sk\/wp-json\/wp\/v2\/types\/page"}],"author":[{"embeddable":true,"href":"https:\/\/freshflow.app\/sk\/wp-json\/wp\/v2\/users\/5"}],"replies":[{"embeddable":true,"href":"https:\/\/freshflow.app\/sk\/wp-json\/wp\/v2\/comments?post=226871"}],"version-history":[{"count":10,"href":"https:\/\/freshflow.app\/sk\/wp-json\/wp\/v2\/pages\/226871\/revisions"}],"predecessor-version":[{"id":228807,"href":"https:\/\/freshflow.app\/sk\/wp-json\/wp\/v2\/pages\/226871\/revisions\/228807"}],"wp:attachment":[{"href":"https:\/\/freshflow.app\/sk\/wp-json\/wp\/v2\/media?parent=226871"}],"curies":[{"name":"wp","href":"https:\/\/api.w.org\/{rel}","templated":true}]}}