{"id":228773,"date":"2024-11-01T12:22:28","date_gmt":"2024-11-01T11:22:28","guid":{"rendered":"https:\/\/freshflow.cz\/va-multumim\/"},"modified":"2025-12-31T17:21:26","modified_gmt":"2025-12-31T16:21:26","slug":"va-multumim","status":"publish","type":"page","link":"https:\/\/freshflow.app\/ro\/va-multumim\/","title":{"rendered":"V\u0103 mul\u021bumim"},"content":{"rendered":"<p>[et_pb_section fb_built=&#8221;1&#8243; _builder_version=&#8221;4.16&#8243; _module_preset=&#8221;default&#8221; background_color=&#8221;#ffffff&#8221; custom_padding=&#8221;||30px|||&#8221; global_colors_info=&#8221;{}&#8221;][et_pb_row _builder_version=&#8221;4.16&#8243; _module_preset=&#8221;default&#8221; global_colors_info=&#8221;{}&#8221;][et_pb_column type=&#8221;4_4&#8243; _builder_version=&#8221;4.16&#8243; _module_preset=&#8221;default&#8221; global_colors_info=&#8221;{}&#8221;][et_pb_text _builder_version=&#8221;4.27.5&#8243; _module_preset=&#8221;default&#8221; header_2_font=&#8221;Poppins|300|||||||&#8221; header_2_font_size=&#8221;45px&#8221; header_2_letter_spacing=&#8221;-0.03em&#8221; header_2_line_height=&#8221;1.4em&#8221; hover_enabled=&#8221;0&#8243; global_colors_info=&#8221;{}&#8221; sticky_enabled=&#8221;0&#8243; custom_margin=&#8221;||0px|||&#8221;]<\/p>\n<h2 style=\"text-align: center\">V\u0103 mul\u021bumim pentru interesul acordat.<\/h2>\n<h2 style=\"text-align: center\">Vom reveni \u00een scurt timp.<\/h2>\n<p>&nbsp;<\/p>\n<p>[\/et_pb_text][et_pb_text _builder_version=&#8221;4.27.0&#8243; _module_preset=&#8221;default&#8221; text_font_size=&#8221;20px&#8221; header_2_font=&#8221;Poppins|300|||||||&#8221; header_2_font_size=&#8221;45px&#8221; header_2_letter_spacing=&#8221;-0.03em&#8221; header_2_line_height=&#8221;1.4em&#8221; global_colors_info=&#8221;{}&#8221;]<\/p>\n<p style=\"text-align: center\">Nu a\u021bi \u00eencercat \u00eenc\u0103 FreshFlow?<\/p>\n<p style=\"text-align: center\">Este u\u0219or. Introduce\u021bi adresa dumneavoastr\u0103 de e-mail: <\/p>\n<p style=\"text-align: center\">\n<p>[\/et_pb_text][et_pb_button button_url=&#8221;https:\/\/app.freshflow.cz\/signup&#8221; button_text=&#8221;\u00cencepe\u021bi gratuit&#8221; button_alignment=&#8221;center&#8221; _builder_version=&#8221;4.27.5&#8243; _module_preset=&#8221;default&#8221; hover_enabled=&#8221;0&#8243; global_colors_info=&#8221;{}&#8221; sticky_enabled=&#8221;0&#8243;][\/et_pb_button][\/et_pb_column][\/et_pb_row][\/et_pb_section]<\/p>\n","protected":false},"excerpt":{"rendered":"<p>V\u0103 mul\u021bumim pentru interesul acordat. Vom reveni \u00een scurt timp. &nbsp;Nu a\u021bi \u00eencercat \u00eenc\u0103 FreshFlow? Este u\u0219or. Introduce\u021bi adresa dumneavoastr\u0103 de e-mail:<\/p>\n","protected":false},"author":5,"featured_media":0,"parent":0,"menu_order":0,"comment_status":"closed","ping_status":"closed","template":"","meta":{"_et_pb_use_builder":"on","_et_pb_old_content":"","_et_gb_content_width":"","footnotes":""},"class_list":["post-228773","page","type-page","status-publish","hentry"],"_links":{"self":[{"href":"https:\/\/freshflow.app\/ro\/wp-json\/wp\/v2\/pages\/228773","targetHints":{"allow":["GET"]}}],"collection":[{"href":"https:\/\/freshflow.app\/ro\/wp-json\/wp\/v2\/pages"}],"about":[{"href":"https:\/\/freshflow.app\/ro\/wp-json\/wp\/v2\/types\/page"}],"author":[{"embeddable":true,"href":"https:\/\/freshflow.app\/ro\/wp-json\/wp\/v2\/users\/5"}],"replies":[{"embeddable":true,"href":"https:\/\/freshflow.app\/ro\/wp-json\/wp\/v2\/comments?post=228773"}],"version-history":[{"count":8,"href":"https:\/\/freshflow.app\/ro\/wp-json\/wp\/v2\/pages\/228773\/revisions"}],"predecessor-version":[{"id":228801,"href":"https:\/\/freshflow.app\/ro\/wp-json\/wp\/v2\/pages\/228773\/revisions\/228801"}],"wp:attachment":[{"href":"https:\/\/freshflow.app\/ro\/wp-json\/wp\/v2\/media?parent=228773"}],"curies":[{"name":"wp","href":"https:\/\/api.w.org\/{rel}","templated":true}]}}