{"id":228972,"date":"2022-03-13T00:06:23","date_gmt":"2022-03-12T23:06:23","guid":{"rendered":"https:\/\/freshflow.app\/na-telefony\/"},"modified":"2026-04-01T23:43:59","modified_gmt":"2026-04-01T22:43:59","slug":"na-telefony","status":"publish","type":"page","link":"https:\/\/freshflow.app\/pl\/na-telefony\/","title":{"rendered":"Na telefony"},"content":{"rendered":"<p>[et_pb_section fb_built=&#8221;1&#8243; next_background_color=&#8221;#ffffff&#8221; _builder_version=&#8221;4.16&#8243; _module_preset=&#8221;default&#8221; background_color=&#8221;#362c6e&#8221; custom_padding=&#8221;||150px||false|false&#8221; bottom_divider_style=&#8221;wave&#8221; global_colors_info=&#8221;{}&#8221;][et_pb_row _builder_version=&#8221;4.27.0&#8243; _module_preset=&#8221;default&#8221; custom_padding=&#8221;9px||15px||false|false&#8221; global_colors_info=&#8221;{}&#8221;][et_pb_column type=&#8221;4_4&#8243; _builder_version=&#8221;4.16&#8243; _module_preset=&#8221;default&#8221; global_colors_info=&#8221;{}&#8221;][et_pb_text _builder_version=&#8221;4.27.5&#8243; _module_preset=&#8221;default&#8221; header_font=&#8221;Poppins|700|||||||&#8221; header_text_color=&#8221;#FFFFFF&#8221; header_font_size=&#8221;50px&#8221; header_line_height=&#8221;1.3em&#8221; z_index=&#8221;0&#8243; custom_margin=&#8221;||2px|||&#8221; custom_padding=&#8221;0px||0px|0px|true|false&#8221; global_colors_info=&#8221;{}&#8221;]<\/p>\n<h1 style=\"text-align: center\"><strong data-start=\"958\" data-end=\"1015\">Twoje konto jest gotowe. <\/strong><\/h1>\n<h1 style=\"text-align: center\"><strong data-start=\"958\" data-end=\"1015\">Kontynuuj w aplikacji mobilnej.<\/strong><\/h1>\n<p><span style=\"font-size: 50px\"><\/span><\/p>\n<p>&nbsp;<\/p>\n<p>[\/et_pb_text][et_pb_text _builder_version=&#8221;4.27.5&#8243; _module_preset=&#8221;default&#8221; text_text_color=&#8221;#959baf&#8221; header_2_font=&#8221;Poppins||||||||&#8221; header_2_text_color=&#8221;#959baf&#8221; header_2_line_height=&#8221;1.2em&#8221; header_3_text_color=&#8221;rgba(255,255,255,0.7)&#8221; header_3_line_height=&#8221;1.6em&#8221; custom_padding=&#8221;||9px|||&#8221; global_colors_info=&#8221;{}&#8221;]<\/p>\n<h3 style=\"text-align: center\"><\/h3>\n<h3 data-start=\"958\" data-end=\"1076\" style=\"text-align: center\">System FreshFlow jest dost\u0119pny w telefonie tylko przez nasz\u0105 aplikacj\u0119.<\/h3>\n<p>[\/et_pb_text][et_pb_text _builder_version=&#8221;4.27.5&#8243; _module_preset=&#8221;default&#8221; text_text_color=&#8221;#959baf&#8221; header_2_font=&#8221;Poppins||||||||&#8221; header_2_text_color=&#8221;#959baf&#8221; header_2_line_height=&#8221;1.2em&#8221; header_3_text_color=&#8221;rgba(255,255,255,0.7)&#8221; header_3_line_height=&#8221;1.6em&#8221; min_height=&#8221;35.8px&#8221; custom_margin=&#8221;-34px|||||&#8221; custom_padding=&#8221;||1px|||&#8221; global_colors_info=&#8221;{}&#8221;]<\/p>\n<h3 data-start=\"599\" data-end=\"693\" style=\"text-align: center\">Pobierz j\u0105 za darmo w App Store lub Google Play, albo zaloguj si\u0119 z laptopa, tabletu czy komputera.<\/h3>\n<p>&nbsp;<\/p>\n<p>[\/et_pb_text][\/et_pb_column][\/et_pb_row][et_pb_row _builder_version=&#8221;4.26.1&#8243; _module_preset=&#8221;default&#8221; width=&#8221;50%&#8221; width_tablet=&#8221;60%&#8221; width_phone=&#8221;50%&#8221; width_last_edited=&#8221;on|phone&#8221; max_width=&#8221;400px&#8221; global_colors_info=&#8221;{}&#8221;][et_pb_column type=&#8221;4_4&#8243; _builder_version=&#8221;4.26.1&#8243; _module_preset=&#8221;default&#8221; custom_css_main_element=&#8221;display: flex;&#8221; global_colors_info=&#8221;{}&#8221; custom_css_main_element_last_edited=&#8221;on|phone&#8221; custom_css_main_element_phone=&#8221;display: flex;||flex-direction: column;&#8221; custom_css_main_element_tablet=&#8221;display: flex;&#8221;][et_pb_image src=&#8221;https:\/\/freshflow.app\/wp-content\/uploads\/2024\/07\/AppStore.webp&#8221; title_text=&#8221;AppStore&#8221; url=&#8221;https:\/\/apps.apple.com\/cz\/app\/freshflow\/id1488300896&#8243; url_new_window=&#8221;on&#8221; _builder_version=&#8221;4.26.1&#8243; _module_preset=&#8221;default&#8221; custom_margin=&#8221;|10px||10px|false|true&#8221; global_colors_info=&#8221;{}&#8221; transform_styles__hover_enabled=&#8221;on|desktop&#8221; transform_scale__hover_enabled=&#8221;on|desktop&#8221; transform_translate__hover_enabled=&#8221;on|desktop&#8221; transform_rotate__hover_enabled=&#8221;on|desktop&#8221; transform_skew__hover_enabled=&#8221;on|desktop&#8221; transform_origin__hover_enabled=&#8221;on|desktop&#8221; transform_scale__hover=&#8221;95%|95%&#8221;][\/et_pb_image][et_pb_image src=&#8221;https:\/\/freshflow.app\/wp-content\/uploads\/2024\/07\/GooglePlay.webp&#8221; title_text=&#8221;GooglePlay&#8221; url=&#8221;https:\/\/play.google.com\/store\/apps\/details?id=cz.freshflow.app.ff&amp;hl=en_US&#8221; url_new_window=&#8221;on&#8221; _builder_version=&#8221;4.26.1&#8243; _module_preset=&#8221;default&#8221; custom_margin=&#8221;|10px||10px|false|true&#8221; global_colors_info=&#8221;{}&#8221; transform_styles__hover_enabled=&#8221;on|desktop&#8221; transform_scale__hover_enabled=&#8221;on|desktop&#8221; transform_translate__hover_enabled=&#8221;on|desktop&#8221; transform_rotate__hover_enabled=&#8221;on|desktop&#8221; transform_skew__hover_enabled=&#8221;on|desktop&#8221; transform_origin__hover_enabled=&#8221;on|desktop&#8221; transform_scale__hover=&#8221;95%|95%&#8221;][\/et_pb_image][\/et_pb_column][\/et_pb_row][\/et_pb_section][et_pb_section fb_built=&#8221;1&#8243; _builder_version=&#8221;4.26.0&#8243; _module_preset=&#8221;default&#8221; global_colors_info=&#8221;{}&#8221;][et_pb_row _builder_version=&#8221;4.26.0&#8243; _module_preset=&#8221;default&#8221; global_colors_info=&#8221;{}&#8221;][et_pb_column type=&#8221;4_4&#8243; _builder_version=&#8221;4.26.0&#8243; _module_preset=&#8221;default&#8221; global_colors_info=&#8221;{}&#8221;][et_pb_heading title=&#8221;Aplikacj\u0119 webow\u0105 FreshFlow znajdziesz pod domen\u0105&#8221; _builder_version=&#8221;4.26.0&#8243; _module_preset=&#8221;default&#8221; title_text_align=&#8221;center&#8221; global_colors_info=&#8221;{}&#8221;][\/et_pb_heading][et_pb_heading title=&#8221;app.freshflow.cz&#8221; _builder_version=&#8221;4.27.5&#8243; _module_preset=&#8221;default&#8221; title_font=&#8221;||||on||||&#8221; title_text_align=&#8221;center&#8221; title_text_color=&#8221;#362C6E&#8221; global_colors_info=&#8221;{}&#8221;][\/et_pb_heading][et_pb_text _builder_version=&#8221;4.27.5&#8243; _module_preset=&#8221;default&#8221; global_colors_info=&#8221;{}&#8221;]<\/p>\n<h3 data-start=\"498\" data-end=\"574\" style=\"text-align: center\">U\u017cyj wybranych przez siebie danych logowania zar\u00f3wno w aplikacji mobilnej, jak i w wersji webowej<\/h3>\n<p>[\/et_pb_text][\/et_pb_column][\/et_pb_row][\/et_pb_section]<\/p>\n","protected":false},"excerpt":{"rendered":"<p>Twoje konto jest gotowe. Kontynuuj w aplikacji mobilnej. &nbsp; System FreshFlow jest dost\u0119pny w telefonie tylko przez nasz\u0105 aplikacj\u0119.Pobierz j\u0105 za darmo w App Store lub Google Play, albo zaloguj si\u0119 z laptopa, tabletu czy komputera. &nbsp;U\u017cyj wybranych przez siebie danych logowania zar\u00f3wno w aplikacji mobilnej, jak i w wersji webowej<\/p>\n","protected":false},"author":2,"featured_media":0,"parent":0,"menu_order":0,"comment_status":"closed","ping_status":"closed","template":"","meta":{"_et_pb_use_builder":"on","_et_pb_old_content":"","_et_gb_content_width":"","footnotes":""},"class_list":["post-228972","page","type-page","status-publish","hentry"],"_links":{"self":[{"href":"https:\/\/freshflow.app\/pl\/wp-json\/wp\/v2\/pages\/228972","targetHints":{"allow":["GET"]}}],"collection":[{"href":"https:\/\/freshflow.app\/pl\/wp-json\/wp\/v2\/pages"}],"about":[{"href":"https:\/\/freshflow.app\/pl\/wp-json\/wp\/v2\/types\/page"}],"author":[{"embeddable":true,"href":"https:\/\/freshflow.app\/pl\/wp-json\/wp\/v2\/users\/2"}],"replies":[{"embeddable":true,"href":"https:\/\/freshflow.app\/pl\/wp-json\/wp\/v2\/comments?post=228972"}],"version-history":[{"count":4,"href":"https:\/\/freshflow.app\/pl\/wp-json\/wp\/v2\/pages\/228972\/revisions"}],"predecessor-version":[{"id":229645,"href":"https:\/\/freshflow.app\/pl\/wp-json\/wp\/v2\/pages\/228972\/revisions\/229645"}],"wp:attachment":[{"href":"https:\/\/freshflow.app\/pl\/wp-json\/wp\/v2\/media?parent=228972"}],"curies":[{"name":"wp","href":"https:\/\/api.w.org\/{rel}","templated":true}]}}