{"id":228718,"date":"2024-11-22T09:52:37","date_gmt":"2024-11-22T08:52:37","guid":{"rendered":"https:\/\/freshflow.cz\/e-maile\/"},"modified":"2025-12-31T17:06:45","modified_gmt":"2025-12-31T16:06:45","slug":"e-maile","status":"publish","type":"page","link":"https:\/\/freshflow.app\/pl\/e-maile\/","title":{"rendered":"E-maile"},"content":{"rendered":"<p>[et_pb_section fb_built=&#8221;1&#8243; next_background_color=&#8221;#ffffff&#8221; _builder_version=&#8221;4.27.0&#8243; _module_preset=&#8221;default&#8221; background_color=&#8221;#362C6E&#8221; use_background_color_gradient=&#8221;on&#8221; background_color_gradient_type=&#8221;elliptical&#8221; background_color_gradient_direction_radial=&#8221;bottom&#8221; background_color_gradient_stops=&#8221;#6a4ebf 0%|#200059 76%&#8221; custom_padding=&#8221;||226px||false|false&#8221; bottom_divider_style=&#8221;wave&#8221; bottom_divider_height=&#8221;160px&#8221; global_colors_info=&#8221;{}&#8221;][et_pb_row _builder_version=&#8221;4.16&#8243; _module_preset=&#8221;default&#8221; global_colors_info=&#8221;{}&#8221;][et_pb_column type=&#8221;4_4&#8243; _builder_version=&#8221;4.16&#8243; _module_preset=&#8221;default&#8221; global_colors_info=&#8221;{}&#8221;][dipl_double_color_heading heading_main_part=&#8221;Do\u0142\u0105czaj emaile do karty kontaktu&#8221; heading_post_part=&#8221;Zapewnij ca\u0142emu zespo\u0142owi pe\u0142ny wgl\u0105d w komunikacj\u0119 z klientami&#8221; display_in_stack=&#8221;on&#8221; _builder_version=&#8221;4.27.5&#8243; _module_preset=&#8221;default&#8221; global_heading_settings_level=&#8221;h1&#8243; main_header_font=&#8221;|600|||||||&#8221; main_header_text_align=&#8221;center&#8221; main_header_text_color=&#8221;#FFFFFF&#8221; main_header_font_size=&#8221;50px&#8221; post_header_text_align=&#8221;center&#8221; post_header_text_color=&#8221;#B48EFF&#8221; main_header_font_size_tablet=&#8221;50px&#8221; main_header_font_size_phone=&#8221;42px&#8221; main_header_font_size_last_edited=&#8221;on|desktop&#8221; global_colors_info=&#8221;{}&#8221;][\/dipl_double_color_heading][\/et_pb_column][\/et_pb_row][et_pb_row _builder_version=&#8221;4.27.0&#8243; _module_preset=&#8221;default&#8221; max_width=&#8221;700px&#8221; custom_margin=&#8221;0px||-280px||false|false&#8221; custom_padding=&#8221;0px||||false|false&#8221; global_colors_info=&#8221;{}&#8221;][et_pb_column type=&#8221;4_4&#8243; _builder_version=&#8221;4.16&#8243; _module_preset=&#8221;default&#8221; global_colors_info=&#8221;{}&#8221;][et_pb_image src=&#8221;https:\/\/freshflow.app\/wp-content\/uploads\/2025\/12\/Emaily-u-kontaktu-ve-FreshFlow-scaled.webp&#8221; alt=&#8221;Kalendarz Calendee&#8221; title_text=&#8221;E-maile przy kontakcie w FreshFlow&#8221; _builder_version=&#8221;4.27.4&#8243; _module_preset=&#8221;default&#8221; width=&#8221;100%&#8221; max_width=&#8221;100%&#8221; custom_margin=&#8221;-23px|||||&#8221; custom_padding=&#8221;18px|||||&#8221; global_colors_info=&#8221;{}&#8221;][\/et_pb_image][\/et_pb_column][\/et_pb_row][\/et_pb_section][et_pb_section fb_built=&#8221;1&#8243; _builder_version=&#8221;4.27.0&#8243; _module_preset=&#8221;default&#8221; custom_margin=&#8221;100px||-4px||false|false&#8221; custom_padding=&#8221;4px||0px|||&#8221; global_colors_info=&#8221;{}&#8221;][et_pb_row column_structure=&#8221;2_5,3_5&#8243; admin_label=&#8221;Wiersz&#8221; _builder_version=&#8221;4.27.0&#8243; _module_preset=&#8221;default&#8221; global_colors_info=&#8221;{}&#8221;][et_pb_column type=&#8221;2_5&#8243; admin_label=&#8221;Kolumna&#8221; _builder_version=&#8221;4.16&#8243; _module_preset=&#8221;default&#8221; global_colors_info=&#8221;{}&#8221;][et_pb_text _builder_version=&#8221;4.27.0&#8243; _module_preset=&#8221;default&#8221; header_2_font=&#8221;Poppins|300|||||||&#8221; header_2_font_size=&#8221;45px&#8221; header_2_letter_spacing=&#8221;-0.03em&#8221; header_2_line_height=&#8221;1.4em&#8221; global_colors_info=&#8221;{}&#8221;]<\/p>\n<h2>Przegl\u0105d i nadz\u00f3r nad komunikacj\u0105 dla ka\u017cdego w firmie<\/h2>\n<p>[\/et_pb_text][\/et_pb_column][et_pb_column type=&#8221;3_5&#8243; admin_label=&#8221;Kolumna&#8221; _builder_version=&#8221;4.16&#8243; _module_preset=&#8221;default&#8221; global_colors_info=&#8221;{}&#8221;][et_pb_text _builder_version=&#8221;4.27.4&#8243; _module_preset=&#8221;41069f61-2b18-434f-a283-a6df4356979c&#8221; text_text_color=&#8221;#000000&#8243; global_colors_info=&#8221;{}&#8221;]<\/p>\n<p>W FreshFlow masz mo\u017cliwo\u015b\u0107 pod\u0142\u0105czenia swojej skrzynki e-mail i przypisywania wys\u0142anych lub otrzymanych e-maili od klient\u00f3w do ich &#8222;karty&#8221;. Czyli do przestrzeni, kt\u00f3ra s\u0142u\u017cy Tobie i Twojemu zespo\u0142owi do ca\u0142ej historii relacji z klientami oraz ewidencji danych, notatek czy dokument\u00f3w. <\/p>\n<p>Dzi\u0119ki temu, \u017ce b\u0119dziesz mie\u0107 e-maile zarejestrowane w karcie danego klienta, ka\u017cdy z zespo\u0142u uzyska przegl\u0105d komunikacji z tym konkretnym klientem. Bez skomplikowanego przekazywania czy wyszukiwania ka\u017cdy zobaczy, co by\u0142o omawiane z klientem i co zosta\u0142o ustalone.  <\/p>\n<p>Jako mened\u017cer r\u00f3wnie\u017c uzyskasz przegl\u0105d ca\u0142ej komunikacji e-mailowej swoich sprzedawc\u00f3w.<\/p>\n<p>[\/et_pb_text][et_pb_button button_url=&#8221;https:\/\/app.freshflow.cz\/signup&#8221; url_new_window=&#8221;on&#8221; button_text=&#8221;Wypr\u00f3buj za darmo przez 30 dni&#8221; button_alignment_tablet=&#8221;center&#8221; _builder_version=&#8221;4.27.4&#8243; _module_preset=&#8221;default&#8221; custom_margin=&#8221;30px|||0px|false|false&#8221; button_text_size_tablet=&#8221;&#8221; button_text_size_phone=&#8221;19px&#8221; button_text_size_last_edited=&#8221;on|tablet&#8221; locked=&#8221;off&#8221; global_colors_info=&#8221;{}&#8221;][\/et_pb_button][\/et_pb_column][\/et_pb_row][et_pb_row _builder_version=&#8221;4.27.0&#8243; _module_preset=&#8221;default&#8221; global_colors_info=&#8221;{}&#8221;][et_pb_column type=&#8221;4_4&#8243; _builder_version=&#8221;4.27.0&#8243; _module_preset=&#8221;default&#8221; global_colors_info=&#8221;{}&#8221;][et_pb_text _builder_version=&#8221;4.27.0&#8243; _module_preset=&#8221;default&#8221; text_text_color=&#8221;#FFFFFF&#8221; text_font_size=&#8221;26px&#8221; text_letter_spacing=&#8221;-0.02em&#8221; header_2_font_size=&#8221;40px&#8221; header_2_letter_spacing=&#8221;-0.03em&#8221; header_2_line_height=&#8221;1.4em&#8221; header_3_font=&#8221;||||||||&#8221; header_3_text_color=&#8221;#B48EFF&#8221; header_3_font_size=&#8221;42px&#8221; use_background_color_gradient=&#8221;on&#8221; background_color_gradient_direction=&#8221;184deg&#8221; background_color_gradient_stops=&#8221;#362c6e 0%|#7c3aff 100%&#8221; text_orientation=&#8221;center&#8221; custom_margin=&#8221;30px||0px||false|false&#8221; custom_padding=&#8221;30px|30px|60px|30px|false|true&#8221; border_color_all=&#8221;gcid-233046a5-423f-4c3f-9355-aee0ecea71c5&#8243; global_colors_info=&#8221;{%22gcid-10b84f60-3fea-4fe1-87ac-7219a547183e%22:%91%22header_text_color%22,%22header_text_color%22,%22header_text_color%22%93,%22gcid-233046a5-423f-4c3f-9355-aee0ecea71c5%22:%91%22border_color_all%22%93}&#8221;]<\/p>\n<h3>Ca\u0142a komunikacja b\u0119dzie w jednym miejscu<\/h3>\n<p>Koniec z niepe\u0142nymi informacjami czy ich trzymaniem w jednej skrzynce e-mail<\/p>\n<p>[\/et_pb_text][et_pb_icon font_icon=&#8221;&#xe044;||divi||400&#8243; icon_color=&#8221;#362C6E&#8221; _builder_version=&#8221;4.27.0&#8243; _module_preset=&#8221;default&#8221; background_enable_color=&#8221;off&#8221; custom_margin=&#8221;-40px||||false|false&#8221; border_radii=&#8221;on|100px|100px|100px|100px&#8221; global_colors_info=&#8221;{}&#8221;][\/et_pb_icon][\/et_pb_column][\/et_pb_row][\/et_pb_section][et_pb_section fb_built=&#8221;1&#8243; _builder_version=&#8221;4.27.0&#8243; _module_preset=&#8221;default&#8221; custom_margin=&#8221;-6px||||false|false&#8221; custom_padding=&#8221;35px||0px||false|false&#8221; global_colors_info=&#8221;{}&#8221;][et_pb_row admin_label=&#8221;Wiersz&#8221; _builder_version=&#8221;4.16&#8243; _module_preset=&#8221;default&#8221; custom_padding=&#8221;||0px|||&#8221; global_colors_info=&#8221;{}&#8221;][et_pb_column type=&#8221;4_4&#8243; admin_label=&#8221;Kolumna&#8221; _builder_version=&#8221;4.16&#8243; _module_preset=&#8221;default&#8221; global_colors_info=&#8221;{}&#8221;][et_pb_text _builder_version=&#8221;4.27.0&#8243; _module_preset=&#8221;default&#8221; header_2_font=&#8221;Poppins|300|||||||&#8221; header_2_font_size=&#8221;45px&#8221; header_2_letter_spacing=&#8221;-0.03em&#8221; header_2_line_height=&#8221;1.4em&#8221; global_colors_info=&#8221;{}&#8221;]<\/p>\n<h2 style=\"text-align: center\">R\u00f3\u017cne mo\u017cliwo\u015bci przypisywania e-maili do karty kontaktu<\/h2>\n<p>[\/et_pb_text][\/et_pb_column][\/et_pb_row][\/et_pb_section][et_pb_section fb_built=&#8221;1&#8243; specialty=&#8221;on&#8221; module_class_1=&#8221;column-1&#8243; module_class_2=&#8221;column-2&#8243; _builder_version=&#8221;4.27.0&#8243; inner_width=&#8221;80%&#8221; custom_padding=&#8221;0px|||||&#8221; custom_css_main_element=&#8221;display:flex;||flex-wrap:wrap;&#8221; custom_css_free_form=&#8221;selector .et_pb_row { display: flex; }||selector .column-2 { align-self: center; }||||@media only screen and ( max-width: 479px ) {||selector .et_pb_row { display: block; }||selector .column-2 { align-self: flex-start; }  ||}  &#8221; locked=&#8221;off&#8221; global_colors_info=&#8221;{}&#8221;][et_pb_column type=&#8221;1_2&#8243; specialty_columns=&#8221;2&#8243; _builder_version=&#8221;4.16&#8243; custom_padding=&#8221;|||&#8221; global_colors_info=&#8221;{}&#8221; custom_padding__hover=&#8221;|||&#8221;][et_pb_row_inner custom_padding_last_edited=&#8221;on|phone&#8221; admin_label=&#8221;Tab 1&#8243; module_class=&#8221;blurb-1&#8243; _builder_version=&#8221;4.27.0&#8243; custom_margin=&#8221;50px||20px||false|false&#8221; custom_padding=&#8221;20px|30px|20px|30px|true|true&#8221; custom_padding_tablet=&#8221;&#8221; custom_padding_phone=&#8221;10px||10px||true|true&#8221; custom_css_main_element=&#8221;cursor:pointer;||border-radius:5px;||transition:all .3s ease;&#8221; border_width_all=&#8221;1px&#8221; border_color_all=&#8221;#eeeeee&#8221; global_colors_info=&#8221;{}&#8221; border_color_all__hover=&#8221;#007bfc&#8221; border_color_all__hover_enabled=&#8221;off|hover&#8221; custom_css_main_element__hover_enabled=&#8221;on|desktop&#8221; custom_css_main_element__hover=&#8221;border-color:#007bfc !Important&#8221;][et_pb_column_inner saved_specialty_column_type=&#8221;1_2&#8243; _builder_version=&#8221;4.16&#8243; global_colors_info=&#8221;{}&#8221;][et_pb_blurb title=&#8221;Automatyczne parowanie z kart\u0105 kontaktu&#8221; use_icon=&#8221;on&#8221; font_icon=&#8221;&#xf0d0;||fa||900&#8243; icon_placement=&#8221;left&#8221; content_max_width_tablet=&#8221;1100px&#8221; content_max_width_phone=&#8221;&#8221; content_max_width_last_edited=&#8221;on|tablet&#8221; _builder_version=&#8221;4.27.4&#8243; header_font=&#8221;|700|||||||&#8221; header_font_size=&#8221;20px&#8221; custom_margin=&#8221;0px||0px||false|false&#8221; custom_padding=&#8221;0px||||false|false&#8221; animation=&#8221;off&#8221; header_font_size_tablet=&#8221;&#8221; header_font_size_phone=&#8221;17px&#8221; header_font_size_last_edited=&#8221;on|phone&#8221; custom_css_blurb_title=&#8221;margin-top:7px&#8221; border_width_top=&#8221;0px&#8221; locked=&#8221;off&#8221; global_colors_info=&#8221;{}&#8221;][\/et_pb_blurb][et_pb_text admin_label=&#8221;Text shows on click&#8221; module_class=&#8221;text-1&#8243; _builder_version=&#8221;4.27.0&#8243; text_line_height=&#8221;1.5em&#8221; custom_margin=&#8221;|||48px|false|false&#8221; custom_margin_tablet=&#8221;|||0px|false|false&#8221; custom_margin_phone=&#8221;&#8221; custom_margin_last_edited=&#8221;on|tablet&#8221; text_font_size_tablet=&#8221;&#8221; text_font_size_phone=&#8221;14px&#8221; text_font_size_last_edited=&#8221;on|phone&#8221; global_colors_info=&#8221;{}&#8221;]<\/p>\n<p><span style=\"font-weight: 400\">Mo\u017cliwo\u015bci\u0105 jest ustawienie automatycznego do\u0142\u0105czania z danego adresu e-mail otrzymanych i wys\u0142anych e-maili do karty kontaktu, z kt\u00f3r\u0105 wi\u0105\u017ce si\u0119 adres e-mail.<\/span><\/p>\n<p>[\/et_pb_text][\/et_pb_column_inner][\/et_pb_row_inner][et_pb_row_inner custom_padding_last_edited=&#8221;on|phone&#8221; admin_label=&#8221;Tab 2&#8243; module_class=&#8221;blurb-2&#8243; _builder_version=&#8221;4.16&#8243; custom_margin=&#8221;||20px||false|false&#8221; custom_padding=&#8221;20px|30px|20px|30px|true|true&#8221; custom_padding_tablet=&#8221;&#8221; custom_padding_phone=&#8221;10px||10px||true|true&#8221; custom_css_main_element=&#8221;cursor:pointer;||border-radius:5px;||transition:all .3s ease;&#8221; border_width_all=&#8221;1px&#8221; border_color_all=&#8221;#eeeeee&#8221; global_colors_info=&#8221;{}&#8221; border_color_all__hover=&#8221;#007bfc&#8221; border_color_all__hover_enabled=&#8221;on|hover&#8221; custom_css_main_element__hover=&#8221;border-color:#007bfc !Important&#8221; custom_css_main_element__hover_enabled=&#8221;on|desktop&#8221;][et_pb_column_inner saved_specialty_column_type=&#8221;1_2&#8243; _builder_version=&#8221;4.16&#8243; global_colors_info=&#8221;{}&#8221;][et_pb_blurb title=&#8221;Manualne parowanie z kart\u0105 kontaktu&#8221; use_icon=&#8221;on&#8221; font_icon=&#8221;&#xe037;||divi||400&#8243; icon_placement=&#8221;left&#8221; content_max_width_tablet=&#8221;1100px&#8221; content_max_width_phone=&#8221;&#8221; content_max_width_last_edited=&#8221;on|tablet&#8221; _builder_version=&#8221;4.27.4&#8243; header_font=&#8221;|700|||||||&#8221; header_font_size=&#8221;20px&#8221; custom_margin=&#8221;||0px||false|false&#8221; custom_padding=&#8221;0px||||false|false&#8221; animation=&#8221;off&#8221; header_font_size_tablet=&#8221;&#8221; header_font_size_phone=&#8221;17px&#8221; header_font_size_last_edited=&#8221;on|phone&#8221; custom_css_blurb_title=&#8221;margin-top:7px&#8221; border_width_top=&#8221;0px&#8221; locked=&#8221;off&#8221; global_colors_info=&#8221;{}&#8221;][\/et_pb_blurb][et_pb_text admin_label=&#8221;Text shows on click&#8221; module_class=&#8221;text-2&#8243; _builder_version=&#8221;4.27.0&#8243; text_line_height=&#8221;1.5em&#8221; custom_margin=&#8221;|||48px|false|false&#8221; custom_margin_tablet=&#8221;|||0px|false|false&#8221; custom_margin_phone=&#8221;&#8221; custom_margin_last_edited=&#8221;on|tablet&#8221; text_font_size_tablet=&#8221;&#8221; text_font_size_phone=&#8221;14px&#8221; text_font_size_last_edited=&#8221;on|phone&#8221; custom_css_before=&#8221;\/*content:%22%22;||border-bottom:5px solid #007bfc;||padding:20px 10px;||position:absolute;||top: -25px;||left: -50px;*\/&#8221; locked=&#8221;off&#8221; global_colors_info=&#8221;{}&#8221;]<\/p>\n<p><span style=\"font-weight: 400\">Bezpo\u015brednio przy otrzymanym lub wys\u0142anym e-mailu mo\u017cesz r\u0119cznie przypisa\u0107 dany e-mail do karty kontaktu.<\/span><\/p>\n<p>[\/et_pb_text][\/et_pb_column_inner][\/et_pb_row_inner][et_pb_row_inner custom_padding_last_edited=&#8221;on|phone&#8221; admin_label=&#8221;Tab 3&#8243; module_class=&#8221;blurb-3&#8243; _builder_version=&#8221;4.27.0&#8243; custom_margin=&#8221;||20px||false|false&#8221; custom_padding=&#8221;20px|30px|20px|30px|true|true&#8221; custom_padding_tablet=&#8221;&#8221; custom_padding_phone=&#8221;10px|30px|10px|30px|true|true&#8221; custom_css_main_element=&#8221;cursor:pointer;||border-radius:5px;||transition:all .3s ease;&#8221; border_width_all=&#8221;1px&#8221; border_color_all=&#8221;#eeeeee&#8221; global_colors_info=&#8221;{}&#8221; border_color_all__hover=&#8221;#007bfc&#8221; border_color_all__hover_enabled=&#8221;on|hover&#8221; custom_css_main_element__hover=&#8221;border-color:#007bfc !Important&#8221; custom_css_main_element__hover_enabled=&#8221;on|desktop&#8221;][et_pb_column_inner saved_specialty_column_type=&#8221;1_2&#8243; _builder_version=&#8221;4.16&#8243; global_colors_info=&#8221;{}&#8221;][et_pb_blurb title=&#8221;Przekazywanie na specjalny adres&#8221; use_icon=&#8221;on&#8221; font_icon=&#8221;&#xf199;||fa||900&#8243; icon_placement=&#8221;left&#8221; content_max_width_tablet=&#8221;1100px&#8221; content_max_width_phone=&#8221;&#8221; content_max_width_last_edited=&#8221;on|tablet&#8221; _builder_version=&#8221;4.27.4&#8243; header_font=&#8221;|700|||||||&#8221; header_font_size=&#8221;20px&#8221; custom_margin=&#8221;||0px||false|false&#8221; custom_padding=&#8221;0px||||false|false&#8221; animation=&#8221;off&#8221; header_font_size_tablet=&#8221;&#8221; header_font_size_phone=&#8221;17px&#8221; header_font_size_last_edited=&#8221;on|phone&#8221; custom_css_blurb_title=&#8221;margin-top:7px&#8221; border_width_top=&#8221;0px&#8221; locked=&#8221;off&#8221; global_colors_info=&#8221;{}&#8221;][\/et_pb_blurb][et_pb_text admin_label=&#8221;Text shows on click&#8221; module_class=&#8221;text-3&#8243; _builder_version=&#8221;4.27.0&#8243; text_line_height=&#8221;1.5em&#8221; custom_margin=&#8221;|||48px|false|false&#8221; custom_margin_tablet=&#8221;|||0px|false|false&#8221; custom_margin_phone=&#8221;&#8221; custom_margin_last_edited=&#8221;on|tablet&#8221; text_font_size_tablet=&#8221;&#8221; text_font_size_phone=&#8221;14px&#8221; text_font_size_last_edited=&#8221;on|phone&#8221; locked=&#8221;off&#8221; global_colors_info=&#8221;{}&#8221;]<\/p>\n<p><span style=\"font-weight: 400\">Mo\u017cliwo\u015bci\u0105 jest r\u00f3wnie\u017c przekazywanie e-maili na specjalny adres e-mail od FreshFlow. E-mail zostanie nast\u0119pnie automatycznie przypisany do karty kontaktu, z kt\u00f3r\u0105 wi\u0105\u017ce si\u0119 adres e-mail nadawcy. <\/span><\/p>\n<p>[\/et_pb_text][\/et_pb_column_inner][\/et_pb_row_inner][\/et_pb_column][et_pb_column type=&#8221;1_2&#8243; _builder_version=&#8221;4.16&#8243; custom_padding=&#8221;|||&#8221; global_colors_info=&#8221;{}&#8221; custom_padding__hover=&#8221;|||&#8221;][et_pb_image src=&#8221;https:\/\/freshflow.app\/wp-content\/uploads\/2025\/12\/Emaily-ke-kontaktu-AUTOMAT-scaled.webp&#8221; title_text=&#8221;E-maile do kontaktu AUTOMATYCZNIE&#8221; module_class=&#8221;image-1&#8243; _builder_version=&#8221;4.27.4&#8243; locked=&#8221;off&#8221; global_colors_info=&#8221;{}&#8221;][\/et_pb_image][et_pb_image src=&#8221;https:\/\/freshflow.app\/wp-content\/uploads\/2025\/12\/Emaily-ke-kontaktu-MANUALNE-scaled.webp&#8221; title_text=&#8221;E-maile do kontaktu R\u0118CZNIE&#8221; module_class=&#8221;image-2&#8243; _builder_version=&#8221;4.27.4&#8243; locked=&#8221;off&#8221; global_colors_info=&#8221;{}&#8221;][\/et_pb_image][et_pb_image src=&#8221;https:\/\/freshflow.app\/wp-content\/uploads\/2025\/12\/Emaily-ke-kontaktu-PRIRAZENIM-scaled.png&#8221; title_text=&#8221;E-maile do kontaktu PRZEZ PRZYPISANIE&#8221; module_class=&#8221;image-3&#8243; _builder_version=&#8221;4.27.4&#8243; locked=&#8221;off&#8221; global_colors_info=&#8221;{}&#8221;][\/et_pb_image][\/et_pb_column][\/et_pb_section][et_pb_section fb_built=&#8221;1&#8243; prev_background_color=&#8221;#ffffff&#8221; _builder_version=&#8221;4.27.0&#8243; _module_preset=&#8221;default&#8221; background_enable_color=&#8221;off&#8221; use_background_color_gradient=&#8221;on&#8221; background_color_gradient_stops=&#8221;#eaeaea 0%|#ffffff 99%&#8221; custom_padding=&#8221;100px||40px||false|false&#8221; top_divider_style=&#8221;wave&#8221; top_divider_flip=&#8221;vertical&#8221; locked=&#8221;off&#8221; global_colors_info=&#8221;{}&#8221;][et_pb_row _builder_version=&#8221;4.26.1&#8243; _module_preset=&#8221;default&#8221; custom_padding=&#8221;||0px|||&#8221; global_colors_info=&#8221;{}&#8221;][et_pb_column type=&#8221;4_4&#8243; _builder_version=&#8221;4.23.2&#8243; _module_preset=&#8221;default&#8221; global_colors_info=&#8221;{}&#8221;][et_pb_text _builder_version=&#8221;4.27.0&#8243; _module_preset=&#8221;default&#8221; header_2_font=&#8221;Poppins|300|||||||&#8221; header_2_font_size=&#8221;45px&#8221; header_2_letter_spacing=&#8221;-0.03em&#8221; header_2_line_height=&#8221;1.4em&#8221; locked=&#8221;off&#8221; global_colors_info=&#8221;{}&#8221;]<\/p>\n<h2 class=\"et_pb_module_heading et-fb-editable-element et-fb-editable-element__editing\" data-shortcode-id=\"4.1.0.0-1725608529398\" data-quickaccess-id=\"title\" style=\"text-align: center\">Co m\u00f3wi\u0105 ci, kt\u00f3rzy znaj\u0105 FreshFlow?<\/h2>\n<p>[\/et_pb_text][\/et_pb_column][\/et_pb_row][et_pb_row _builder_version=&#8221;4.27.0&#8243; _module_preset=&#8221;default&#8221; global_colors_info=&#8221;{}&#8221;][et_pb_column type=&#8221;4_4&#8243; _builder_version=&#8221;4.27.0&#8243; _module_preset=&#8221;default&#8221; global_colors_info=&#8221;{}&#8221;][dipl_testimonial_slider show_rating=&#8221;off&#8221; show_author_image=&#8221;off&#8221; testimonial_per_slide=&#8221;3&#8243; space_between_slides=&#8221;50px&#8221; auto_height_slider=&#8221;on&#8221; slider_loop=&#8221;on&#8221; show_control_dot=&#8221;on&#8221; control_dot_style=&#8221;stretched_dot&#8221; control_dot_active_color=&#8221;#B48EFF&#8221; control_dot_inactive_color=&#8221;#e2e2e2&#8243; testimonial_card_bg_color=&#8221;#FFFFFF&#8221; meta_separator_color=&#8221;gcid-9811ee8d-fa26-44bb-8bc4-000310e265f8&#8243; show_opening_quote_icon=&#8221;off&#8221; testimonial_card_custom_padding=&#8221;40px|40px|40px|40px|true|true&#8221; testimonial_per_slide_tablet=&#8221;2&#8243; testimonial_per_slide_phone=&#8221;1&#8243; testimonial_per_slide_last_edited=&#8221;on|desktop&#8221; _builder_version=&#8221;4.27.0&#8243; _module_preset=&#8221;default&#8221; body_font_size=&#8221;14px&#8221; body_letter_spacing=&#8221;-0.02em&#8221; body_line_height=&#8221;1.5em&#8221; author_font=&#8221;|600|||||||&#8221; author_text_color=&#8221;gcid-9811ee8d-fa26-44bb-8bc4-000310e265f8&#8243; author_font_size=&#8221;14px&#8221; author_line_height=&#8221;1.4em&#8221; designation_text_color=&#8221;gcid-840cd285-ee6f-49c1-abc9-5e893f3235b8&#8243; designation_line_height=&#8221;1.4em&#8221; company_text_color=&#8221;gcid-840cd285-ee6f-49c1-abc9-5e893f3235b8&#8243; company_line_height=&#8221;1.4em&#8221; text_orientation=&#8221;left&#8221; global_colors_info=&#8221;{%22gcid-9811ee8d-fa26-44bb-8bc4-000310e265f8%22:%91%22meta_separator_color%22,%22author_text_color%22%93,%22gcid-840cd285-ee6f-49c1-abc9-5e893f3235b8%22:%91%22designation_text_color%22,%22company_text_color%22%93}&#8221;][\/dipl_testimonial_slider][\/et_pb_column][\/et_pb_row][\/et_pb_section][et_pb_section fb_built=&#8221;1&#8243; module_class=&#8221;fialova&#8221; _builder_version=&#8221;4.16&#8243; _module_preset=&#8221;default&#8221; background_color=&#8221;#8364ab&#8221; locked=&#8221;off&#8221; global_colors_info=&#8221;{}&#8221;][et_pb_row _builder_version=&#8221;4.27.4&#8243; _module_preset=&#8221;default&#8221; global_colors_info=&#8221;{}&#8221;][et_pb_column type=&#8221;4_4&#8243; _builder_version=&#8221;4.16&#8243; _module_preset=&#8221;default&#8221; global_colors_info=&#8221;{}&#8221;][et_pb_text _builder_version=&#8221;4.27.4&#8243; _module_preset=&#8221;default&#8221; text_font_size=&#8221;23px&#8221; header_2_font=&#8221;Poppins|300|||||||&#8221; header_2_font_size=&#8221;45px&#8221; header_2_letter_spacing=&#8221;-0.03em&#8221; header_2_line_height=&#8221;1.4em&#8221; locked=&#8221;off&#8221; global_colors_info=&#8221;{}&#8221;]<\/p>\n<h2 class=\"et_pb_module_heading et-fb-editable-element et-fb-editable-element__editing\" data-shortcode-id=\"4.1.0.0-1725608529398\" data-quickaccess-id=\"title\" style=\"text-align: center\"><span style=\"color: #ffffff\">Zacznij z FreshFlow jeszcze dzi\u015b!<\/span><\/h2>\n<p><span style=\"color: #362c6e\"><\/span><\/p>\n<p style=\"text-align: center\"><span style=\"font-weight: 400;color: #ffffff\">30 dni za darmo<\/span><\/p>\n<p style=\"text-align: center\"><span style=\"font-weight: 400;color: #ffffff\">Bez podawania karty p\u0142atniczej<\/span><span style=\"font-weight: 400;color: #362c6e\"><\/span><\/p>\n<p><span style=\"color: #ffffff\"><\/span><\/p>\n<p>[\/et_pb_text][dipl_button buttons_alignment=&#8221;center&#8221; _builder_version=&#8221;4.27.5&#8243; _module_preset=&#8221;default&#8221; locked=&#8221;off&#8221; global_colors_info=&#8221;{}&#8221;][dipl_button_item button_text=&#8221;Rozpocznij za darmo&#8221; button_url=&#8221;https:\/\/app.freshflow.cz\/signup&#8221; button_bg_color=&#8221;#36baf0&#8243; button_custom_margin=&#8221;|||0px|false|false&#8221; button_custom_padding=&#8221;5px|30px|5px|30px|false|false&#8221; _builder_version=&#8221;4.27.5&#8243; _module_preset=&#8221;default&#8221; button_font=&#8221;Poppins||||||||&#8221; button_text_color=&#8221;#FFFFFF&#8221; button_font_size=&#8221;25px&#8221; button_line_height=&#8221;1.5em&#8221; text_orientation=&#8221;center&#8221; border_radii=&#8221;on|50px|50px|50px|50px&#8221; global_colors_info=&#8221;{}&#8221;][\/dipl_button_item][\/dipl_button][\/et_pb_column][\/et_pb_row][\/et_pb_section]<\/p>\n","protected":false},"excerpt":{"rendered":"<p><div class=\"et_pb_module dipl_double_color_heading dipl_double_color_heading_0 \">\n\t\t\t\t\n\t\t\t\t\n\t\t\t\t\n\t\t\t\t\n\t\t\t\t\n\t\t\t\t\n\t\t\t\t<div class=\"et_pb_module_inner\">\n\t\t\t\t\t<div class=\"dipl_text_wrapper\"><h1><span class=\"dipl_text_stack dipl_main_text_stack\"><span class=\"dipl_main_text\">Do\u0142\u0105czaj emaile do karty kontaktu<\/span><\/span><span class=\"dipl_text_stack dipl_post_text_stack\"><span class=\"dipl_post_text\">Zapewnij ca\u0142emu zespo\u0142owi pe\u0142ny wgl\u0105d w komunikacj\u0119 z klientami<\/span><\/span><\/h1><\/div>\n\t\t\t\t<\/div>\n\t\t\t<\/div>Przegl\u0105d i nadz\u00f3r nad komunikacj\u0105 dla ka\u017cdego w firmieW FreshFlow masz mo\u017cliwo\u015b\u0107 pod\u0142\u0105czenia swojej skrzynki e-mail i przypisywania wys\u0142anych lub otrzymanych e-maili od klient\u00f3w do ich &#8222;karty&#8221;. [&hellip;]<\/p>\n","protected":false},"author":5,"featured_media":228719,"parent":0,"menu_order":0,"comment_status":"closed","ping_status":"closed","template":"","meta":{"_et_pb_use_builder":"on","_et_pb_old_content":"","_et_gb_content_width":"","footnotes":""},"class_list":["post-228718","page","type-page","status-publish","has-post-thumbnail","hentry"],"_links":{"self":[{"href":"https:\/\/freshflow.app\/pl\/wp-json\/wp\/v2\/pages\/228718","targetHints":{"allow":["GET"]}}],"collection":[{"href":"https:\/\/freshflow.app\/pl\/wp-json\/wp\/v2\/pages"}],"about":[{"href":"https:\/\/freshflow.app\/pl\/wp-json\/wp\/v2\/types\/page"}],"author":[{"embeddable":true,"href":"https:\/\/freshflow.app\/pl\/wp-json\/wp\/v2\/users\/5"}],"replies":[{"embeddable":true,"href":"https:\/\/freshflow.app\/pl\/wp-json\/wp\/v2\/comments?post=228718"}],"version-history":[{"count":6,"href":"https:\/\/freshflow.app\/pl\/wp-json\/wp\/v2\/pages\/228718\/revisions"}],"predecessor-version":[{"id":228763,"href":"https:\/\/freshflow.app\/pl\/wp-json\/wp\/v2\/pages\/228718\/revisions\/228763"}],"wp:featuredmedia":[{"embeddable":true,"href":"https:\/\/freshflow.app\/pl\/wp-json\/wp\/v2\/media\/228719"}],"wp:attachment":[{"href":"https:\/\/freshflow.app\/pl\/wp-json\/wp\/v2\/media?parent=228718"}],"curies":[{"name":"wp","href":"https:\/\/api.w.org\/{rel}","templated":true}]}}