{"id":227732,"date":"2024-11-01T12:17:08","date_gmt":"2024-11-01T11:17:08","guid":{"rendered":"https:\/\/freshflow.cz\/kdo-vyuzije\/"},"modified":"2025-12-31T17:08:01","modified_gmt":"2025-12-31T16:08:01","slug":"kdo-vyuzije","status":"publish","type":"page","link":"https:\/\/freshflow.app\/pl\/kdo-vyuzije\/","title":{"rendered":"Dla kogo"},"content":{"rendered":"<p>[et_pb_section fb_built=&#8221;1&#8243; next_background_color=&#8221;#FFFFFF&#8221; _builder_version=&#8221;4.27.0&#8243; _module_preset=&#8221;default&#8221; background_color=&#8221;#362C6E&#8221; use_background_color_gradient=&#8221;on&#8221; background_color_gradient_type=&#8221;elliptical&#8221; background_color_gradient_direction_radial=&#8221;bottom&#8221; background_color_gradient_stops=&#8221;#6a4ebf 0%|#200059 76%&#8221; custom_padding=&#8221;||176px||false|false&#8221; bottom_divider_style=&#8221;wave&#8221; global_colors_info=&#8221;{}&#8221;][et_pb_row _builder_version=&#8221;4.16&#8243; _module_preset=&#8221;default&#8221; global_colors_info=&#8221;{}&#8221;][et_pb_column type=&#8221;4_4&#8243; _builder_version=&#8221;4.16&#8243; _module_preset=&#8221;default&#8221; global_colors_info=&#8221;{}&#8221;][dipl_double_color_heading heading_main_part=&#8221;FreshFlow jest dla wszystkich, kt\u00f3rzy:&#8221; heading_post_part=&#8221;pracuj\u0105 z sta\u0142ymi klientami, zwi\u0105zanymi z nimi dzia\u0142aniami oraz regularnymi kampaniami&#8221; display_in_stack=&#8221;on&#8221; _builder_version=&#8221;4.27.4&#8243; _module_preset=&#8221;default&#8221; global_heading_settings_level=&#8221;h1&#8243; main_header_font=&#8221;|600|||||||&#8221; main_header_text_align=&#8221;center&#8221; main_header_text_color=&#8221;#FFFFFF&#8221; main_header_font_size=&#8221;50px&#8221; post_header_text_align=&#8221;center&#8221; post_header_text_color=&#8221;#B48EFF&#8221; main_header_font_size_tablet=&#8221;50px&#8221; main_header_font_size_phone=&#8221;42px&#8221; main_header_font_size_last_edited=&#8221;on|desktop&#8221; global_colors_info=&#8221;{}&#8221;][\/dipl_double_color_heading][\/et_pb_column][\/et_pb_row][et_pb_row _builder_version=&#8221;4.27.0&#8243; _module_preset=&#8221;default&#8221; max_width=&#8221;700px&#8221; custom_margin=&#8221;0px||-280px||false|false&#8221; custom_padding=&#8221;0px||||false|false&#8221; global_colors_info=&#8221;{}&#8221;][et_pb_column type=&#8221;4_4&#8243; _builder_version=&#8221;4.16&#8243; _module_preset=&#8221;default&#8221; global_colors_info=&#8221;{}&#8221;][et_pb_image src=&#8221;https:\/\/freshflow.app\/wp-content\/uploads\/2024\/09\/ilustrace___1.webp&#8221; alt=&#8221;Kalendarz Calendee&#8221; title_text=&#8221;ilustrace___1&#8243; _builder_version=&#8221;4.27.0&#8243; _module_preset=&#8221;default&#8221; custom_margin=&#8221;-23px|||||&#8221; custom_padding=&#8221;0px|||||&#8221; global_colors_info=&#8221;{}&#8221;][\/et_pb_image][\/et_pb_column][\/et_pb_row][\/et_pb_section][et_pb_section fb_built=&#8221;1&#8243; _builder_version=&#8221;4.24.0&#8243; _module_preset=&#8221;default&#8221; background_color=&#8221;#FFFFFF&#8221; custom_padding=&#8221;||0px|||&#8221; global_colors_info=&#8221;{}&#8221;][\/et_pb_section][et_pb_section fb_built=&#8221;1&#8243; prev_background_color=&#8221;#FFFFFF&#8221; _builder_version=&#8221;4.27.0&#8243; _module_preset=&#8221;default&#8221; background_enable_color=&#8221;off&#8221; use_background_color_gradient=&#8221;on&#8221; background_color_gradient_stops=&#8221;#eaeaea 0%|#ffffff 99%&#8221; custom_padding=&#8221;100px||40px||false|false&#8221; top_divider_style=&#8221;wave&#8221; global_colors_info=&#8221;{}&#8221;][et_pb_row _builder_version=&#8221;4.23.2&#8243; _module_preset=&#8221;default&#8221; global_colors_info=&#8221;{}&#8221;][et_pb_column type=&#8221;4_4&#8243; _builder_version=&#8221;4.23.2&#8243; _module_preset=&#8221;default&#8221; global_colors_info=&#8221;{}&#8221;][et_pb_text _builder_version=&#8221;4.27.0&#8243; _module_preset=&#8221;default&#8221; header_2_font=&#8221;Poppins|300|||||||&#8221; header_2_font_size=&#8221;45px&#8221; header_2_letter_spacing=&#8221;-0.03em&#8221; header_2_line_height=&#8221;1.4em&#8221; global_colors_info=&#8221;{}&#8221;]<\/p>\n<h2 style=\"text-align: center\">Co FreshFlow da Tobie?<\/h2>\n<p>[\/et_pb_text][\/et_pb_column][\/et_pb_row][et_pb_row column_structure=&#8221;1_4,1_4,1_4,1_4&#8243; _builder_version=&#8221;4.24.0&#8243; _module_preset=&#8221;default&#8221; locked=&#8221;off&#8221; global_colors_info=&#8221;{}&#8221;][et_pb_column type=&#8221;1_4&#8243; admin_label=&#8221;Kolumna&#8221; _builder_version=&#8221;4.16&#8243; _module_preset=&#8221;default&#8221; global_colors_info=&#8221;{}&#8221;][et_pb_blurb title=&#8221;Sprzedawcy&#8221; _builder_version=&#8221;4.27.0&#8243; _module_preset=&#8221;default&#8221; global_colors_info=&#8221;{}&#8221;]<\/p>\n<p>Dzi\u0119ki szerokiej gamie funkcji system FreshFlow jest odpowiedni dla sprzedawc\u00f3w we wszystkich bran\u017cach B2C. Skorzysta z niego ka\u017cdy, kto chce upro\u015bci\u0107 prac\u0119 z kalendarzem, zarz\u0105dzanie kontaktami i zadaniami oraz mie\u0107 dost\u0119p do potrzebnych statystyk mened\u017cerskich. <\/p>\n<p>[\/et_pb_blurb][\/et_pb_column][et_pb_column type=&#8221;1_4&#8243; admin_label=&#8221;Kolumna&#8221; _builder_version=&#8221;4.16&#8243; _module_preset=&#8221;default&#8221; global_colors_info=&#8221;{}&#8221;][et_pb_blurb title=&#8221;Doradcy finansowi&#8221; admin_label=&#8221;Upout\u00e1vka&#8221; _builder_version=&#8221;4.27.0&#8243; _module_preset=&#8221;default&#8221; custom_padding=&#8221;30px||0px||false|false&#8221; border_color_top=&#8221;#de62a1&#8243; global_colors_info=&#8221;{}&#8221;]<\/p>\n<p>Dobry doradca finansowy rozumie nie tylko problematyk\u0119 finans\u00f3w, ale tak\u017ce swoich klient\u00f3w i ich potrzeby. Dzi\u0119ki FreshFlow stworzysz unikaln\u0105 baz\u0119 danych swoich kontakt\u00f3w, do kt\u00f3rych mo\u017cesz zapisywa\u0107 wszystko, co potrzebne. Umo\u017cliwi Ci tak\u017ce efektywne zarz\u0105dzanie spotkaniami i po\u0142\u0105czenie z kolegami w zespole.  <\/p>\n<p>[\/et_pb_blurb][\/et_pb_column][et_pb_column type=&#8221;1_4&#8243; _builder_version=&#8221;4.16&#8243; _module_preset=&#8221;default&#8221; global_colors_info=&#8221;{}&#8221;][et_pb_blurb title=&#8221;Dystrybutorzy MLM&#8221; _builder_version=&#8221;4.27.0&#8243; _module_preset=&#8221;default&#8221; border_color_top=&#8221;#8364ab&#8221; global_colors_info=&#8221;{}&#8221;]<\/p>\n<p>Pracujesz w marketingu sieciowym i masz szerok\u0105 baz\u0119 kontakt\u00f3w oraz codziennie planujesz dziesi\u0105tki czy setki spotka\u0144? Dzi\u0119ki FreshFlow b\u0119dziesz mie\u0107 wszystko przejrzy\u015bcie pod r\u0119k\u0105, bez konieczno\u015bci u\u017cywania kilku aplikacji i papierowych kalendarzy. Do bardziej efektywnej pracy pomo\u017ce tak\u017ce widok drzewa Twojej struktury.  <\/p>\n<p>[\/et_pb_blurb][\/et_pb_column][et_pb_column type=&#8221;1_4&#8243; _builder_version=&#8221;4.16&#8243; _module_preset=&#8221;default&#8221; global_colors_info=&#8221;{}&#8221;][et_pb_blurb title=&#8221;Zarz\u0105dzanie i serwis&#8221; _builder_version=&#8221;4.24.1&#8243; _module_preset=&#8221;default&#8221; border_color_top=&#8221;#e95537&#8243; global_colors_info=&#8221;{}&#8221;]<\/p>\n<p>Szukasz efektywnego systemu do zarz\u0105dzania zespo\u0142em technik\u00f3w? Brakuje Ci platformy do delegowania zada\u0144 i \u015bledzenia wydajno\u015bci oraz obci\u0105\u017cenia we wsp\u00f3\u0142dzielonym kalendarzu? FreshFlow zapewni Ci proste po\u0142\u0105czenie w ca\u0142ym zespole, a dzi\u0119ki delegowaniu i udost\u0119pnianiu zada\u0144 umo\u017cliwi wsp\u00f3ln\u0105 prac\u0119 nad zleceniami.  <\/p>\n<p>&nbsp;<\/p>\n<p>&nbsp;<\/p>\n<p>[\/et_pb_blurb][\/et_pb_column][\/et_pb_row][et_pb_row column_structure=&#8221;1_4,1_4,1_4,1_4&#8243; _builder_version=&#8221;4.24.1&#8243; _module_preset=&#8221;default&#8221; custom_padding=&#8221;9px|||||&#8221; global_colors_info=&#8221;{}&#8221;][et_pb_column type=&#8221;1_4&#8243; _builder_version=&#8221;4.24.0&#8243; _module_preset=&#8221;default&#8221; global_colors_info=&#8221;{}&#8221;][et_pb_blurb title=&#8221;Po\u015brednicy nieruchomo\u015bci&#8221; _builder_version=&#8221;4.24.0&#8243; _module_preset=&#8221;default&#8221; global_colors_info=&#8221;{}&#8221;]<\/p>\n<p>Sprzeda\u017c domu jednorodzinnego, zapytanie o zakup dzia\u0142ki, wynajem mieszkania&#8230; Pracujesz jednocze\u015bnie nad wieloma transakcjami w r\u00f3\u017cnych fazach realizacji? FreshFlow u\u0142atwi Ci i uporz\u0105dkuje ca\u0142\u0105 agend\u0119. W zadaniach znajdziesz szablon projektowy z krokami, kt\u00f3re wi\u0105\u017c\u0105 si\u0119 z uko\u0144czeniem poszczeg\u00f3lnych transakcji. Modu\u0142 Kontakty umo\u017cliwi Ci proste dodawanie informacji, notatek i dokument\u00f3w.    <\/p>\n<p>[\/et_pb_blurb][\/et_pb_column][et_pb_column type=&#8221;1_4&#8243; _builder_version=&#8221;4.16&#8243; _module_preset=&#8221;default&#8221; global_colors_info=&#8221;{}&#8221;][et_pb_blurb title=&#8221;Ksi\u0119gowi i doradcy podatkowi&#8221; admin_label=&#8221;Upout\u00e1vka&#8221; _builder_version=&#8221;4.24.0&#8243; _module_preset=&#8221;default&#8221; custom_padding=&#8221;30px||0px||false|false&#8221; border_color_top=&#8221;#de62a1&#8243; global_colors_info=&#8221;{}&#8221;]<\/p>\n<p>Po\u015bwi\u0119\u0107 maksimum cennego czasu swojej ekspertyzie, a nie wpisywaniu termin\u00f3w spotka\u0144 do r\u00f3\u017cnych aplikacji, szukaniu dokument\u00f3w w segregatorach i poszukiwaniu szczeg\u00f3\u0142\u00f3w o poszczeg\u00f3lnych klientach. FreshFlow oferuje Ci przejrzyste sortowanie kontakt\u00f3w wed\u0142ug wybranych przez Ciebie kryteri\u00f3w i ich efektywne zarz\u0105dzanie &#8211; od ewidencji dokument\u00f3w przez zapisywanie historii wsp\u00f3\u0142pracy a\u017c po zarz\u0105dzanie terminami i deadlinami. <\/p>\n<p>[\/et_pb_blurb][\/et_pb_column][et_pb_column type=&#8221;1_4&#8243; _builder_version=&#8221;4.16&#8243; _module_preset=&#8221;default&#8221; global_colors_info=&#8221;{}&#8221;][et_pb_blurb title=&#8221;Fundraising&#8221; _builder_version=&#8221;4.27.0&#8243; _module_preset=&#8221;default&#8221; border_color_top=&#8221;#8364ab&#8221; global_colors_info=&#8221;{}&#8221;]<\/p>\n<p>Podstaw\u0105 udanej kampanii fundraisingowej jest szeroka baza kontakt\u00f3w i wystarczaj\u0105ca ilo\u015b\u0107 informacji o nich. FreshFlow umo\u017cliwi Ci przejrzyste sortowanie i oznaczanie kontakt\u00f3w, dodawanie notatek i \u015bledzenie historii wzajemnej komunikacji, dzi\u0119ki czemu w przysz\u0142o\u015bci unikniesz zamieszania i nieporozumie\u0144. <\/p>\n<p>[\/et_pb_blurb][\/et_pb_column][et_pb_column type=&#8221;1_4&#8243; _builder_version=&#8221;4.16&#8243; _module_preset=&#8221;default&#8221; global_colors_info=&#8221;{}&#8221;][et_pb_blurb title=&#8221;Call centra&#8221; _builder_version=&#8221;4.24.0&#8243; _module_preset=&#8221;default&#8221; border_color_top=&#8221;#e95537&#8243; global_colors_info=&#8221;{}&#8221;]<\/p>\n<p>Masz call center, pracujesz z obszern\u0105 baz\u0105 kontakt\u00f3w i potrzebujesz mie\u0107 o nich maksimum informacji? FreshFlow umo\u017cliwi Ci proste sortowanie, dodawanie notatek i \u015bledzenie dotychczasowej komunikacji. Jednocze\u015bnie b\u0119dziesz mie\u0107 przegl\u0105d aktywno\u015bci poszczeg\u00f3lnych pracownik\u00f3w i szczeg\u00f3\u0142owe statystyki poszczeg\u00f3lnych rozm\u00f3w.   <\/p>\n<p>&nbsp;<\/p>\n<p>[\/et_pb_blurb][\/et_pb_column][\/et_pb_row][et_pb_row _builder_version=&#8221;4.26.1&#8243; _module_preset=&#8221;default&#8221; min_height=&#8221;108px&#8221; custom_margin=&#8221;84px|auto||auto||&#8221; global_colors_info=&#8221;{}&#8221;][et_pb_column type=&#8221;4_4&#8243; _builder_version=&#8221;4.26.1&#8243; _module_preset=&#8221;default&#8221; global_colors_info=&#8221;{}&#8221;][et_pb_text _builder_version=&#8221;4.27.0&#8243; _module_preset=&#8221;default&#8221; header_2_font=&#8221;Poppins|300|||||||&#8221; header_2_font_size=&#8221;45px&#8221; header_2_letter_spacing=&#8221;-0.03em&#8221; header_2_line_height=&#8221;1.4em&#8221; global_colors_info=&#8221;{}&#8221;]<\/p>\n<h2 style=\"text-align: center\">Rzeczywiste mo\u017cliwo\u015bci wykorzystania systemu FreshFlow s\u0105 jednak znacznie szersze, wypr\u00f3buj go sam!<\/h2>\n<p>[\/et_pb_text][\/et_pb_column][\/et_pb_row][\/et_pb_section][et_pb_section fb_built=&#8221;1&#8243; prev_background_color=&#8221;#ffffff&#8221; _builder_version=&#8221;4.27.0&#8243; _module_preset=&#8221;default&#8221; background_enable_color=&#8221;off&#8221; use_background_color_gradient=&#8221;on&#8221; background_color_gradient_stops=&#8221;#eaeaea 0%|#ffffff 99%&#8221; custom_padding=&#8221;151px||40px||false|false&#8221; top_divider_style=&#8221;wave&#8221; locked=&#8221;off&#8221; global_colors_info=&#8221;{}&#8221;][et_pb_row _builder_version=&#8221;4.23&#8243; _module_preset=&#8221;default&#8221; custom_margin=&#8221;0px||||false|false&#8221; custom_padding=&#8221;0px||0px||false|false&#8221; global_colors_info=&#8221;{}&#8221;][et_pb_column type=&#8221;4_4&#8243; _builder_version=&#8221;4.23&#8243; _module_preset=&#8221;default&#8221; global_colors_info=&#8221;{}&#8221;][et_pb_text _builder_version=&#8221;4.27.4&#8243; _module_preset=&#8221;default&#8221; header_2_font=&#8221;Poppins|300|||||||&#8221; header_2_font_size=&#8221;45px&#8221; header_2_letter_spacing=&#8221;-0.03em&#8221; header_2_line_height=&#8221;1.4em&#8221; locked=&#8221;off&#8221; global_colors_info=&#8221;{}&#8221;]<\/p>\n<h2 class=\"et_pb_module_heading et-fb-editable-element et-fb-editable-element__editing\" data-shortcode-id=\"4.1.0.0-1725608529398\" data-quickaccess-id=\"title\" style=\"text-align: center\">Co m\u00f3wi\u0105 ci, kt\u00f3rzy znaj\u0105 FreshFlow?<\/h2>\n<p>[\/et_pb_text][\/et_pb_column][\/et_pb_row][et_pb_row column_structure=&#8221;1_2,1_2&#8243; custom_padding_last_edited=&#8221;on|phone&#8221; _builder_version=&#8221;4.23&#8243; _module_preset=&#8221;default&#8221; width=&#8221;100%&#8221; custom_margin=&#8221;0px|auto|-95px|auto|false|false&#8221; custom_padding=&#8221;35px||151px||false|true&#8221; custom_padding_tablet=&#8221;||50px||false|false&#8221; custom_padding_phone=&#8221;20px||50px||false|false&#8221; global_colors_info=&#8221;{}&#8221;][et_pb_column type=&#8221;1_2&#8243; _builder_version=&#8221;4.16&#8243; _module_preset=&#8221;default&#8221; custom_padding=&#8221;0px|0px|0px|0px|false|false&#8221; global_colors_info=&#8221;{}&#8221;][et_pb_testimonial author=&#8221;Michal Krej\u010d\u00ed&#8221; job_title=&#8221;Partner sp\u00f3\u0142ki&#8221; company_name=&#8221;Partners Financial Services, a.s.&#8221; quote_icon=&#8221;off&#8221; _builder_version=&#8221;4.27.4&#8243; _module_preset=&#8221;default&#8221; background_color=&#8221;#FFFFFF&#8221; width_tablet=&#8221;&#8221; width_phone=&#8221;&#8221; width_last_edited=&#8221;on|phone&#8221; max_width=&#8221;100%&#8221; custom_margin=&#8221;101px||||false|false&#8221; custom_margin_tablet=&#8221;0px||||false|false&#8221; custom_margin_phone=&#8221;0px||||false|false&#8221; custom_margin_last_edited=&#8221;on|phone&#8221; custom_padding=&#8221;40px|40px|20px|40px|false|false&#8221; border_radii=&#8221;on|16px|16px|16px|16px&#8221; box_shadow_style=&#8221;preset2&#8243; box_shadow_horizontal=&#8221;0px&#8221; box_shadow_blur=&#8221;8px&#8221; box_shadow_color=&#8221;rgba(10,0,0,0.06)&#8221; global_colors_info=&#8221;{}&#8221;]<\/p>\n<p><img loading=\"lazy\" decoding=\"async\" src=\"https:\/\/freshflow.app\/wp-content\/uploads\/2025\/11\/file.svg\" width=\"358\" height=\"111\" alt=\"\" class=\"wp-image-226951 alignnone size-full\"><\/p>\n<p><img loading=\"lazy\" decoding=\"async\" src=\"https:\/\/freshflow.app\/wp-content\/uploads\/2023\/10\/quote.png\" width=\"38\" height=\"30\" alt=\"\" class=\"wp-image-24889 alignnone size-full\"><\/p>\n<p>\u201eWarto\u015b\u0107 dodana Partners Office (spersonalizowana wersja FreshFlow w Partners) w zarz\u0105dzaniu kontaktami jest<br \/>ogromna. Ka\u017cdy, kto powa\u017cnie my\u015bli o budowaniu firmy i biznesu, powinien z niej korzysta\u0107. W\u0142a\u015bciwe zarz\u0105dzanie czasem jest jednym z kluczy do sukcesu. Jak si\u0119 m\u00f3wi: Ludzie nie planuj\u0105 pora\u017cki, ale ponosz\u0105 pora\u017ck\u0119 w planowaniu.<br \/>Partners Office daje mi mo\u017cliwo\u015b\u0107 wgl\u0105du w struktur\u0119 firmy i kontrol\u0119 nad efektywno\u015bci\u0105 moich<br \/>wsp\u00f3\u0142pracownik\u00f3w.    Obie te funkcjonalno\u015bci uwa\u017cam za absolutnie kluczowe i korzystam z nich bardzo cz\u0119sto.<\/p>\n<p>[\/et_pb_testimonial][\/et_pb_column][et_pb_column type=&#8221;1_2&#8243; _builder_version=&#8221;4.16&#8243; _module_preset=&#8221;default&#8221; global_colors_info=&#8221;{}&#8221;][et_pb_testimonial author=&#8221;Petr Kop\u0159iva&#8221; job_title=&#8221;Head of NN Digital Hub&#8221; company_name=&#8221;NN \u017divotn\u00ed poji\u0161\u0165ovna&#8221; quote_icon=&#8221;off&#8221; _builder_version=&#8221;4.27.4&#8243; _module_preset=&#8221;default&#8221; background_color=&#8221;#FFFFFF&#8221; width=&#8221;100%&#8221; custom_margin=&#8221;||0px|0px|false|false&#8221; custom_padding=&#8221;40px|40px|20px|40px|false|false&#8221; border_radii=&#8221;on|16px|16px|16px|16px&#8221; box_shadow_style=&#8221;preset2&#8243; box_shadow_horizontal=&#8221;0px&#8221; box_shadow_blur=&#8221;8px&#8221; box_shadow_color=&#8221;rgba(10,0,0,0.06)&#8221; global_colors_info=&#8221;{}&#8221;]<\/p>\n<p><img loading=\"lazy\" decoding=\"async\" src=\"https:\/\/freshflow.app\/wp-content\/uploads\/2025\/11\/NN.svg\" width=\"186\" height=\"103\" alt=\"\" class=\"wp-image-226960 alignnone size-full\"><\/p>\n<p><img loading=\"lazy\" decoding=\"async\" src=\"https:\/\/freshflow.app\/wp-content\/uploads\/2023\/10\/quote.png\" width=\"38\" height=\"30\" alt=\"\" class=\"wp-image-24889 alignnone size-full\"><\/p>\n<p>\u201eAktywnie korzystali\u015bmy z FreshFlow podczas realizacji naszej kampanii akwizycyjnej, gdzie udowodni\u0142, \u017ce jest pot\u0119\u017cnym<br \/>narz\u0119dziem w zarz\u0105dzaniu sieci\u0105 sprzeda\u017cy.&#8221;<span style=\"color: #001c44;font-family: 'Bienalle bold\"><\/span><\/p>\n<p>[\/et_pb_testimonial][et_pb_testimonial author=&#8221;Petr Hladn\u00fd&#8221; job_title=&#8221;Dyrektor Regionalny&#8221; company_name=&#8221;Allianz poji\u0161\u0165ovna, a. s. &#8221; quote_icon=&#8221;off&#8221; _builder_version=&#8221;4.27.4&#8243; _module_preset=&#8221;default&#8221; background_color=&#8221;#FFFFFF&#8221; custom_margin=&#8221;30px|0px|0px||false|false&#8221; custom_padding=&#8221;40px|40px|40px|40px|false|false&#8221; border_radii=&#8221;on|16px|16px|16px|16px&#8221; box_shadow_style=&#8221;preset2&#8243; box_shadow_horizontal=&#8221;0px&#8221; box_shadow_blur=&#8221;8px&#8221; box_shadow_color=&#8221;rgba(10,0,0,0.06)&#8221; global_colors_info=&#8221;{}&#8221;]<\/p>\n<p><img loading=\"lazy\" decoding=\"async\" src=\"https:\/\/freshflow.app\/wp-content\/uploads\/2025\/11\/Allianz.svg\" width=\"286\" height=\"71\" alt=\"\" class=\"wp-image-226927 alignnone size-full\"><\/p>\n<p><img loading=\"lazy\" decoding=\"async\" src=\"https:\/\/freshflow.app\/wp-content\/uploads\/2023\/10\/quote.png\" width=\"38\" height=\"30\" alt=\"\" class=\"wp-image-24889 alignnone size-full\"><\/p>\n<p class=\"p1\">\u201eSystem FreshFlow ocenili\u015bmy jako bardzo efektywne narz\u0119dzie do zarz\u0105dzania aktywno\u015bciami i interaktywnej<br \/>informacji zwrotnej w ca\u0142ym zespole sprzeda\u017cowym. Dlatego zdecydowali\u015bmy si\u0119 wdro\u017cy\u0107 go w ca\u0142ej<br \/>Podstawowej Sieci Sprzeda\u017cy Allianz poji\u0161\u0165ovny, a.s.&#8221; <\/p>\n<p>[\/et_pb_testimonial][\/et_pb_column][\/et_pb_row][\/et_pb_section][et_pb_section fb_built=&#8221;1&#8243; module_class=&#8221;fialova&#8221; _builder_version=&#8221;4.16&#8243; _module_preset=&#8221;default&#8221; background_color=&#8221;#8364ab&#8221; locked=&#8221;off&#8221; global_colors_info=&#8221;{}&#8221;][et_pb_row _builder_version=&#8221;4.27.4&#8243; _module_preset=&#8221;default&#8221; global_colors_info=&#8221;{}&#8221;][et_pb_column type=&#8221;4_4&#8243; _builder_version=&#8221;4.16&#8243; _module_preset=&#8221;default&#8221; global_colors_info=&#8221;{}&#8221;][et_pb_text _builder_version=&#8221;4.27.4&#8243; _module_preset=&#8221;default&#8221; text_font_size=&#8221;23px&#8221; header_2_font=&#8221;Poppins|300|||||||&#8221; header_2_font_size=&#8221;45px&#8221; header_2_letter_spacing=&#8221;-0.03em&#8221; header_2_line_height=&#8221;1.4em&#8221; locked=&#8221;off&#8221; global_colors_info=&#8221;{}&#8221;]<\/p>\n<h2 class=\"et_pb_module_heading et-fb-editable-element et-fb-editable-element__editing\" data-shortcode-id=\"4.1.0.0-1725608529398\" data-quickaccess-id=\"title\" style=\"text-align: center\"><span style=\"color: #ffffff\">Zacznij z FreshFlow jeszcze dzi\u015b!<\/span><\/h2>\n<p><span style=\"color: #362c6e\"><\/span><\/p>\n<p style=\"text-align: center\"><span style=\"font-weight: 400;color: #ffffff\">30 dni za darmo<\/span><\/p>\n<p style=\"text-align: center\"><span style=\"font-weight: 400;color: #ffffff\">Bez podawania karty p\u0142atniczej<\/span><span style=\"font-weight: 400;color: #362c6e\"><\/span><\/p>\n<p><span style=\"color: #ffffff\"><\/span><\/p>\n<p>[\/et_pb_text][dipl_button buttons_alignment=&#8221;center&#8221; _builder_version=&#8221;4.27.5&#8243; _module_preset=&#8221;default&#8221; hover_enabled=&#8221;0&#8243; global_colors_info=&#8221;{}&#8221; sticky_enabled=&#8221;0&#8243; locked=&#8221;off&#8221;][dipl_button_item button_text=&#8221;Rozpocznij za darmo&#8221; button_url=&#8221;https:\/\/app.freshflow.cz\/signup&#8221; button_bg_color=&#8221;#36baf0&#8243; button_custom_margin=&#8221;|||0px|false|false&#8221; button_custom_padding=&#8221;5px|30px|5px|30px|false|false&#8221; _builder_version=&#8221;4.27.5&#8243; _module_preset=&#8221;default&#8221; button_font=&#8221;Poppins||||||||&#8221; button_text_color=&#8221;#FFFFFF&#8221; button_font_size=&#8221;25px&#8221; button_line_height=&#8221;1.5em&#8221; text_orientation=&#8221;center&#8221; hover_enabled=&#8221;0&#8243; border_radii=&#8221;on|50px|50px|50px|50px&#8221; global_colors_info=&#8221;{}&#8221; sticky_enabled=&#8221;0&#8243;][\/dipl_button_item][\/dipl_button][\/et_pb_column][\/et_pb_row][\/et_pb_section]<\/p>\n","protected":false},"excerpt":{"rendered":"<p><div class=\"et_pb_module dipl_double_color_heading dipl_double_color_heading_0 \">\n\t\t\t\t\n\t\t\t\t\n\t\t\t\t\n\t\t\t\t\n\t\t\t\t\n\t\t\t\t\n\t\t\t\t<div class=\"et_pb_module_inner\">\n\t\t\t\t\t<div class=\"dipl_text_wrapper\"><h1><span class=\"dipl_text_stack dipl_main_text_stack\"><span class=\"dipl_main_text\">FreshFlow jest dla wszystkich, kt\u00f3rzy:<\/span><\/span><span class=\"dipl_text_stack dipl_post_text_stack\"><span class=\"dipl_post_text\">pracuj\u0105 z sta\u0142ymi klientami, zwi\u0105zanymi z nimi dzia\u0142aniami oraz regularnymi kampaniami<\/span><\/span><\/h1><\/div>\n\t\t\t\t<\/div>\n\t\t\t<\/div>Co FreshFlow da Tobie?Dzi\u0119ki szerokiej gamie funkcji system FreshFlow jest odpowiedni dla sprzedawc\u00f3w we wszystkich bran\u017cach B2C. Skorzysta z niego ka\u017cdy, kto chce upro\u015bci\u0107 prac\u0119 [&hellip;]<\/p>\n","protected":false},"author":5,"featured_media":0,"parent":0,"menu_order":0,"comment_status":"closed","ping_status":"closed","template":"","meta":{"_et_pb_use_builder":"on","_et_pb_old_content":"","_et_gb_content_width":"","footnotes":""},"class_list":["post-227732","page","type-page","status-publish","hentry"],"_links":{"self":[{"href":"https:\/\/freshflow.app\/pl\/wp-json\/wp\/v2\/pages\/227732","targetHints":{"allow":["GET"]}}],"collection":[{"href":"https:\/\/freshflow.app\/pl\/wp-json\/wp\/v2\/pages"}],"about":[{"href":"https:\/\/freshflow.app\/pl\/wp-json\/wp\/v2\/types\/page"}],"author":[{"embeddable":true,"href":"https:\/\/freshflow.app\/pl\/wp-json\/wp\/v2\/users\/5"}],"replies":[{"embeddable":true,"href":"https:\/\/freshflow.app\/pl\/wp-json\/wp\/v2\/comments?post=227732"}],"version-history":[{"count":7,"href":"https:\/\/freshflow.app\/pl\/wp-json\/wp\/v2\/pages\/227732\/revisions"}],"predecessor-version":[{"id":228765,"href":"https:\/\/freshflow.app\/pl\/wp-json\/wp\/v2\/pages\/227732\/revisions\/228765"}],"wp:attachment":[{"href":"https:\/\/freshflow.app\/pl\/wp-json\/wp\/v2\/media?parent=227732"}],"curies":[{"name":"wp","href":"https:\/\/api.w.org\/{rel}","templated":true}]}}