{"id":227720,"date":"2024-11-01T12:21:33","date_gmt":"2024-11-01T11:21:33","guid":{"rendered":"https:\/\/freshflow.cz\/chce-prezentacje\/"},"modified":"2025-12-31T17:25:43","modified_gmt":"2025-12-31T16:25:43","slug":"chce-prezentacje","status":"publish","type":"page","link":"https:\/\/freshflow.app\/pl\/chce-prezentacje\/","title":{"rendered":"Chc\u0119 prezentacj\u0119"},"content":{"rendered":"<p>[et_pb_section fb_built=&#8221;1&#8243; next_background_color=&#8221;#FFFFFF&#8221; _builder_version=&#8221;4.27.0&#8243; _module_preset=&#8221;default&#8221; background_color=&#8221;#362C6E&#8221; use_background_color_gradient=&#8221;on&#8221; background_color_gradient_type=&#8221;elliptical&#8221; background_color_gradient_direction_radial=&#8221;bottom&#8221; background_color_gradient_stops=&#8221;#6a4ebf 0%|#200059 76%&#8221; custom_padding=&#8221;||176px||false|false&#8221; bottom_divider_style=&#8221;wave&#8221; global_colors_info=&#8221;{}&#8221;][et_pb_row _builder_version=&#8221;4.16&#8243; _module_preset=&#8221;default&#8221; global_colors_info=&#8221;{}&#8221;][et_pb_column type=&#8221;4_4&#8243; _builder_version=&#8221;4.16&#8243; _module_preset=&#8221;default&#8221; global_colors_info=&#8221;{}&#8221;][dipl_double_color_heading heading_main_part=&#8221;Objednejte si uk\u00e1zku FreshFlow&#8221; heading_post_part=&#8221;R\u00e1di V\u00e1m FreshFlow p\u0159edvedeme.  &#8221; display_in_stack=&#8221;on&#8221; _builder_version=&#8221;4.27.4&#8243; _module_preset=&#8221;default&#8221; global_heading_settings_level=&#8221;h1&#8243; main_header_font=&#8221;|600|||||||&#8221; main_header_text_align=&#8221;center&#8221; main_header_text_color=&#8221;#FFFFFF&#8221; main_header_font_size=&#8221;50px&#8221; post_header_text_align=&#8221;center&#8221; post_header_text_color=&#8221;#B48EFF&#8221; main_header_font_size_tablet=&#8221;50px&#8221; main_header_font_size_phone=&#8221;42px&#8221; main_header_font_size_last_edited=&#8221;on|desktop&#8221; global_colors_info=&#8221;{}&#8221;][\/dipl_double_color_heading][dipl_double_color_heading heading_post_part=&#8221;Napi\u0161te n\u00e1m a my V\u00e1m zavol\u00e1me, abychom si domluvili online setk\u00e1n\u00ed.&#8221; display_in_stack=&#8221;on&#8221; _builder_version=&#8221;4.27.0&#8243; _module_preset=&#8221;default&#8221; global_heading_settings_level=&#8221;h1&#8243; main_header_font=&#8221;|600|||||||&#8221; main_header_text_align=&#8221;center&#8221; main_header_text_color=&#8221;#FFFFFF&#8221; main_header_font_size=&#8221;50px&#8221; post_header_text_align=&#8221;center&#8221; post_header_text_color=&#8221;#B48EFF&#8221; custom_margin=&#8221;-35px|||||&#8221; custom_padding=&#8221;0px|||||&#8221; main_header_font_size_tablet=&#8221;50px&#8221; main_header_font_size_phone=&#8221;42px&#8221; main_header_font_size_last_edited=&#8221;on|desktop&#8221; global_colors_info=&#8221;{}&#8221;][\/dipl_double_color_heading][\/et_pb_column][\/et_pb_row][\/et_pb_section][et_pb_section fb_built=&#8221;1&#8243; custom_padding_last_edited=&#8221;on|desktop&#8221; _builder_version=&#8221;4.16&#8243; _module_preset=&#8221;default&#8221; background_color=&#8221;#FFFFFF&#8221; custom_margin=&#8221;0px||||false|false&#8221; custom_padding=&#8221;70px||70px||false|false&#8221; custom_padding_tablet=&#8221;&#8221; custom_padding_phone=&#8221;30px||||false|false&#8221; global_colors_info=&#8221;{}&#8221;][et_pb_row column_structure=&#8221;1_4,1_2,1_4&#8243; _builder_version=&#8221;4.16&#8243; _module_preset=&#8221;default&#8221; global_colors_info=&#8221;{}&#8221;][et_pb_column type=&#8221;1_4&#8243; _builder_version=&#8221;4.16&#8243; _module_preset=&#8221;default&#8221; global_colors_info=&#8221;{}&#8221;][\/et_pb_column][et_pb_column type=&#8221;1_2&#8243; _builder_version=&#8221;4.16&#8243; _module_preset=&#8221;default&#8221; global_colors_info=&#8221;{}&#8221;][et_pb_text _builder_version=&#8221;4.27.5&#8243; _module_preset=&#8221;default&#8221; header_2_font=&#8221;Poppins|300|||||||&#8221; header_2_font_size=&#8221;45px&#8221; header_2_letter_spacing=&#8221;-0.03em&#8221; header_2_line_height=&#8221;1.4em&#8221; width=&#8221;100%&#8221; custom_margin=&#8221;|538px||||&#8221; custom_padding=&#8221;|||0px||&#8221; border_radii=&#8221;on|2px|2px|2px|2px&#8221; global_colors_info=&#8221;{}&#8221;]<\/p>\n<h2 style=\"text-align: center\">Do czego mamy si\u0119 przygotowa\u0107?<\/h2>\n<p>[\/et_pb_text][et_pb_text _builder_version=&#8221;4.27.5&#8243; _module_preset=&#8221;default&#8221; custom_margin=&#8221;|-26px||-15px||&#8221; custom_padding=&#8221;|0px||8px||&#8221; global_colors_info=&#8221;{}&#8221;]<\/p>\n<p>(Pr\u00f3bna prezentacja jest dost\u0119pna tylko w j\u0119zyku angielskim lub czeskim)<\/p>\n<p>[\/et_pb_text][et_pb_contact_form email=&#8221;jan.j.rosa@freshflow.cz, jan.rosa@freshflow.cz&#8221; use_redirect=&#8221;on&#8221; redirect_url=&#8221;https:\/\/freshflow.app\/pl\/dziekujemy\/&#8221; success_message=&#8221;Dzi\u0119kujemy.&#8221; submit_button_text=&#8221;Wy\u015blij&#8221; submit_button_text_tablet=&#8221;&#8221; submit_button_text_phone=&#8221;&#8221; submit_button_text_last_edited=&#8221;on|desktop&#8221; _builder_version=&#8221;4.27.5&#8243; _module_preset=&#8221;default&#8221; _unique_id=&#8221;75610967-265f-4a0a-a79d-2c60eaebbcc2&#8243; form_field_background_color=&#8221;#ebeaf1&#8243; form_field_text_color=&#8221;gcid-0181cdc0-628d-460c-a53f-80e854656fac&#8221; title_level=&#8221;h2&#8243; title_text_color=&#8221;#000000&#8243; captcha_text_color=&#8221;#FFFFFF&#8221; background_color=&#8221;#FFFFFF&#8221; custom_button=&#8221;on&#8221; button_text_size=&#8221;18px&#8221; button_text_color=&#8221;#FFFFFF&#8221; button_bg_color=&#8221;#36baf0&#8243; button_border_width=&#8221;0px&#8221; button_border_radius=&#8221;7px&#8221; button_font=&#8221;Poppins||||||||&#8221; hover_enabled=&#8221;0&#8243; global_colors_info=&#8221;{%22gcid-0181cdc0-628d-460c-a53f-80e854656fac%22:%91%22form_field_text_color%22%93}&#8221; sticky_enabled=&#8221;0&#8243;][et_pb_contact_field field_id=&#8221;Jmeno&#8221; field_title=&#8221;Twoje imi\u0119 i nazwisko&#8221; _builder_version=&#8221;4.16&#8243; global_colors_info=&#8221;{}&#8221; button_text_size__hover_enabled=&#8221;off&#8221; button_one_text_size__hover_enabled=&#8221;off&#8221; button_two_text_size__hover_enabled=&#8221;off&#8221; button_text_color__hover_enabled=&#8221;off&#8221; button_one_text_color__hover_enabled=&#8221;off&#8221; button_two_text_color__hover_enabled=&#8221;off&#8221; button_border_width__hover_enabled=&#8221;off&#8221; button_one_border_width__hover_enabled=&#8221;off&#8221; button_two_border_width__hover_enabled=&#8221;off&#8221; button_border_color__hover_enabled=&#8221;off&#8221; button_one_border_color__hover_enabled=&#8221;off&#8221; button_two_border_color__hover_enabled=&#8221;off&#8221; button_border_radius__hover_enabled=&#8221;off&#8221; button_one_border_radius__hover_enabled=&#8221;off&#8221; button_two_border_radius__hover_enabled=&#8221;off&#8221; button_letter_spacing__hover_enabled=&#8221;off&#8221; button_one_letter_spacing__hover_enabled=&#8221;off&#8221; button_two_letter_spacing__hover_enabled=&#8221;off&#8221; button_bg_color__hover_enabled=&#8221;off&#8221; button_one_bg_color__hover_enabled=&#8221;off&#8221; button_two_bg_color__hover_enabled=&#8221;off&#8221;][\/et_pb_contact_field][et_pb_contact_field field_id=&#8221;Email&#8221; field_title=&#8221;Tw\u00f3j e-mail&#8221; field_type=&#8221;email&#8221; _builder_version=&#8221;4.27.4&#8243; global_colors_info=&#8221;{}&#8221; button_text_size__hover_enabled=&#8221;off&#8221; button_one_text_size__hover_enabled=&#8221;off&#8221; button_two_text_size__hover_enabled=&#8221;off&#8221; button_text_color__hover_enabled=&#8221;off&#8221; button_one_text_color__hover_enabled=&#8221;off&#8221; button_two_text_color__hover_enabled=&#8221;off&#8221; button_border_width__hover_enabled=&#8221;off&#8221; button_one_border_width__hover_enabled=&#8221;off&#8221; button_two_border_width__hover_enabled=&#8221;off&#8221; button_border_color__hover_enabled=&#8221;off&#8221; button_one_border_color__hover_enabled=&#8221;off&#8221; button_two_border_color__hover_enabled=&#8221;off&#8221; button_border_radius__hover_enabled=&#8221;off&#8221; button_one_border_radius__hover_enabled=&#8221;off&#8221; button_two_border_radius__hover_enabled=&#8221;off&#8221; button_letter_spacing__hover_enabled=&#8221;off&#8221; button_one_letter_spacing__hover_enabled=&#8221;off&#8221; button_two_letter_spacing__hover_enabled=&#8221;off&#8221; button_bg_color__hover_enabled=&#8221;off&#8221; button_one_bg_color__hover_enabled=&#8221;off&#8221; button_two_bg_color__hover_enabled=&#8221;off&#8221;][\/et_pb_contact_field][et_pb_contact_field field_id=&#8221;Firma&#8221; field_title=&#8221;Firma&#8221; required_mark=&#8221;off&#8221; fullwidth_field=&#8221;on&#8221; _builder_version=&#8221;4.16&#8243; _module_preset=&#8221;default&#8221; global_colors_info=&#8221;{}&#8221;][\/et_pb_contact_field][et_pb_contact_field field_id=&#8221;Po\u010det_u\u017eivatel\u016f&#8221; field_title=&#8221;Liczba potencjalnych u\u017cytkownik\u00f3w&#8221; fullwidth_field=&#8221;on&#8221; _builder_version=&#8221;4.27.4&#8243; _module_preset=&#8221;default&#8221; global_colors_info=&#8221;{}&#8221;][\/et_pb_contact_field][et_pb_contact_field field_id=&#8221;Telefon&#8221; field_title=&#8221;Tw\u00f3j numer telefonu&#8221; fullwidth_field=&#8221;on&#8221; _builder_version=&#8221;4.16&#8243; _module_preset=&#8221;default&#8221; global_colors_info=&#8221;{}&#8221;][\/et_pb_contact_field][et_pb_contact_field field_id=&#8221;Zprava&#8221; field_title=&#8221;Co Ci\u0119 interesuje i czego b\u0119dziesz potrzebowa\u0107 od FreshFlow?&#8221; field_type=&#8221;text&#8221; fullwidth_field=&#8221;on&#8221; _builder_version=&#8221;4.27.4&#8243; global_colors_info=&#8221;{}&#8221; button_text_size__hover_enabled=&#8221;off&#8221; button_one_text_size__hover_enabled=&#8221;off&#8221; button_two_text_size__hover_enabled=&#8221;off&#8221; button_text_color__hover_enabled=&#8221;off&#8221; button_one_text_color__hover_enabled=&#8221;off&#8221; button_two_text_color__hover_enabled=&#8221;off&#8221; button_border_width__hover_enabled=&#8221;off&#8221; button_one_border_width__hover_enabled=&#8221;off&#8221; button_two_border_width__hover_enabled=&#8221;off&#8221; button_border_color__hover_enabled=&#8221;off&#8221; button_one_border_color__hover_enabled=&#8221;off&#8221; button_two_border_color__hover_enabled=&#8221;off&#8221; button_border_radius__hover_enabled=&#8221;off&#8221; button_one_border_radius__hover_enabled=&#8221;off&#8221; button_two_border_radius__hover_enabled=&#8221;off&#8221; button_letter_spacing__hover_enabled=&#8221;off&#8221; button_one_letter_spacing__hover_enabled=&#8221;off&#8221; button_two_letter_spacing__hover_enabled=&#8221;off&#8221; button_bg_color__hover_enabled=&#8221;off&#8221; button_one_bg_color__hover_enabled=&#8221;off&#8221; button_two_bg_color__hover_enabled=&#8221;off&#8221;][\/et_pb_contact_field][\/et_pb_contact_form][\/et_pb_column][et_pb_column type=&#8221;1_4&#8243; _builder_version=&#8221;4.16&#8243; _module_preset=&#8221;default&#8221; global_colors_info=&#8221;{}&#8221;][\/et_pb_column][\/et_pb_row][\/et_pb_section]<\/p>\n","protected":false},"excerpt":{"rendered":"<p><div class=\"et_pb_module dipl_double_color_heading dipl_double_color_heading_0 \">\n\t\t\t\t\n\t\t\t\t\n\t\t\t\t\n\t\t\t\t\n\t\t\t\t\n\t\t\t\t\n\t\t\t\t<div class=\"et_pb_module_inner\">\n\t\t\t\t\t<div class=\"dipl_text_wrapper\"><h1><span class=\"dipl_text_stack dipl_main_text_stack\"><span class=\"dipl_main_text\">Objednejte si uk\u00e1zku FreshFlow<\/span><\/span><span class=\"dipl_text_stack dipl_post_text_stack\"><span class=\"dipl_post_text\">R\u00e1di V\u00e1m FreshFlow p\u0159edvedeme.<\/span><\/span><\/h1><\/div>\n\t\t\t\t<\/div>\n\t\t\t<\/div><div class=\"et_pb_module dipl_double_color_heading dipl_double_color_heading_1 \">\n\t\t\t\t\n\t\t\t\t\n\t\t\t\t\n\t\t\t\t\n\t\t\t\t\n\t\t\t\t\n\t\t\t\t<div class=\"et_pb_module_inner\">\n\t\t\t\t\t<div class=\"dipl_text_wrapper\"><h1><span class=\"dipl_text_stack dipl_post_text_stack\"><span class=\"dipl_post_text\">Napi\u0161te n\u00e1m a my V\u00e1m zavol\u00e1me, abychom si domluvili online setk\u00e1n\u00ed.<\/span><\/span><\/h1><\/div>\n\t\t\t\t<\/div>\n\t\t\t<\/div>Do czego mamy si\u0119 przygotowa\u0107?(Pr\u00f3bna [&hellip;]<\/p>\n","protected":false},"author":5,"featured_media":0,"parent":0,"menu_order":0,"comment_status":"closed","ping_status":"closed","template":"","meta":{"_et_pb_use_builder":"on","_et_pb_old_content":"","_et_gb_content_width":"","footnotes":""},"class_list":["post-227720","page","type-page","status-publish","hentry"],"_links":{"self":[{"href":"https:\/\/freshflow.app\/pl\/wp-json\/wp\/v2\/pages\/227720","targetHints":{"allow":["GET"]}}],"collection":[{"href":"https:\/\/freshflow.app\/pl\/wp-json\/wp\/v2\/pages"}],"about":[{"href":"https:\/\/freshflow.app\/pl\/wp-json\/wp\/v2\/types\/page"}],"author":[{"embeddable":true,"href":"https:\/\/freshflow.app\/pl\/wp-json\/wp\/v2\/users\/5"}],"replies":[{"embeddable":true,"href":"https:\/\/freshflow.app\/pl\/wp-json\/wp\/v2\/comments?post=227720"}],"version-history":[{"count":7,"href":"https:\/\/freshflow.app\/pl\/wp-json\/wp\/v2\/pages\/227720\/revisions"}],"predecessor-version":[{"id":228809,"href":"https:\/\/freshflow.app\/pl\/wp-json\/wp\/v2\/pages\/227720\/revisions\/228809"}],"wp:attachment":[{"href":"https:\/\/freshflow.app\/pl\/wp-json\/wp\/v2\/media?parent=227720"}],"curies":[{"name":"wp","href":"https:\/\/api.w.org\/{rel}","templated":true}]}}