{"id":227714,"date":"2024-11-01T12:20:11","date_gmt":"2024-11-01T11:20:11","guid":{"rendered":"https:\/\/freshflow.cz\/o-nas\/"},"modified":"2025-12-31T17:10:17","modified_gmt":"2025-12-31T16:10:17","slug":"o-nas","status":"publish","type":"page","link":"https:\/\/freshflow.app\/pl\/o-nas\/","title":{"rendered":"O nas"},"content":{"rendered":"<p>[et_pb_section fb_built=&#8221;1&#8243; next_background_color=&#8221;#ffffff&#8221; _builder_version=&#8221;4.27.0&#8243; _module_preset=&#8221;default&#8221; background_color=&#8221;#362C6E&#8221; use_background_color_gradient=&#8221;on&#8221; background_color_gradient_type=&#8221;elliptical&#8221; background_color_gradient_direction_radial=&#8221;bottom&#8221; background_color_gradient_stops=&#8221;#6a4ebf 0%|#200059 76%&#8221; custom_padding=&#8221;||176px||false|false&#8221; bottom_divider_style=&#8221;wave&#8221; global_colors_info=&#8221;{}&#8221;][et_pb_row _builder_version=&#8221;4.16&#8243; _module_preset=&#8221;default&#8221; global_colors_info=&#8221;{}&#8221;][et_pb_column type=&#8221;4_4&#8243; _builder_version=&#8221;4.16&#8243; _module_preset=&#8221;default&#8221; global_colors_info=&#8221;{}&#8221;][dipl_double_color_heading heading_main_part=&#8221;Sprawdzony system i wieloletnie do\u015bwiadczenie&#8221; heading_post_part=&#8221;FreshFlow rozwijamy od 2012 roku, a korzystaj\u0105 z niego tysi\u0105ce u\u017cytkownik\u00f3w&#8221; display_in_stack=&#8221;on&#8221; _builder_version=&#8221;4.27.4&#8243; _module_preset=&#8221;default&#8221; global_heading_settings_level=&#8221;h1&#8243; main_header_font=&#8221;|600|||||||&#8221; main_header_text_align=&#8221;center&#8221; main_header_text_color=&#8221;#FFFFFF&#8221; main_header_font_size=&#8221;50px&#8221; post_header_text_align=&#8221;center&#8221; post_header_text_color=&#8221;#B48EFF&#8221; main_header_font_size_tablet=&#8221;50px&#8221; main_header_font_size_phone=&#8221;42px&#8221; main_header_font_size_last_edited=&#8221;on|desktop&#8221; global_colors_info=&#8221;{}&#8221;][\/dipl_double_color_heading][\/et_pb_column][\/et_pb_row][\/et_pb_section][et_pb_section fb_built=&#8221;1&#8243; _builder_version=&#8221;4.16&#8243; _module_preset=&#8221;default&#8221; custom_padding=&#8221;80px||30px|||&#8221; global_colors_info=&#8221;{}&#8221;][et_pb_row column_structure=&#8221;1_2,1_6,1_6,1_6&#8243; module_class=&#8221;mp_row_vertical_align&#8221; _builder_version=&#8221;4.27.0&#8243; _module_preset=&#8221;default&#8221; custom_margin=&#8221;-10px|auto||auto||&#8221; custom_padding=&#8221;||50px|||&#8221; global_colors_info=&#8221;{}&#8221;][et_pb_column type=&#8221;1_2&#8243; admin_label=&#8221;Kolumna&#8221; _builder_version=&#8221;4.27.0&#8243; _module_preset=&#8221;default&#8221; custom_padding=&#8221;|50px|||false|false&#8221; custom_padding_tablet=&#8221;|0px|||false|false&#8221; custom_padding_phone=&#8221;|0px|||false|false&#8221; custom_padding_last_edited=&#8221;on|phone&#8221; border_width_right=&#8221;1px&#8221; border_color_right=&#8221;gcid-dfe987d7-0b26-418b-ad93-564c2b62c41a&#8221; border_width_right_tablet=&#8221;0px&#8221; border_width_right_phone=&#8221;0px&#8221; border_width_right_last_edited=&#8221;on|tablet&#8221; global_colors_info=&#8221;{%22gcid-dfe987d7-0b26-418b-ad93-564c2b62c41a%22:%91%22border_color_right%22%93}&#8221;][et_pb_text _builder_version=&#8221;4.27.0&#8243; _module_preset=&#8221;default&#8221; header_2_font=&#8221;Poppins|300|||||||&#8221; header_2_font_size=&#8221;45px&#8221; header_2_letter_spacing=&#8221;-0.03em&#8221; header_2_line_height=&#8221;1.4em&#8221; global_colors_info=&#8221;{}&#8221;]<\/p>\n<h2>Rozwi\u0105zanie sprawdzone przez lata i u\u017cytkownik\u00f3w.<\/h2>\n<p>[\/et_pb_text][et_pb_text _builder_version=&#8221;4.27.0&#8243; _module_preset=&#8221;41069f61-2b18-434f-a283-a6df4356979c&#8221; text_text_color=&#8221;#000000&#8243; global_colors_info=&#8221;{}&#8221;]<\/p>\n<p><span style=\"font-weight: 400\">FreshFlow zacz\u0119li\u015bmy rozwija\u0107 w 2012 roku jako rozwi\u0105zanie do zarz\u0105dzania dzia\u0142aniami zespo\u0142\u00f3w w bran\u017cy finansowej i ubezpieczeniowej. <\/span><\/p>\n<p><span style=\"font-weight: 400\">Po latach pandemii, kiedy wzros\u0142a potrzeba efektywnej pracy z kalendarzem, kontaktami i zadaniami przy zarz\u0105dzaniu zespo\u0142em lub zwi\u0119kszaniu osobistej produktywno\u015bci, udost\u0119pnili\u015bmy sprawdzone rozwi\u0105zanie technologiczne tak\u017ce innym bran\u017com.<\/span><\/p>\n<h3><\/h3>\n<p>[\/et_pb_text][\/et_pb_column][et_pb_column type=&#8221;1_6&#8243; _builder_version=&#8221;4.27.0&#8243; _module_preset=&#8221;default&#8221; global_colors_info=&#8221;{}&#8221;][et_pb_number_counter title=&#8221;plus u\u017cytkownik\u00f3w&#8221; number=&#8221;10000&#8243; percent_sign=&#8221;off&#8221; _builder_version=&#8221;4.27.4&#8243; _module_preset=&#8221;default&#8221; number_font=&#8221;Poppins|600|||||||&#8221; number_text_color=&#8221;#68c2b9&#8243; number_font_size=&#8221;50px&#8221; number_letter_spacing=&#8221;-0.05em&#8221; number_line_height=&#8221;110px&#8221; custom_margin=&#8221;-1px||||false|false&#8221; custom_padding=&#8221;||4px|||&#8221; global_colors_info=&#8221;{}&#8221;][\/et_pb_number_counter][\/et_pb_column][et_pb_column type=&#8221;1_6&#8243; _builder_version=&#8221;4.16&#8243; _module_preset=&#8221;default&#8221; global_colors_info=&#8221;{}&#8221;][et_pb_number_counter title=&#8221;plus zespo\u0142\u00f3w&#8221; number=&#8221;800&#8243; percent_sign=&#8221;off&#8221; _builder_version=&#8221;4.27.0&#8243; _module_preset=&#8221;default&#8221; number_font=&#8221;Poppins|600|||||||&#8221; number_text_color=&#8221;#de62a1&#8243; number_font_size=&#8221;50px&#8221; number_letter_spacing=&#8221;-0.05em&#8221; number_line_height=&#8221;110px&#8221; custom_margin=&#8221;0px||||false|false&#8221; global_colors_info=&#8221;{}&#8221;][\/et_pb_number_counter][\/et_pb_column][et_pb_column type=&#8221;1_6&#8243; _builder_version=&#8221;4.16&#8243; _module_preset=&#8221;default&#8221; global_colors_info=&#8221;{}&#8221;][et_pb_number_counter title=&#8221;lat rozwoju&#8221; number=&#8221;13&#8243; percent_sign=&#8221;off&#8221; _builder_version=&#8221;4.27.4&#8243; _module_preset=&#8221;default&#8221; number_font=&#8221;Poppins|600|||||||&#8221; number_text_color=&#8221;#8364ab&#8221; number_font_size=&#8221;50px&#8221; number_letter_spacing=&#8221;-0.05em&#8221; number_line_height=&#8221;110px&#8221; custom_margin=&#8221;0px||||false|false&#8221; global_colors_info=&#8221;{}&#8221;][\/et_pb_number_counter][\/et_pb_column][\/et_pb_row][\/et_pb_section][et_pb_section fb_built=&#8221;1&#8243; prev_background_color=&#8221;#ffffff&#8221; module_id=&#8221;kontakty&#8221; _builder_version=&#8221;4.27.4&#8243; _module_preset=&#8221;default&#8221; background_enable_color=&#8221;off&#8221; use_background_color_gradient=&#8221;on&#8221; background_color_gradient_stops=&#8221;#eaeaea 0%|#ffffff 99%&#8221; custom_padding=&#8221;100px||40px||false|false&#8221; top_divider_style=&#8221;wave&#8221; global_colors_info=&#8221;{}&#8221;][et_pb_row _builder_version=&#8221;4.16&#8243; _module_preset=&#8221;default&#8221; custom_padding=&#8221;20px|||||&#8221; global_colors_info=&#8221;{}&#8221;][et_pb_column type=&#8221;4_4&#8243; _builder_version=&#8221;4.16&#8243; _module_preset=&#8221;default&#8221; global_colors_info=&#8221;{}&#8221;][et_pb_text _builder_version=&#8221;4.27.0&#8243; _module_preset=&#8221;default&#8221; header_2_font=&#8221;Poppins|300|||||||&#8221; header_2_font_size=&#8221;45px&#8221; header_2_letter_spacing=&#8221;-0.03em&#8221; header_2_line_height=&#8221;1.4em&#8221; global_colors_info=&#8221;{}&#8221;]<\/p>\n<h2 style=\"text-align: center\">Jak mo\u017cesz si\u0119 z nami skontaktowa\u0107?<\/h2>\n<p>[\/et_pb_text][\/et_pb_column][\/et_pb_row][et_pb_row column_structure=&#8221;1_3,1_3,1_3&#8243; _builder_version=&#8221;4.16&#8243; _module_preset=&#8221;default&#8221; custom_padding=&#8221;||50px|||&#8221; global_colors_info=&#8221;{}&#8221;][et_pb_column type=&#8221;1_3&#8243; _builder_version=&#8221;4.16&#8243; _module_preset=&#8221;default&#8221; global_colors_info=&#8221;{}&#8221;][et_pb_blurb title=&#8221;Potrzebujesz pomocy z FreshFlow?&#8221; use_icon=&#8221;on&#8221; font_icon=&#8221;&#x76;||divi||400&#8243; icon_color=&#8221;#36baf0&#8243; image_icon_background_color=&#8221;#ebf8fe&#8221; image_icon_width=&#8221;40px&#8221; icon_alignment=&#8221;left&#8221; _builder_version=&#8221;4.27.0&#8243; _module_preset=&#8221;default&#8221; header_line_height=&#8221;3em&#8221; body_line_height=&#8221;1.4em&#8221; image_icon_custom_padding=&#8221;25px|25px|25px|25px|false|false&#8221; custom_margin=&#8221;||0px||false|false&#8221; custom_padding=&#8221;0px||||false|false&#8221; border_color_all=&#8221;#B48EFF&#8221; border_style_all=&#8221;none&#8221; border_color_top=&#8221;#B48EFF&#8221; border_radii_image=&#8221;on|100%|100%|100%|100%&#8221; icon_font_size=&#8221;40px&#8221; use_circle=&#8221;on&#8221; circle_color=&#8221;#ebf8fe&#8221; global_colors_info=&#8221;{}&#8221; image_icon_background_color__sticky_enabled=&#8221;#7EBEC5&#8243; image_icon_background_color__sticky=&#8221;#7EBEC5&#8243;]<\/p>\n<p>Pisz na email:<\/p>\n<p><strong><a href=\"mailto:support@calendee.cz\">support@freshflow.cz<\/a><\/strong><\/p>\n<p><strong>Lub do czatu tutaj na dole po lewej.<\/strong><\/p>\n<p>Zwykle odpowiadamy w ci\u0105gu 24 godzin.<\/p>\n<p>Je\u015bli nie chcesz czeka\u0107, prawdopodobnie <a href=\"https:\/\/www.freshflow.app\/prvni-kroky-v-calendee\/\">znajdziesz odpowied\u017a w Poradnikach.<\/a><\/p>\n<p>[\/et_pb_blurb][\/et_pb_column][et_pb_column type=&#8221;1_3&#8243; _builder_version=&#8221;4.16&#8243; _module_preset=&#8221;default&#8221; global_colors_info=&#8221;{}&#8221;][et_pb_blurb title=&#8221;Zastanawiasz si\u0119 nad zam\u00f3wieniem?&#8221; use_icon=&#8221;on&#8221; font_icon=&#8221;&#x55;||divi||400&#8243; icon_color=&#8221;#36baf0&#8243; image_icon_background_color=&#8221;#ebf8fe&#8221; image_icon_width=&#8221;40px&#8221; icon_alignment=&#8221;left&#8221; _builder_version=&#8221;4.27.0&#8243; _module_preset=&#8221;default&#8221; header_line_height=&#8221;3em&#8221; body_line_height=&#8221;1.4em&#8221; image_icon_custom_padding=&#8221;25px|25px|25px|25px|false|false&#8221; custom_margin=&#8221;||0px||false|false&#8221; custom_padding=&#8221;0px||||false|false&#8221; border_style_all=&#8221;none&#8221; border_radii_image=&#8221;on|100%|100%|100%|100%&#8221; icon_font_size=&#8221;40px&#8221; use_circle=&#8221;on&#8221; circle_color=&#8221;#ebf8fe&#8221; global_colors_info=&#8221;{}&#8221; image_icon_background_color__sticky_enabled=&#8221;#7EBEC5&#8243; image_icon_background_color__sticky=&#8221;#7EBEC5&#8243;]<\/p>\n<p style=\"text-align: left\">Ch\u0119tnie odpowiemy na twoje pytania.<\/p>\n<p style=\"text-align: left\">Dzwo\u0144 pod numer:<br \/><strong>+420 739 612 298<\/strong><\/p>\n<p style=\"text-align: left\">Pisz na email:<br \/><strong><a href=\"mailto:sales@calendee.cz\">info@freshflow.cz<\/a><\/strong><\/p>\n<p style=\"text-align: left\"><strong>Lub do czatu tutaj na dole po lewej.<\/strong><\/p>\n<p>[\/et_pb_blurb][\/et_pb_column][et_pb_column type=&#8221;1_3&#8243; _builder_version=&#8221;4.16&#8243; _module_preset=&#8221;default&#8221; global_colors_info=&#8221;{}&#8221;][et_pb_blurb title=&#8221;Potrzebujesz danych do faktury?&#8221; use_icon=&#8221;on&#8221; font_icon=&#8221;&#xe0ef;||divi||400&#8243; icon_color=&#8221;#36baf0&#8243; image_icon_background_color=&#8221;#ebf8fe&#8221; image_icon_width=&#8221;40px&#8221; icon_alignment=&#8221;left&#8221; _builder_version=&#8221;4.27.0&#8243; _module_preset=&#8221;default&#8221; header_line_height=&#8221;3em&#8221; body_line_height=&#8221;1.4em&#8221; image_icon_custom_padding=&#8221;25px|25px|25px|25px|false|false&#8221; custom_margin=&#8221;||0px||false|false&#8221; custom_padding=&#8221;0px||||false|false&#8221; border_style_all=&#8221;none&#8221; border_radii_image=&#8221;on|100%|100%|100%|100%&#8221; icon_font_size=&#8221;40px&#8221; use_circle=&#8221;on&#8221; circle_color=&#8221;#ebf8fe&#8221; global_colors_info=&#8221;{}&#8221; image_icon_background_color__sticky_enabled=&#8221;#7EBEC5&#8243; image_icon_background_color__sticky=&#8221;#7EBEC5&#8243;]<\/p>\n<p style=\"text-align: left\">FreshFlow Systems s.r.o.<br \/><span style=\"font-weight: 400\"><\/span><\/p>\n<p style=\"text-align: left\"><span style=\"font-weight: 400\">Pra\u017esk\u00e1 636<br \/>252 41 Doln\u00ed B\u0159e\u017eany, Republika Czeska<\/span><\/p>\n<p style=\"text-align: left\"><span style=\"font-weight: 400\">I\u010c: 24299057<br \/>DI\u010c: CZ24299057<\/span><\/p>\n<p style=\"text-align: left\"><span style=\"font-weight: 400\">Sp\u00f3\u0142ka wpisana do rejestru handlowego przy S\u0105dzie Miejskim w Pradze, dzia\u0142 C, wpis 194216.<\/span><\/p>\n<p>[\/et_pb_blurb][\/et_pb_column][\/et_pb_row][\/et_pb_section][et_pb_section fb_built=&#8221;1&#8243; prev_background_color=&#8221;#ffffff&#8221; _builder_version=&#8221;4.27.0&#8243; _module_preset=&#8221;default&#8221; background_enable_color=&#8221;off&#8221; use_background_color_gradient=&#8221;on&#8221; background_color_gradient_stops=&#8221;#eaeaea 0%|#ffffff 99%&#8221; custom_padding=&#8221;151px||40px||false|false&#8221; top_divider_style=&#8221;wave&#8221; locked=&#8221;off&#8221; global_colors_info=&#8221;{}&#8221;][et_pb_row _builder_version=&#8221;4.23&#8243; _module_preset=&#8221;default&#8221; custom_margin=&#8221;0px||||false|false&#8221; custom_padding=&#8221;0px||0px||false|false&#8221; global_colors_info=&#8221;{}&#8221;][et_pb_column type=&#8221;4_4&#8243; _builder_version=&#8221;4.23&#8243; _module_preset=&#8221;default&#8221; global_colors_info=&#8221;{}&#8221;][et_pb_text _builder_version=&#8221;4.27.4&#8243; _module_preset=&#8221;default&#8221; header_2_font=&#8221;Poppins|300|||||||&#8221; header_2_font_size=&#8221;45px&#8221; header_2_letter_spacing=&#8221;-0.03em&#8221; header_2_line_height=&#8221;1.4em&#8221; locked=&#8221;off&#8221; global_colors_info=&#8221;{}&#8221;]<\/p>\n<h2 class=\"et_pb_module_heading et-fb-editable-element et-fb-editable-element__editing\" data-shortcode-id=\"4.1.0.0-1725608529398\" data-quickaccess-id=\"title\" style=\"text-align: center\">Co m\u00f3wi\u0105 ci, kt\u00f3rzy znaj\u0105 FreshFlow?<\/h2>\n<p>[\/et_pb_text][\/et_pb_column][\/et_pb_row][et_pb_row column_structure=&#8221;1_2,1_2&#8243; custom_padding_last_edited=&#8221;on|phone&#8221; _builder_version=&#8221;4.23&#8243; _module_preset=&#8221;default&#8221; width=&#8221;100%&#8221; custom_margin=&#8221;0px|auto|-95px|auto|false|false&#8221; custom_padding=&#8221;35px||151px||false|true&#8221; custom_padding_tablet=&#8221;||50px||false|false&#8221; custom_padding_phone=&#8221;20px||50px||false|false&#8221; global_colors_info=&#8221;{}&#8221;][et_pb_column type=&#8221;1_2&#8243; _builder_version=&#8221;4.16&#8243; _module_preset=&#8221;default&#8221; custom_padding=&#8221;0px|0px|0px|0px|false|false&#8221; global_colors_info=&#8221;{}&#8221;][et_pb_testimonial author=&#8221;Michal Krej\u010d\u00ed&#8221; job_title=&#8221;Partner sp\u00f3\u0142ki&#8221; company_name=&#8221;Partners Financial Services, a.s.&#8221; quote_icon=&#8221;off&#8221; _builder_version=&#8221;4.27.4&#8243; _module_preset=&#8221;default&#8221; background_color=&#8221;#FFFFFF&#8221; width_tablet=&#8221;&#8221; width_phone=&#8221;&#8221; width_last_edited=&#8221;on|phone&#8221; max_width=&#8221;100%&#8221; custom_margin=&#8221;101px||||false|false&#8221; custom_margin_tablet=&#8221;0px||||false|false&#8221; custom_margin_phone=&#8221;0px||||false|false&#8221; custom_margin_last_edited=&#8221;on|phone&#8221; custom_padding=&#8221;40px|40px|20px|40px|false|false&#8221; border_radii=&#8221;on|16px|16px|16px|16px&#8221; box_shadow_style=&#8221;preset2&#8243; box_shadow_horizontal=&#8221;0px&#8221; box_shadow_blur=&#8221;8px&#8221; box_shadow_color=&#8221;rgba(10,0,0,0.06)&#8221; global_colors_info=&#8221;{}&#8221;]<\/p>\n<p><img loading=\"lazy\" decoding=\"async\" src=\"https:\/\/freshflow.app\/wp-content\/uploads\/2025\/11\/file.svg\" width=\"358\" height=\"111\" alt=\"\" class=\"wp-image-226951 alignnone size-full\"><\/p>\n<p><img loading=\"lazy\" decoding=\"async\" src=\"https:\/\/freshflow.app\/wp-content\/uploads\/2023\/10\/quote.png\" width=\"38\" height=\"30\" alt=\"\" class=\"wp-image-24889 alignnone size-full\"><\/p>\n<p>\u201eWarto\u015b\u0107 dodana Partners Office (spersonalizowana wersja FreshFlow w Partners) w zarz\u0105dzaniu kontaktami jest<br \/>ogromna. Ka\u017cdy, kto powa\u017cnie my\u015bli o budowaniu firmy i biznesu, powinien z niej korzysta\u0107. W\u0142a\u015bciwe zarz\u0105dzanie czasem jest jednym z kluczy do sukcesu. Jak si\u0119 m\u00f3wi: Ludzie nie planuj\u0105 pora\u017cki, ale ponosz\u0105 pora\u017ck\u0119 w planowaniu.<br \/>Partners Office daje mi mo\u017cliwo\u015b\u0107 wgl\u0105du w struktur\u0119 firmy i kontrol\u0119 nad efektywno\u015bci\u0105 moich<br \/>wsp\u00f3\u0142pracownik\u00f3w.    Obie te funkcjonalno\u015bci uwa\u017cam za absolutnie kluczowe i korzystam z nich bardzo cz\u0119sto.<\/p>\n<p>[\/et_pb_testimonial][\/et_pb_column][et_pb_column type=&#8221;1_2&#8243; _builder_version=&#8221;4.16&#8243; _module_preset=&#8221;default&#8221; global_colors_info=&#8221;{}&#8221;][et_pb_testimonial author=&#8221;Petr Kop\u0159iva&#8221; job_title=&#8221;Head of NN Digital Hub&#8221; company_name=&#8221;NN \u017divotn\u00ed poji\u0161\u0165ovna&#8221; quote_icon=&#8221;off&#8221; _builder_version=&#8221;4.27.4&#8243; _module_preset=&#8221;default&#8221; background_color=&#8221;#FFFFFF&#8221; width=&#8221;100%&#8221; custom_margin=&#8221;||0px|0px|false|false&#8221; custom_padding=&#8221;40px|40px|20px|40px|false|false&#8221; border_radii=&#8221;on|16px|16px|16px|16px&#8221; box_shadow_style=&#8221;preset2&#8243; box_shadow_horizontal=&#8221;0px&#8221; box_shadow_blur=&#8221;8px&#8221; box_shadow_color=&#8221;rgba(10,0,0,0.06)&#8221; global_colors_info=&#8221;{}&#8221;]<\/p>\n<p><img loading=\"lazy\" decoding=\"async\" src=\"https:\/\/freshflow.app\/wp-content\/uploads\/2025\/11\/NN.svg\" width=\"186\" height=\"103\" alt=\"\" class=\"wp-image-226960 alignnone size-full\"><\/p>\n<p><img loading=\"lazy\" decoding=\"async\" src=\"https:\/\/freshflow.app\/wp-content\/uploads\/2023\/10\/quote.png\" width=\"38\" height=\"30\" alt=\"\" class=\"wp-image-24889 alignnone size-full\"><\/p>\n<p>\u201eAktywnie korzystali\u015bmy z FreshFlow podczas realizacji naszej kampanii akwizycyjnej, gdzie udowodni\u0142, \u017ce jest pot\u0119\u017cnym<br \/>narz\u0119dziem w zarz\u0105dzaniu sieci\u0105 sprzeda\u017cy.&#8221;<span style=\"color: #001c44;font-family: 'Bienalle bold\"><\/span><\/p>\n<p>[\/et_pb_testimonial][et_pb_testimonial author=&#8221;Petr Hladn\u00fd&#8221; job_title=&#8221;Dyrektor Regionalny&#8221; company_name=&#8221;Allianz poji\u0161\u0165ovna, a. s. &#8221; quote_icon=&#8221;off&#8221; _builder_version=&#8221;4.27.4&#8243; _module_preset=&#8221;default&#8221; background_color=&#8221;#FFFFFF&#8221; custom_margin=&#8221;30px|0px|0px||false|false&#8221; custom_padding=&#8221;40px|40px|40px|40px|false|false&#8221; border_radii=&#8221;on|16px|16px|16px|16px&#8221; box_shadow_style=&#8221;preset2&#8243; box_shadow_horizontal=&#8221;0px&#8221; box_shadow_blur=&#8221;8px&#8221; box_shadow_color=&#8221;rgba(10,0,0,0.06)&#8221; global_colors_info=&#8221;{}&#8221;]<\/p>\n<p><img loading=\"lazy\" decoding=\"async\" src=\"https:\/\/freshflow.app\/wp-content\/uploads\/2025\/11\/Allianz.svg\" width=\"286\" height=\"71\" alt=\"\" class=\"wp-image-226927 alignnone size-full\"><\/p>\n<p><img loading=\"lazy\" decoding=\"async\" src=\"https:\/\/freshflow.app\/wp-content\/uploads\/2023\/10\/quote.png\" width=\"38\" height=\"30\" alt=\"\" class=\"wp-image-24889 alignnone size-full\"><\/p>\n<p class=\"p1\">\u201eSystem FreshFlow ocenili\u015bmy jako bardzo efektywne narz\u0119dzie do zarz\u0105dzania aktywno\u015bciami i interaktywnej<br \/>informacji zwrotnej w ca\u0142ym zespole sprzeda\u017cowym. Dlatego zdecydowali\u015bmy si\u0119 wdro\u017cy\u0107 go w ca\u0142ej<br \/>Podstawowej Sieci Sprzeda\u017cy Allianz poji\u0161\u0165ovny, a.s.&#8221; <\/p>\n<p>[\/et_pb_testimonial][\/et_pb_column][\/et_pb_row][\/et_pb_section][et_pb_section fb_built=&#8221;1&#8243; module_class=&#8221;fialova&#8221; _builder_version=&#8221;4.16&#8243; _module_preset=&#8221;default&#8221; background_color=&#8221;#8364ab&#8221; locked=&#8221;off&#8221; global_colors_info=&#8221;{}&#8221;][et_pb_row _builder_version=&#8221;4.27.4&#8243; _module_preset=&#8221;default&#8221; global_colors_info=&#8221;{}&#8221;][et_pb_column type=&#8221;4_4&#8243; _builder_version=&#8221;4.16&#8243; _module_preset=&#8221;default&#8221; global_colors_info=&#8221;{}&#8221;][et_pb_text _builder_version=&#8221;4.27.4&#8243; _module_preset=&#8221;default&#8221; text_font_size=&#8221;23px&#8221; header_2_font=&#8221;Poppins|300|||||||&#8221; header_2_font_size=&#8221;45px&#8221; header_2_letter_spacing=&#8221;-0.03em&#8221; header_2_line_height=&#8221;1.4em&#8221; locked=&#8221;off&#8221; global_colors_info=&#8221;{}&#8221;]<\/p>\n<h2 class=\"et_pb_module_heading et-fb-editable-element et-fb-editable-element__editing\" data-shortcode-id=\"4.1.0.0-1725608529398\" data-quickaccess-id=\"title\" style=\"text-align: center\"><span style=\"color: #ffffff\">Zacznij z FreshFlow jeszcze dzi\u015b!<\/span><\/h2>\n<p><span style=\"color: #362c6e\"><\/span><\/p>\n<p style=\"text-align: center\"><span style=\"font-weight: 400;color: #ffffff\">30 dni za darmo<\/span><\/p>\n<p style=\"text-align: center\"><span style=\"font-weight: 400;color: #ffffff\">Bez podawania karty p\u0142atniczej<\/span><span style=\"font-weight: 400;color: #362c6e\"><\/span><\/p>\n<p><span style=\"color: #ffffff\"><\/span><\/p>\n<p>[\/et_pb_text][dipl_button buttons_alignment=&#8221;center&#8221; _builder_version=&#8221;4.27.5&#8243; _module_preset=&#8221;default&#8221; hover_enabled=&#8221;0&#8243; global_colors_info=&#8221;{}&#8221; sticky_enabled=&#8221;0&#8243; locked=&#8221;off&#8221;][dipl_button_item button_text=&#8221;Rozpocznij za darmo&#8221; button_url=&#8221;https:\/\/app.freshflow.cz\/signup&#8221; button_bg_color=&#8221;#36baf0&#8243; button_custom_margin=&#8221;|||0px|false|false&#8221; button_custom_padding=&#8221;5px|30px|5px|30px|false|false&#8221; _builder_version=&#8221;4.27.5&#8243; _module_preset=&#8221;default&#8221; button_font=&#8221;Poppins||||||||&#8221; button_text_color=&#8221;#FFFFFF&#8221; button_font_size=&#8221;25px&#8221; button_line_height=&#8221;1.5em&#8221; text_orientation=&#8221;center&#8221; hover_enabled=&#8221;0&#8243; border_radii=&#8221;on|50px|50px|50px|50px&#8221; global_colors_info=&#8221;{}&#8221; sticky_enabled=&#8221;0&#8243;][\/dipl_button_item][\/dipl_button][\/et_pb_column][\/et_pb_row][\/et_pb_section]<\/p>\n","protected":false},"excerpt":{"rendered":"<p><div class=\"et_pb_module dipl_double_color_heading dipl_double_color_heading_0 \">\n\t\t\t\t\n\t\t\t\t\n\t\t\t\t\n\t\t\t\t\n\t\t\t\t\n\t\t\t\t\n\t\t\t\t<div class=\"et_pb_module_inner\">\n\t\t\t\t\t<div class=\"dipl_text_wrapper\"><h1><span class=\"dipl_text_stack dipl_main_text_stack\"><span class=\"dipl_main_text\">Sprawdzony system i wieloletnie do\u015bwiadczenie<\/span><\/span><span class=\"dipl_text_stack dipl_post_text_stack\"><span class=\"dipl_post_text\">FreshFlow rozwijamy od 2012 roku, a korzystaj\u0105 z niego tysi\u0105ce u\u017cytkownik\u00f3w<\/span><\/span><\/h1><\/div>\n\t\t\t\t<\/div>\n\t\t\t<\/div>Rozwi\u0105zanie sprawdzone przez lata i u\u017cytkownik\u00f3w.FreshFlow zacz\u0119li\u015bmy rozwija\u0107 w 2012 roku jako rozwi\u0105zanie do zarz\u0105dzania dzia\u0142aniami zespo\u0142\u00f3w w bran\u017cy finansowej i ubezpieczeniowej. Po latach pandemii, [&hellip;]<\/p>\n","protected":false},"author":5,"featured_media":0,"parent":0,"menu_order":0,"comment_status":"closed","ping_status":"closed","template":"","meta":{"_et_pb_use_builder":"on","_et_pb_old_content":"","_et_gb_content_width":"","footnotes":""},"class_list":["post-227714","page","type-page","status-publish","hentry"],"_links":{"self":[{"href":"https:\/\/freshflow.app\/pl\/wp-json\/wp\/v2\/pages\/227714","targetHints":{"allow":["GET"]}}],"collection":[{"href":"https:\/\/freshflow.app\/pl\/wp-json\/wp\/v2\/pages"}],"about":[{"href":"https:\/\/freshflow.app\/pl\/wp-json\/wp\/v2\/types\/page"}],"author":[{"embeddable":true,"href":"https:\/\/freshflow.app\/pl\/wp-json\/wp\/v2\/users\/5"}],"replies":[{"embeddable":true,"href":"https:\/\/freshflow.app\/pl\/wp-json\/wp\/v2\/comments?post=227714"}],"version-history":[{"count":5,"href":"https:\/\/freshflow.app\/pl\/wp-json\/wp\/v2\/pages\/227714\/revisions"}],"predecessor-version":[{"id":228768,"href":"https:\/\/freshflow.app\/pl\/wp-json\/wp\/v2\/pages\/227714\/revisions\/228768"}],"wp:attachment":[{"href":"https:\/\/freshflow.app\/pl\/wp-json\/wp\/v2\/media?parent=227714"}],"curies":[{"name":"wp","href":"https:\/\/api.w.org\/{rel}","templated":true}]}}