{"id":228770,"date":"2024-11-01T12:22:28","date_gmt":"2024-11-01T11:22:28","guid":{"rendered":"https:\/\/freshflow.cz\/gracias\/"},"modified":"2025-12-31T17:21:26","modified_gmt":"2025-12-31T16:21:26","slug":"gracias","status":"publish","type":"page","link":"https:\/\/freshflow.app\/es\/gracias\/","title":{"rendered":"Gracias"},"content":{"rendered":"<p>[et_pb_section fb_built=\u00bb1&#8243; _builder_version=\u00bb4.16&#8243; _module_preset=\u00bbdefault\u00bb background_color=\u00bb#ffffff\u00bb custom_padding=\u00bb||30px|||\u00bb global_colors_info=\u00bb{}\u00bb][et_pb_row _builder_version=\u00bb4.16&#8243; _module_preset=\u00bbdefault\u00bb global_colors_info=\u00bb{}\u00bb][et_pb_column type=\u00bb4_4&#8243; _builder_version=\u00bb4.16&#8243; _module_preset=\u00bbdefault\u00bb global_colors_info=\u00bb{}\u00bb][et_pb_text _builder_version=\u00bb4.27.5&#8243; _module_preset=\u00bbdefault\u00bb header_2_font=\u00bbPoppins|300|||||||\u00bb header_2_font_size=\u00bb45px\u00bb header_2_letter_spacing=\u00bb-0.03em\u00bb header_2_line_height=\u00bb1.4em\u00bb hover_enabled=\u00bb0&#8243; global_colors_info=\u00bb{}\u00bb sticky_enabled=\u00bb0&#8243; custom_margin=\u00bb||0px|||\u00bb]<\/p>\n<h2 style=\"text-align: center\">Gracias por tu inter\u00e9s.<\/h2>\n<h2 style=\"text-align: center\">Nos pondremos en contacto en breve.<\/h2>\n<p>&nbsp;<\/p>\n<p>[\/et_pb_text][et_pb_text _builder_version=\u00bb4.27.0&#8243; _module_preset=\u00bbdefault\u00bb text_font_size=\u00bb20px\u00bb header_2_font=\u00bbPoppins|300|||||||\u00bb header_2_font_size=\u00bb45px\u00bb header_2_letter_spacing=\u00bb-0.03em\u00bb header_2_line_height=\u00bb1.4em\u00bb global_colors_info=\u00bb{}\u00bb]<\/p>\n<p style=\"text-align: center\">\u00bfA\u00fan no has probado FreshFlow?<\/p>\n<p style=\"text-align: center\">Es f\u00e1cil. Solo tienes que introducir tu correo electr\u00f3nico: <\/p>\n<p style=\"text-align: center\">\n<p>[\/et_pb_text][et_pb_button button_url=\u00bbhttps:\/\/app.freshflow.cz\/signup\u00bb button_text=\u00bbEmpieza gratis\u00bb button_alignment=\u00bbcenter\u00bb _builder_version=\u00bb4.27.5&#8243; _module_preset=\u00bbdefault\u00bb hover_enabled=\u00bb0&#8243; global_colors_info=\u00bb{}\u00bb sticky_enabled=\u00bb0&#8243;][\/et_pb_button][\/et_pb_column][\/et_pb_row][\/et_pb_section]<\/p>\n","protected":false},"excerpt":{"rendered":"<p>Gracias por tu inter\u00e9s. Nos pondremos en contacto en breve. &nbsp;\u00bfA\u00fan no has probado FreshFlow? Es f\u00e1cil. Solo tienes que introducir tu correo electr\u00f3nico:<\/p>\n","protected":false},"author":5,"featured_media":0,"parent":0,"menu_order":0,"comment_status":"closed","ping_status":"closed","template":"","meta":{"_et_pb_use_builder":"on","_et_pb_old_content":"","_et_gb_content_width":"","footnotes":""},"class_list":["post-228770","page","type-page","status-publish","hentry"],"_links":{"self":[{"href":"https:\/\/freshflow.app\/es\/wp-json\/wp\/v2\/pages\/228770","targetHints":{"allow":["GET"]}}],"collection":[{"href":"https:\/\/freshflow.app\/es\/wp-json\/wp\/v2\/pages"}],"about":[{"href":"https:\/\/freshflow.app\/es\/wp-json\/wp\/v2\/types\/page"}],"author":[{"embeddable":true,"href":"https:\/\/freshflow.app\/es\/wp-json\/wp\/v2\/users\/5"}],"replies":[{"embeddable":true,"href":"https:\/\/freshflow.app\/es\/wp-json\/wp\/v2\/comments?post=228770"}],"version-history":[{"count":10,"href":"https:\/\/freshflow.app\/es\/wp-json\/wp\/v2\/pages\/228770\/revisions"}],"predecessor-version":[{"id":228800,"href":"https:\/\/freshflow.app\/es\/wp-json\/wp\/v2\/pages\/228770\/revisions\/228800"}],"wp:attachment":[{"href":"https:\/\/freshflow.app\/es\/wp-json\/wp\/v2\/media?parent=228770"}],"curies":[{"name":"wp","href":"https:\/\/api.w.org\/{rel}","templated":true}]}}