{"id":3518,"date":"2024-03-01T20:38:05","date_gmt":"2024-03-01T19:38:05","guid":{"rendered":"https:\/\/freshflow.app\/?page_id=3518"},"modified":"2026-02-05T09:21:36","modified_gmt":"2026-02-05T08:21:36","slug":"who-will-use","status":"publish","type":"page","link":"https:\/\/freshflow.app\/en\/who-will-use\/","title":{"rendered":"Who will use"},"content":{"rendered":"<p>[et_pb_section fb_built=&#8221;1&#8243; next_background_color=&#8221;#ffffff&#8221; _builder_version=&#8221;4.27.0&#8243; _module_preset=&#8221;default&#8221; background_color=&#8221;#362C6E&#8221; use_background_color_gradient=&#8221;on&#8221; background_color_gradient_type=&#8221;elliptical&#8221; background_color_gradient_direction_radial=&#8221;bottom&#8221; background_color_gradient_stops=&#8221;#6a4ebf 0%|#200059 76%&#8221; custom_padding=&#8221;||176px||false|false&#8221; bottom_divider_style=&#8221;wave&#8221; locked=&#8221;off&#8221; global_colors_info=&#8221;{}&#8221;][et_pb_row _builder_version=&#8221;4.16&#8243; _module_preset=&#8221;default&#8221; global_colors_info=&#8221;{}&#8221;][et_pb_column type=&#8221;4_4&#8243; _builder_version=&#8221;4.16&#8243; _module_preset=&#8221;default&#8221; global_colors_info=&#8221;{}&#8221;][dipl_double_color_heading heading_main_part=&#8221;FreshFlow is for everyone who:&#8221; heading_post_part=&#8221;works with recurring clients, their related activities, and regular campaigns&#8221; display_in_stack=&#8221;on&#8221; _builder_version=&#8221;4.27.5&#8243; _module_preset=&#8221;default&#8221; global_heading_settings_level=&#8221;h1&#8243; main_header_font=&#8221;|600|||||||&#8221; main_header_text_align=&#8221;center&#8221; main_header_text_color=&#8221;#FFFFFF&#8221; main_header_font_size=&#8221;50px&#8221; post_header_text_align=&#8221;center&#8221; post_header_text_color=&#8221;#B48EFF&#8221; main_header_font_size_tablet=&#8221;50px&#8221; main_header_font_size_phone=&#8221;42px&#8221; main_header_font_size_last_edited=&#8221;on|desktop&#8221; global_colors_info=&#8221;{}&#8221;][\/dipl_double_color_heading][\/et_pb_column][\/et_pb_row][et_pb_row _builder_version=&#8221;4.27.0&#8243; _module_preset=&#8221;default&#8221; max_width=&#8221;700px&#8221; custom_margin=&#8221;0px||-280px||false|false&#8221; custom_padding=&#8221;0px||||false|false&#8221; global_colors_info=&#8221;{}&#8221;][et_pb_column type=&#8221;4_4&#8243; _builder_version=&#8221;4.16&#8243; _module_preset=&#8221;default&#8221; global_colors_info=&#8221;{}&#8221;][et_pb_image src=&#8221;https:\/\/freshflow.app\/wp-content\/uploads\/2024\/09\/ilustrace___1.webp&#8221; alt=&#8221;Kalend\u00e1\u0159 Calendee&#8221; title_text=&#8221;ilustrace___1&#8243; _builder_version=&#8221;4.27.0&#8243; _module_preset=&#8221;default&#8221; custom_margin=&#8221;-23px|||||&#8221; custom_padding=&#8221;0px|||||&#8221; global_colors_info=&#8221;{}&#8221;][\/et_pb_image][\/et_pb_column][\/et_pb_row][\/et_pb_section][et_pb_section fb_built=&#8221;1&#8243; custom_padding_last_edited=&#8221;on|phone&#8221; _builder_version=&#8221;4.27.5&#8243; _module_preset=&#8221;default&#8221; background_enable_color=&#8221;off&#8221; custom_margin=&#8221;-2px|||||&#8221; custom_padding=&#8221;113px||0px||false|false&#8221; custom_padding_tablet=&#8221;&#8221; custom_padding_phone=&#8221;40px||||false|false&#8221; top_divider_style=&#8221;wave&#8221; top_divider_color=&#8221;RGBA(255,255,255,0)&#8221; border_radii_tablet=&#8221;&#8221; border_radii_phone=&#8221;&#8221; border_radii_last_edited=&#8221;on|phone&#8221; saved_tabs=&#8221;all&#8221; global_colors_info=&#8221;{}&#8221;][\/et_pb_section][et_pb_section fb_built=&#8221;1&#8243; prev_background_color=&#8221;#ffffff&#8221; _builder_version=&#8221;4.27.0&#8243; _module_preset=&#8221;default&#8221; background_enable_color=&#8221;off&#8221; use_background_color_gradient=&#8221;on&#8221; background_color_gradient_stops=&#8221;#eaeaea 0%|#ffffff 99%&#8221; custom_padding=&#8221;100px||40px||false|false&#8221; top_divider_style=&#8221;wave&#8221; global_colors_info=&#8221;{}&#8221; locked=&#8221;off&#8221; custom_margin=&#8221;-115px|||||&#8221;][et_pb_row _builder_version=&#8221;4.23.2&#8243; _module_preset=&#8221;default&#8221; locked=&#8221;off&#8221; global_colors_info=&#8221;{}&#8221;][et_pb_column type=&#8221;4_4&#8243; _builder_version=&#8221;4.23.2&#8243; _module_preset=&#8221;default&#8221; global_colors_info=&#8221;{}&#8221;][et_pb_text _builder_version=&#8221;4.27.0&#8243; _module_preset=&#8221;default&#8221; header_2_font=&#8221;Poppins|300|||||||&#8221; header_2_font_size=&#8221;45px&#8221; header_2_letter_spacing=&#8221;-0.03em&#8221; header_2_line_height=&#8221;1.4em&#8221; global_colors_info=&#8221;{}&#8221;]<\/p>\n<h2 style=\"text-align: center\">What will FreshFlow bring you?<\/h2>\n<p>[\/et_pb_text][\/et_pb_column][\/et_pb_row][et_pb_row column_structure=&#8221;1_4,1_4,1_4,1_4&#8243; _builder_version=&#8221;4.24.0&#8243; _module_preset=&#8221;default&#8221; locked=&#8221;off&#8221; global_colors_info=&#8221;{}&#8221;][et_pb_column type=&#8221;1_4&#8243; admin_label=&#8221;Column&#8221; _builder_version=&#8221;4.16&#8243; _module_preset=&#8221;default&#8221; global_colors_info=&#8221;{}&#8221;][et_pb_blurb title=&#8221;Financial advisors&#8221; _builder_version=&#8221;4.24.0&#8243; _module_preset=&#8221;default&#8221; body_font=&#8221;Source Sans Pro||||||||&#8221; min_height=&#8221;387.9px&#8221; custom_padding=&#8221;30px||0px||false|false&#8221; global_colors_info=&#8221;{}&#8221;]<\/p>\n<div class=\"flex-1 overflow-hidden\">\n<div class=\"react-scroll-to-bottom--css-punyx-79elbk h-full\">\n<div class=\"react-scroll-to-bottom--css-punyx-1n7m0yu\">\n<div class=\"flex flex-col pb-9 text-sm\">\n<div class=\"w-full text-token-text-primary\" data-testid=\"conversation-turn-7\">\n<div class=\"px-4 py-2 justify-center text-base md:gap-6 m-auto\">\n<div class=\"flex flex-1 text-base mx-auto gap-3 md:px-5 lg:px-1 xl:px-5 md:max-w-3xl lg:max-w-[40rem] xl:max-w-[48rem] group final-completion\">\n<div class=\"relative flex w-full flex-col lg:w-[calc(100%-115px)] agent-turn\">\n<div class=\"flex-col gap-1 md:gap-3\">\n<div class=\"flex flex-grow flex-col max-w-full\">\n<div data-message-author-role=\"assistant\" data-message-id=\"d3553d50-b712-4d6e-85d7-cfaf080c95ad\" class=\"min-h-[20px] text-message flex flex-col items-start gap-3 whitespace-pre-wrap break-words [.text-message+&amp;]:mt-5 overflow-x-auto\">\n<div class=\"markdown prose w-full break-words dark:prose-invert dark\">\n<div class=\"w-full text-token-text-primary\" data-testid=\"conversation-turn-2\">\n<div class=\"px-4 py-2 justify-center text-base md:gap-6 m-auto\">\n<div class=\"flex flex-1 text-base mx-auto gap-3 md:px-5 lg:px-1 xl:px-5 md:max-w-3xl lg:max-w-[40rem] xl:max-w-[48rem] group\">\n<div class=\"relative flex w-full flex-col lg:w-[calc(100%-115px)]\">\n<div class=\"flex-col gap-1 md:gap-3\">\n<div class=\"flex flex-grow flex-col max-w-full\">\n<div data-message-author-role=\"user\" data-message-id=\"aaa2c16d-2b83-4487-95fe-06d2540040be\" class=\"min-h-[20px] text-message flex flex-col items-start gap-3 whitespace-pre-wrap break-words [.text-message+&amp;]:mt-5 overflow-x-auto\">\n<p>A good financial advisor understands not only the financial issues, but also their clients and their needs. With FreshFlow, you create a unique database of your contacts to which you can record everything you need. It will also allow you to effectively manage your meetings and connect with your teammates.<\/p>\n<\/div>\n<\/div>\n<\/div>\n<\/div>\n<\/div>\n<\/div>\n<\/div>\n<\/div>\n<\/div>\n<\/div>\n<div class=\"mt-1 flex justify-start gap-3 empty:hidden\">\n<div class=\"text-gray-400 flex self-end lg:self-center justify-center lg:justify-start mt-0 -ml-1 visible\">\n<div class=\"flex items-center gap-1.5 text-xs\"><\/div>\n<div class=\"flex\"><\/div>\n<\/div>\n<\/div>\n<\/div>\n<\/div>\n<\/div>\n<\/div>\n<\/div>\n<\/div>\n<\/div>\n<\/div>\n<\/div>\n<div class=\"w-full pt-2 md:pt-0 dark:border-white\/20 md:border-transparent md:dark:border-transparent md:w-[calc(100%-.5rem)]\">\n<div class=\"relative flex h-full flex-1 items-stretch md:flex-col\">\n<div class=\"flex w-full items-center\"><\/div>\n<\/div>\n<\/div>\n<p>[\/et_pb_blurb][\/et_pb_column][et_pb_column type=&#8221;1_4&#8243; admin_label=&#8221;Column&#8221; _builder_version=&#8221;4.16&#8243; _module_preset=&#8221;default&#8221; global_colors_info=&#8221;{}&#8221;][et_pb_blurb title=&#8221;MLM distributors&#8221; _builder_version=&#8221;4.24.0&#8243; _module_preset=&#8221;default&#8221; body_font=&#8221;Source Sans Pro||||||||&#8221; border_color_all=&#8221;#de62a1&#8243; global_colors_info=&#8221;{}&#8221;]<\/p>\n<p>Do you work in network marketing and have a large database of contacts and schedule dozens to hundreds of meetings every day? With FreshFlow, you&#8217;ll have everything neatly at your fingertips, without the need for multiple apps and paper diaries. A tree view of your structure will also help you work more efficiently.<\/p>\n<p>[\/et_pb_blurb][\/et_pb_column][et_pb_column type=&#8221;1_4&#8243; _builder_version=&#8221;4.16&#8243; _module_preset=&#8221;default&#8221; global_colors_info=&#8221;{}&#8221;][et_pb_blurb title=&#8221;Maintenance and service&#8221; _builder_version=&#8221;4.24.0&#8243; _module_preset=&#8221;default&#8221; body_font=&#8221;Source Sans Pro||||||||&#8221; border_color_top=&#8221;#8364ab&#8221; global_colors_info=&#8221;{}&#8221;]<\/p>\n<p>Looking for an effective system to manage your team of engineers? Are you missing a platform for delegating tasks and tracking performance and workload in a shared calendar? FreshFlow gives you easy connectivity across your team and allows you to work together on jobs by delegating and sharing tasks. <\/p>\n<p>[\/et_pb_blurb][\/et_pb_column][et_pb_column type=&#8221;1_4&#8243; _builder_version=&#8221;4.16&#8243; _module_preset=&#8221;default&#8221; global_colors_info=&#8221;{}&#8221;][et_pb_blurb title=&#8221;Call centres&#8221; _builder_version=&#8221;4.24.0&#8243; _module_preset=&#8221;default&#8221; body_font=&#8221;Source Sans Pro||||||||&#8221; border_color_top=&#8221;#e95537&#8243; global_colors_info=&#8221;{}&#8221;]<\/p>\n<p>Do you have a call center, work with a large database of contacts and need to have maximum information about them? FreshFlow allows you to easily sort, add notes and track your existing communication. At the same time, you will have an overview of the activity of individual employees and detailed statistics of individual calls. <\/p>\n<p>&nbsp;<\/p>\n<p>[\/et_pb_blurb][\/et_pb_column][\/et_pb_row][et_pb_row column_structure=&#8221;1_4,1_4,1_4,1_4&#8243; _builder_version=&#8221;4.24.1&#8243; _module_preset=&#8221;default&#8221; custom_padding=&#8221;9px|||||&#8221; global_colors_info=&#8221;{}&#8221;][et_pb_column type=&#8221;1_4&#8243; _builder_version=&#8221;4.24.0&#8243; _module_preset=&#8221;default&#8221; global_colors_info=&#8221;{}&#8221;][et_pb_blurb title=&#8221;Real estate agents&#8221; _builder_version=&#8221;4.24.0&#8243; _module_preset=&#8221;default&#8221; body_font=&#8221;Source Sans Pro||||||||&#8221; global_colors_info=&#8221;{}&#8221;]<\/p>\n<p>Selling a house, enquiring about buying a plot of land, renting an apartment&#8230; Are you working simultaneously on a number of transactions in different stages of implementation? FreshFlow will make your entire agenda easier and clearer. In the tasks you will find a project template with the steps involved in completing each transaction. The Contacts module allows you to easily insert information, notes and documents. <\/p>\n<p>[\/et_pb_blurb][\/et_pb_column][et_pb_column type=&#8221;1_4&#8243; _builder_version=&#8221;4.16&#8243; _module_preset=&#8221;default&#8221; global_colors_info=&#8221;{}&#8221;][et_pb_blurb title=&#8221;Accountants and tax advisors&#8221; admin_label=&#8221;Upout\u00e1vka&#8221; _builder_version=&#8221;4.24.0&#8243; _module_preset=&#8221;default&#8221; body_font=&#8221;Source Sans Pro||||||||&#8221; custom_padding=&#8221;30px||0px||false|false&#8221; border_color_top=&#8221;#de62a1&#8243; global_colors_info=&#8221;{}&#8221;]<\/p>\n<p>Spend as much of your valuable time as possible on your expertise, not writing down appointments in various apps, searching through filing cabinets for documents and looking for details about individual clients. FreshFlow offers you a clear sorting of contacts according to your chosen criteria and their effective management &#8211; from document registration to recording the history of cooperation to managing deadlines and deadlines.<\/p>\n<p>[\/et_pb_blurb][\/et_pb_column][et_pb_column type=&#8221;1_4&#8243; _builder_version=&#8221;4.16&#8243; _module_preset=&#8221;default&#8221; global_colors_info=&#8221;{}&#8221;][et_pb_blurb title=&#8221;Fundraising&#8221; _builder_version=&#8221;4.24.1&#8243; _module_preset=&#8221;default&#8221; body_font=&#8221;Source Sans Pro||||||||&#8221; border_color_top=&#8221;#8364ab&#8221; global_colors_info=&#8221;{}&#8221;]<\/p>\n<p>The foundation of a successful fundraising campaign is a wide database of contacts and enough information about them. FreshFlow allows you to clearly sort and label your contacts, add notes and keep track of your communication history to avoid confusion and misunderstandings in the future.<\/p>\n<p>[\/et_pb_blurb][\/et_pb_column][et_pb_column type=&#8221;1_4&#8243; _builder_version=&#8221;4.16&#8243; _module_preset=&#8221;default&#8221; global_colors_info=&#8221;{}&#8221;][et_pb_blurb title=&#8221;B2B and B2C traders&#8221; _builder_version=&#8221;4.22.2&#8243; _module_preset=&#8221;default&#8221; body_font=&#8221;Source Sans Pro||||||||&#8221; border_color_top=&#8221;#e95537&#8243; global_colors_info=&#8221;{}&#8221;]<\/p>\n<p>Thanks to its wide range of functions, FreshFlow is suitable for traders in all B2C but also B2B sectors. It can be used by anyone who wants to simplify work with the calendar, manage contacts and tasks and have the necessary managerial statistics at their disposal.<\/p>\n<p>&nbsp;<\/p>\n<p>&nbsp;<\/p>\n<p>[\/et_pb_blurb][\/et_pb_column][\/et_pb_row][et_pb_row _builder_version=&#8221;4.26.1&#8243; _module_preset=&#8221;default&#8221; min_height=&#8221;108px&#8221; custom_margin=&#8221;84px|auto||auto||&#8221; locked=&#8221;off&#8221; global_colors_info=&#8221;{}&#8221;][et_pb_column type=&#8221;4_4&#8243; _builder_version=&#8221;4.26.1&#8243; _module_preset=&#8221;default&#8221; global_colors_info=&#8221;{}&#8221;][et_pb_text _builder_version=&#8221;4.27.5&#8243; _module_preset=&#8221;default&#8221; header_2_font=&#8221;Poppins|300|||||||&#8221; header_2_font_size=&#8221;45px&#8221; header_2_letter_spacing=&#8221;-0.03em&#8221; header_2_line_height=&#8221;1.4em&#8221; global_colors_info=&#8221;{}&#8221;]<\/p>\n<h2 style=\"text-align: center\">However, the real possibilities of using the FreshFlow system are much broader \u2013 try it for yourself!<\/h2>\n<p>[\/et_pb_text][\/et_pb_column][\/et_pb_row][\/et_pb_section][et_pb_section fb_built=&#8221;1&#8243; prev_background_color=&#8221;#ffffff&#8221; _builder_version=&#8221;4.27.0&#8243; _module_preset=&#8221;default&#8221; background_enable_color=&#8221;off&#8221; use_background_color_gradient=&#8221;on&#8221; background_color_gradient_stops=&#8221;#eaeaea 0%|#ffffff 99%&#8221; custom_padding=&#8221;151px||40px||false|false&#8221; top_divider_style=&#8221;wave&#8221; locked=&#8221;off&#8221; global_colors_info=&#8221;{}&#8221;][et_pb_row _builder_version=&#8221;4.23&#8243; _module_preset=&#8221;default&#8221; custom_margin=&#8221;0px||||false|false&#8221; custom_padding=&#8221;0px||0px||false|false&#8221; global_colors_info=&#8221;{}&#8221;][et_pb_column type=&#8221;4_4&#8243; _builder_version=&#8221;4.23&#8243; _module_preset=&#8221;default&#8221; global_colors_info=&#8221;{}&#8221;][et_pb_text _builder_version=&#8221;4.27.4&#8243; _module_preset=&#8221;default&#8221; header_2_font=&#8221;Poppins|300|||||||&#8221; header_2_font_size=&#8221;45px&#8221; header_2_letter_spacing=&#8221;-0.03em&#8221; header_2_line_height=&#8221;1.4em&#8221; locked=&#8221;off&#8221; global_colors_info=&#8221;{}&#8221;]<\/p>\n<h2 class=\"et_pb_module_heading et-fb-editable-element et-fb-editable-element__editing\" data-shortcode-id=\"4.1.0.0-1725608529398\" data-quickaccess-id=\"title\" style=\"text-align: center\">What do those who know FreshFlow say?<\/h2>\n<p>[\/et_pb_text][\/et_pb_column][\/et_pb_row][et_pb_row column_structure=&#8221;1_2,1_2&#8243; custom_padding_last_edited=&#8221;on|phone&#8221; _builder_version=&#8221;4.23&#8243; _module_preset=&#8221;default&#8221; width=&#8221;100%&#8221; custom_margin=&#8221;0px|auto|-95px|auto|false|false&#8221; custom_padding=&#8221;35px||151px||false|true&#8221; custom_padding_tablet=&#8221;||50px||false|false&#8221; custom_padding_phone=&#8221;20px||50px||false|false&#8221; global_colors_info=&#8221;{}&#8221;][et_pb_column type=&#8221;1_2&#8243; _builder_version=&#8221;4.16&#8243; _module_preset=&#8221;default&#8221; custom_padding=&#8221;0px|0px|0px|0px|false|false&#8221; global_colors_info=&#8221;{}&#8221;][et_pb_testimonial author=&#8221;Michal Krej\u010d\u00ed&#8221; job_title=&#8221;Company partner&#8221; company_name=&#8221;Partners Financial Services, a.s.&#8221; quote_icon=&#8221;off&#8221; _builder_version=&#8221;4.27.4&#8243; _module_preset=&#8221;default&#8221; background_color=&#8221;#FFFFFF&#8221; width_tablet=&#8221;&#8221; width_phone=&#8221;&#8221; width_last_edited=&#8221;on|phone&#8221; max_width=&#8221;100%&#8221; custom_margin=&#8221;101px||||false|false&#8221; custom_margin_tablet=&#8221;0px||||false|false&#8221; custom_margin_phone=&#8221;0px||||false|false&#8221; custom_margin_last_edited=&#8221;on|phone&#8221; custom_padding=&#8221;40px|40px|20px|40px|false|false&#8221; border_radii=&#8221;on|16px|16px|16px|16px&#8221; box_shadow_style=&#8221;preset2&#8243; box_shadow_horizontal=&#8221;0px&#8221; box_shadow_blur=&#8221;8px&#8221; box_shadow_color=&#8221;rgba(10,0,0,0.06)&#8221; global_colors_info=&#8221;{}&#8221;]<\/p>\n<p><img loading=\"lazy\" decoding=\"async\" src=\"https:\/\/freshflow.app\/wp-content\/uploads\/2025\/11\/file.svg\" width=\"358\" height=\"111\" alt=\"\" class=\"wp-image-226951 alignnone size-full\" \/><\/p>\n<p><img loading=\"lazy\" decoding=\"async\" src=\"https:\/\/freshflow.app\/wp-content\/uploads\/2023\/10\/quote.png\" width=\"38\" height=\"30\" alt=\"\" class=\"wp-image-24889 alignnone size-full\" \/><\/p>\n<p>&#8220;The added value of Partners Office (a personalized version of FreshFlow in Partners) in contact management is huge. Anyone who is serious about building a company and business should take advantage of it.<\/p>\n<p>Proper time management is one of the keys to success. As the saying goes, people don&#8217;t plan to go broke, they go broke planning.<\/p>\n<p>Partners Office gives me the opportunity to get into the bowels of the company and have control over the effectiveness of my associates. I consider both of these functionalities to be absolutely essential and I use them very often.\u201d<\/p>\n<p>[\/et_pb_testimonial][\/et_pb_column][et_pb_column type=&#8221;1_2&#8243; _builder_version=&#8221;4.16&#8243; _module_preset=&#8221;default&#8221; global_colors_info=&#8221;{}&#8221;][et_pb_testimonial author=&#8221;Petr Kop\u0159iva&#8221; job_title=&#8221;Head of NN Digital Hub&#8221; company_name=&#8221;NN Life Insurance&#8221; quote_icon=&#8221;off&#8221; _builder_version=&#8221;4.27.4&#8243; _module_preset=&#8221;default&#8221; background_color=&#8221;#FFFFFF&#8221; width=&#8221;100%&#8221; custom_margin=&#8221;||0px|0px|false|false&#8221; custom_padding=&#8221;40px|40px|20px|40px|false|false&#8221; border_radii=&#8221;on|16px|16px|16px|16px&#8221; box_shadow_style=&#8221;preset2&#8243; box_shadow_horizontal=&#8221;0px&#8221; box_shadow_blur=&#8221;8px&#8221; box_shadow_color=&#8221;rgba(10,0,0,0.06)&#8221; global_colors_info=&#8221;{}&#8221;]<\/p>\n<p><img loading=\"lazy\" decoding=\"async\" src=\"https:\/\/freshflow.app\/wp-content\/uploads\/2025\/11\/NN.svg\" width=\"186\" height=\"103\" alt=\"\" class=\"wp-image-226960 alignnone size-full\" \/><\/p>\n<p><img loading=\"lazy\" decoding=\"async\" src=\"https:\/\/freshflow.app\/wp-content\/uploads\/2023\/10\/quote.png\" width=\"38\" height=\"30\" alt=\"\" class=\"wp-image-24889 alignnone size-full\" \/><\/p>\n<p>\u201cWe actively used FreshFlow during the implementation of our acquisition campaign, when it proved to be a powerful tool in managing the sales network.\u201d<span style=\"color: #001c44;font-family: 'Bienalle bold\"><\/span><\/p>\n<p>[\/et_pb_testimonial][et_pb_testimonial author=&#8221;Petr Hladn\u00fd&#8221; job_title=&#8221;Country Director&#8221; company_name=&#8221;Allianz poji\u0161\u0165ovna, a. s. &#8221; quote_icon=&#8221;off&#8221; _builder_version=&#8221;4.27.4&#8243; _module_preset=&#8221;default&#8221; background_color=&#8221;#FFFFFF&#8221; custom_margin=&#8221;30px|0px|0px||false|false&#8221; custom_padding=&#8221;40px|40px|40px|40px|false|false&#8221; border_radii=&#8221;on|16px|16px|16px|16px&#8221; box_shadow_style=&#8221;preset2&#8243; box_shadow_horizontal=&#8221;0px&#8221; box_shadow_blur=&#8221;8px&#8221; box_shadow_color=&#8221;rgba(10,0,0,0.06)&#8221; global_colors_info=&#8221;{}&#8221;]<\/p>\n<p><img loading=\"lazy\" decoding=\"async\" src=\"https:\/\/freshflow.app\/wp-content\/uploads\/2025\/11\/Allianz.svg\" width=\"286\" height=\"71\" alt=\"\" class=\"wp-image-226927 alignnone size-full\" \/><\/p>\n<p><img loading=\"lazy\" decoding=\"async\" src=\"https:\/\/freshflow.app\/wp-content\/uploads\/2023\/10\/quote.png\" width=\"38\" height=\"30\" alt=\"\" class=\"wp-image-24889 alignnone size-full\" \/><\/p>\n<p class=\"p1\">\u201cWe evaluated the FreshFlow system as a very effective tool for activity management and interactive feedback across the entire sales team.<\/p>\n<p class=\"p1\">That is why we decided to implement it within the entire Core sales network of Allianz poji\u0161\u0165ovna, a.s.\u201d<\/p>\n<p>[\/et_pb_testimonial][\/et_pb_column][\/et_pb_row][\/et_pb_section][et_pb_section fb_built=&#8221;1&#8243; module_class=&#8221;fialova&#8221; _builder_version=&#8221;4.16&#8243; _module_preset=&#8221;default&#8221; background_color=&#8221;#8364ab&#8221; locked=&#8221;off&#8221; global_colors_info=&#8221;{}&#8221;][et_pb_row _builder_version=&#8221;4.27.4&#8243; _module_preset=&#8221;default&#8221; global_colors_info=&#8221;{}&#8221;][et_pb_column type=&#8221;4_4&#8243; _builder_version=&#8221;4.16&#8243; _module_preset=&#8221;default&#8221; global_colors_info=&#8221;{}&#8221;][et_pb_text _builder_version=&#8221;4.27.4&#8243; _module_preset=&#8221;default&#8221; text_font_size=&#8221;23px&#8221; header_2_font=&#8221;Poppins|300|||||||&#8221; header_2_font_size=&#8221;45px&#8221; header_2_letter_spacing=&#8221;-0.03em&#8221; header_2_line_height=&#8221;1.4em&#8221; locked=&#8221;off&#8221; global_colors_info=&#8221;{}&#8221;]<\/p>\n<h2 class=\"et_pb_module_heading et-fb-editable-element et-fb-editable-element__editing\" data-shortcode-id=\"4.1.0.0-1725608529398\" data-quickaccess-id=\"title\" style=\"text-align: center\"><span style=\"color: #ffffff\">Start with FreshFlow today!<\/span><\/h2>\n<p><span style=\"color: #362c6e\"><\/span><\/p>\n<p style=\"text-align: center\"><span style=\"font-weight: 400;color: #ffffff\">First 30 days free<\/span><\/p>\n<p style=\"text-align: center\"><span style=\"font-weight: 400;color: #ffffff\">Without entering a credit card<\/span><span style=\"font-weight: 400;color: #362c6e\"><\/span><\/p>\n<p><span style=\"color: #ffffff\"><\/span><\/p>\n<p>[\/et_pb_text][dipl_button buttons_alignment=&#8221;center&#8221; _builder_version=&#8221;4.27.5&#8243; _module_preset=&#8221;default&#8221; global_colors_info=&#8221;{}&#8221;][dipl_button_item button_text=&#8221;Start for free&#8221; button_url=&#8221;https:\/\/app.freshflow.cz\/signup&#8221; button_bg_color=&#8221;#36baf0&#8243; button_custom_margin=&#8221;|||0px|false|false&#8221; button_custom_padding=&#8221;5px|30px|5px|30px|false|false&#8221; _builder_version=&#8221;4.27.5&#8243; _module_preset=&#8221;default&#8221; button_font=&#8221;Poppins||||||||&#8221; button_text_color=&#8221;#FFFFFF&#8221; button_font_size=&#8221;25px&#8221; button_line_height=&#8221;1.5em&#8221; text_orientation=&#8221;center&#8221; border_radii=&#8221;on|50px|50px|50px|50px&#8221; global_colors_info=&#8221;{}&#8221;][\/dipl_button_item][\/dipl_button][\/et_pb_column][\/et_pb_row][\/et_pb_section]<\/p>\n","protected":false},"excerpt":{"rendered":"<p><div class=\"et_pb_module dipl_double_color_heading dipl_double_color_heading_0 \">\n\t\t\t\t\n\t\t\t\t\n\t\t\t\t\n\t\t\t\t\n\t\t\t\t\n\t\t\t\t\n\t\t\t\t<div class=\"et_pb_module_inner\">\n\t\t\t\t\t<div class=\"dipl_text_wrapper\"><h1><span class=\"dipl_text_stack dipl_main_text_stack\"><span class=\"dipl_main_text\">FreshFlow is for everyone who:<\/span><\/span><span class=\"dipl_text_stack dipl_post_text_stack\"><span class=\"dipl_post_text\">works with recurring clients, their related activities, and regular campaigns<\/span><\/span><\/h1><\/div>\n\t\t\t\t<\/div>\n\t\t\t<\/div>What will FreshFlow bring you? A good financial advisor understands not only the financial issues, but also their clients and their needs. With FreshFlow, you create [&hellip;]<\/p>\n","protected":false},"author":5,"featured_media":0,"parent":0,"menu_order":0,"comment_status":"closed","ping_status":"closed","template":"","meta":{"_et_pb_use_builder":"on","_et_pb_old_content":"","_et_gb_content_width":"","footnotes":""},"class_list":["post-3518","page","type-page","status-publish","hentry"],"_links":{"self":[{"href":"https:\/\/freshflow.app\/en\/wp-json\/wp\/v2\/pages\/3518","targetHints":{"allow":["GET"]}}],"collection":[{"href":"https:\/\/freshflow.app\/en\/wp-json\/wp\/v2\/pages"}],"about":[{"href":"https:\/\/freshflow.app\/en\/wp-json\/wp\/v2\/types\/page"}],"author":[{"embeddable":true,"href":"https:\/\/freshflow.app\/en\/wp-json\/wp\/v2\/users\/5"}],"replies":[{"embeddable":true,"href":"https:\/\/freshflow.app\/en\/wp-json\/wp\/v2\/comments?post=3518"}],"version-history":[{"count":11,"href":"https:\/\/freshflow.app\/en\/wp-json\/wp\/v2\/pages\/3518\/revisions"}],"predecessor-version":[{"id":228957,"href":"https:\/\/freshflow.app\/en\/wp-json\/wp\/v2\/pages\/3518\/revisions\/228957"}],"wp:attachment":[{"href":"https:\/\/freshflow.app\/en\/wp-json\/wp\/v2\/media?parent=3518"}],"curies":[{"name":"wp","href":"https:\/\/api.w.org\/{rel}","templated":true}]}}