{"id":2468,"date":"2021-04-10T14:31:38","date_gmt":"2021-04-10T13:31:38","guid":{"rendered":"https:\/\/freshflow.app\/about-us\/"},"modified":"2025-11-07T12:59:06","modified_gmt":"2025-11-07T11:59:06","slug":"about-us-1","status":"publish","type":"page","link":"https:\/\/freshflow.app\/en\/about-us-1\/","title":{"rendered":"About us-1"},"content":{"rendered":"<p>[et_pb_section fb_built=&#8221;1&#8243; next_background_color=&#8221;#ffffff&#8221; _builder_version=&#8221;4.16&#8243; _module_preset=&#8221;default&#8221; background_color=&#8221;#362c6e&#8221; custom_padding=&#8221;||200px||false|false&#8221; bottom_divider_style=&#8221;wave&#8221; global_colors_info=&#8221;{}&#8221;][et_pb_row _builder_version=&#8221;4.16&#8243; _module_preset=&#8221;default&#8221; global_colors_info=&#8221;{}&#8221;][et_pb_column type=&#8221;4_4&#8243; _builder_version=&#8221;4.16&#8243; _module_preset=&#8221;default&#8221; global_colors_info=&#8221;{}&#8221;][et_pb_text admin_label=&#8221;Text&#8221; _builder_version=&#8221;4.16&#8243; _module_preset=&#8221;default&#8221; header_font=&#8221;Poppins|700|||||||&#8221; header_text_color=&#8221;#FFFFFF&#8221; header_font_size=&#8221;50px&#8221; z_index=&#8221;0&#8243; global_colors_info=&#8221;{}&#8221;]<\/p>\n<h1 style=\"text-align: center\">A proven, successful system and years of experience<\/h1>\n<p>[\/et_pb_text][et_pb_text _builder_version=&#8221;4.22.2&#8243; _module_preset=&#8221;default&#8221; text_text_color=&#8221;#959baf&#8221; header_2_font=&#8221;Poppins||||||||&#8221; header_2_text_color=&#8221;#959baf&#8221; header_2_line_height=&#8221;1.2em&#8221; header_3_text_color=&#8221;rgba(255,255,255,0.7)&#8221; custom_margin=&#8221;||66px|||&#8221; global_colors_info=&#8221;{}&#8221;]<\/p>\n<h3 style=\"text-align: center\">Since 2012 FreshFlow are using with thousands of users today.<\/h3>\n<h3 style=\"text-align: center\">Our team has decades of experience in sales, management and personal development.<\/h3>\n<p>[\/et_pb_text][et_pb_button button_url=&#8221;https:\/\/app.freshflow.cz\/signup&#8221; button_text=&#8221;Start for free&#8221; button_alignment=&#8221;center&#8221; admin_label=&#8221;Tla\u010d\u00edtko&#8221; _builder_version=&#8221;4.26.0&#8243; _module_preset=&#8221;default&#8221; custom_button=&#8221;on&#8221; button_text_color=&#8221;#ffffff&#8221; button_bg_color=&#8221;#36baf0&#8243; button_border_width=&#8221;0px&#8221; button_border_radius=&#8221;7px&#8221; button_font=&#8221;Poppins||||||||&#8221; transform_scale=&#8221;90%|90%&#8221; custom_margin=&#8221;9px|||||&#8221; custom_padding=&#8221;15px|||||&#8221; hover_enabled=&#8221;0&#8243; global_colors_info=&#8221;{}&#8221; sticky_enabled=&#8221;0&#8243;][\/et_pb_button][\/et_pb_column][\/et_pb_row][\/et_pb_section][et_pb_section fb_built=&#8221;1&#8243; _builder_version=&#8221;4.16&#8243; _module_preset=&#8221;default&#8221; custom_padding=&#8221;80px||30px|||&#8221; global_colors_info=&#8221;{}&#8221;][et_pb_row column_structure=&#8221;1_2,1_6,1_6,1_6&#8243; module_class=&#8221;mp_row_vertical_align&#8221; _builder_version=&#8221;4.16&#8243; _module_preset=&#8221;default&#8221; custom_margin=&#8221;-10px|auto||auto||&#8221; custom_padding=&#8221;||50px|||&#8221; global_colors_info=&#8221;{}&#8221;][et_pb_column type=&#8221;1_2&#8243; admin_label=&#8221;Column&#8221; _builder_version=&#8221;4.16&#8243; _module_preset=&#8221;default&#8221; border_width_right=&#8221;1px&#8221; border_color_right=&#8221;gcid-dfe987d7-0b26-418b-ad93-564c2b62c41a&#8221; global_colors_info=&#8221;{%22gcid-dfe987d7-0b26-418b-ad93-564c2b62c41a%22:%91%22border_color_right%22%93}&#8221;][et_pb_text _builder_version=&#8221;4.16&#8243; _module_preset=&#8221;default&#8221; header_2_font=&#8221;Poppins|700|||||||&#8221; header_2_font_size=&#8221;30px&#8221; global_colors_info=&#8221;{}&#8221;]<\/p>\n<h2 style=\"text-align: left\">A time- and user-proven solution<\/h2>\n<p>[\/et_pb_text][et_pb_text _builder_version=&#8221;4.22.2&#8243; _module_preset=&#8221;default&#8221; text_font=&#8221;Poppins||||||||&#8221; text_text_color=&#8221;#959baf&#8221; text_font_size=&#8221;20px&#8221; text_line_height=&#8221;1.8em&#8221; header_font=&#8221;|700|||||||&#8221; header_2_font=&#8221;Poppins|700|||||||&#8221; header_2_font_size=&#8221;30px&#8221; custom_padding=&#8221;|30px|||false|false&#8221; border_width_right=&#8221;1px&#8221; border_color_right=&#8221;gcid-dfe987d7-0b26-418b-ad93-564c2b62c41a&#8221; global_colors_info=&#8221;{%22gcid-dfe987d7-0b26-418b-ad93-564c2b62c41a%22:%91%22border_color_right%22%93}&#8221;]<\/p>\n<p><span style=\"font-weight: 400\">We have started working on FreshFlow in 2012 developing a solution for sales activity management in the insurance and financial advisory industries. <\/span><\/p>\n<p><span style=\"font-weight: 400\">During the pandemic years, as the need for effective team management gained on importance we modified FreshFlow so that users in other industries could benefit from the tested technological solution.<\/span><\/p>\n<p>[\/et_pb_text][\/et_pb_column][et_pb_column type=&#8221;1_6&#8243; _builder_version=&#8221;4.16&#8243; _module_preset=&#8221;default&#8221; global_colors_info=&#8221;{}&#8221;][et_pb_number_counter title=&#8221;plus users&#8221; number=&#8221;5000&#8243; percent_sign=&#8221;off&#8221; _builder_version=&#8221;4.23.1&#8243; _module_preset=&#8221;default&#8221; number_font=&#8221;Poppins|600|||||||&#8221; number_text_color=&#8221;#68c2b9&#8243; number_font_size=&#8221;50px&#8221; custom_margin=&#8221;-1px||||false|false&#8221; custom_padding=&#8221;||4px|||&#8221; global_colors_info=&#8221;{}&#8221;][\/et_pb_number_counter][\/et_pb_column][et_pb_column type=&#8221;1_6&#8243; _builder_version=&#8221;4.16&#8243; _module_preset=&#8221;default&#8221; global_colors_info=&#8221;{}&#8221;][et_pb_number_counter title=&#8221;plus teams&#8221; number=&#8221;800&#8243; percent_sign=&#8221;off&#8221; _builder_version=&#8221;4.16&#8243; _module_preset=&#8221;default&#8221; number_font=&#8221;Poppins|600|||||||&#8221; number_text_color=&#8221;#de62a1&#8243; number_font_size=&#8221;50px&#8221; custom_margin=&#8221;0px||||false|false&#8221; global_colors_info=&#8221;{}&#8221;][\/et_pb_number_counter][\/et_pb_column][et_pb_column type=&#8221;1_6&#8243; _builder_version=&#8221;4.16&#8243; _module_preset=&#8221;default&#8221; global_colors_info=&#8221;{}&#8221;][et_pb_number_counter title=&#8221;years of development&#8221; number=&#8221;11&#8243; percent_sign=&#8221;off&#8221; _builder_version=&#8221;4.23.2&#8243; _module_preset=&#8221;default&#8221; number_font=&#8221;Poppins|600|||||||&#8221; number_text_color=&#8221;#8364ab&#8221; number_font_size=&#8221;50px&#8221; custom_margin=&#8221;0px||||false|false&#8221; global_colors_info=&#8221;{}&#8221;][\/et_pb_number_counter][\/et_pb_column][\/et_pb_row][\/et_pb_section][et_pb_section fb_built=&#8221;1&#8243; prev_background_color=&#8221;#ffffff&#8221; next_background_color=&#8221;#FFFFFF&#8221; _builder_version=&#8221;4.16&#8243; _module_preset=&#8221;default&#8221; background_color=&#8221;#ebeaf1&#8243; custom_padding=&#8221;150px||150px||false|false&#8221; top_divider_style=&#8221;wave&#8221; bottom_divider_style=&#8221;wave&#8221; global_colors_info=&#8221;{}&#8221;][et_pb_row _builder_version=&#8221;4.23&#8243; _module_preset=&#8221;default&#8221; global_colors_info=&#8221;{}&#8221;][et_pb_column type=&#8221;4_4&#8243; _builder_version=&#8221;4.23&#8243; _module_preset=&#8221;default&#8221; global_colors_info=&#8221;{}&#8221;][et_pb_heading title=&#8221;User references&#8221; _builder_version=&#8221;4.23&#8243; _module_preset=&#8221;default&#8221; title_level=&#8221;h2&#8243; title_font=&#8221;|700|||||||&#8221; title_text_align=&#8221;center&#8221; title_font_size=&#8221;33px&#8221; custom_margin=&#8221;100px||||false|false&#8221; global_colors_info=&#8221;{}&#8221;][\/et_pb_heading][\/et_pb_column][\/et_pb_row][et_pb_row column_structure=&#8221;1_2,1_2&#8243; custom_padding_last_edited=&#8221;on|phone&#8221; _builder_version=&#8221;4.23&#8243; _module_preset=&#8221;default&#8221; width=&#8221;100%&#8221; min_height=&#8221;988px&#8221; custom_margin=&#8221;-18px|auto||auto|false|false&#8221; custom_padding=&#8221;70px||50px||false|true&#8221; custom_padding_tablet=&#8221;||50px||false|false&#8221; custom_padding_phone=&#8221;20px||50px||false|false&#8221; global_colors_info=&#8221;{}&#8221;][et_pb_column type=&#8221;1_2&#8243; _builder_version=&#8221;4.16&#8243; _module_preset=&#8221;default&#8221; custom_padding=&#8221;0px|0px|0px|0px|false|false&#8221; global_colors_info=&#8221;{}&#8221;][et_pb_testimonial author=&#8221;Michal Krej\u010d\u00ed&#8221; job_title=&#8221;Partner&#8221; company_name=&#8221;Partners Financial Services, a. s.&#8221; quote_icon=&#8221;off&#8221; _builder_version=&#8221;4.24.1&#8243; _module_preset=&#8221;default&#8221; background_color=&#8221;#FFFFFF&#8221; width_tablet=&#8221;&#8221; width_phone=&#8221;&#8221; width_last_edited=&#8221;on|phone&#8221; max_width=&#8221;100%&#8221; custom_margin=&#8221;101px||||false|false&#8221; custom_margin_tablet=&#8221;0px||||false|false&#8221; custom_margin_phone=&#8221;0px||||false|false&#8221; custom_margin_last_edited=&#8221;on|phone&#8221; custom_padding=&#8221;40px|40px|20px|40px|false|false&#8221; border_radii=&#8221;on|16px|16px|16px|16px&#8221; box_shadow_style=&#8221;preset2&#8243; box_shadow_horizontal=&#8221;0px&#8221; box_shadow_blur=&#8221;8px&#8221; box_shadow_color=&#8221;rgba(10,0,0,0.06)&#8221; global_colors_info=&#8221;{}&#8221;]<\/p>\n<p><img loading=\"lazy\" decoding=\"async\" src=\"https:\/\/freshflow.app\/wp-content\/uploads\/2024\/03\/partners-logo-1-300x214.jpg\" width=\"200\" height=\"143\" alt=\"\" class=\"wp-image-3566 alignnone size-medium\" \/><\/p>\n<p><img loading=\"lazy\" decoding=\"async\" src=\"https:\/\/freshflow.app\/wp-content\/uploads\/2023\/10\/quote.png\" width=\"38\" height=\"30\" alt=\"\" class=\"wp-image-24889 alignnone size-full\" \/><\/p>\n<p>\u201eWe have gained a huge value from FreshFlow using it for our contacts management. Everybody who is serious about building a business should take advantage of it. It has also helped with our planning, as per the infamous quote: People do not plan to fail, they fail to plan. And that\u2019s not all. Being able to see and monitor my team\u2019s activities is one of the key management tools I have been using in FreshFlow.\u201d<\/p>\n<p>[\/et_pb_testimonial][\/et_pb_column][et_pb_column type=&#8221;1_2&#8243; _builder_version=&#8221;4.16&#8243; _module_preset=&#8221;default&#8221; global_colors_info=&#8221;{}&#8221;][et_pb_testimonial author=&#8221;Petr Kop\u0159iva&#8221; job_title=&#8221;Head of Multichannel Marketing and Customer Care&#8221; company_name=&#8221;NN \u017divotn\u00ed poji\u0161\u0165ovna&#8221; quote_icon=&#8221;off&#8221; _builder_version=&#8221;4.24.1&#8243; _module_preset=&#8221;default&#8221; background_color=&#8221;#FFFFFF&#8221; width=&#8221;100%&#8221; custom_margin=&#8221;||0px|0px|false|false&#8221; custom_padding=&#8221;40px|40px|20px|40px|false|false&#8221; border_radii=&#8221;on|16px|16px|16px|16px&#8221; box_shadow_style=&#8221;preset2&#8243; box_shadow_horizontal=&#8221;0px&#8221; box_shadow_blur=&#8221;8px&#8221; box_shadow_color=&#8221;rgba(10,0,0,0.06)&#8221; global_colors_info=&#8221;{}&#8221;]<\/p>\n<p><img loading=\"lazy\" decoding=\"async\" src=\"https:\/\/freshflow.app\/wp-content\/uploads\/2024\/03\/nn.180x1000-12x-300x163.jpg\" width=\"201\" height=\"109\" alt=\"\" class=\"wp-image-3572 alignnone size-medium\" \/><\/p>\n<p><img loading=\"lazy\" decoding=\"async\" src=\"https:\/\/freshflow.app\/wp-content\/uploads\/2023\/10\/quote.png\" width=\"38\" height=\"30\" alt=\"\" class=\"wp-image-24889 alignnone size-full\" \/><\/p>\n<p class=\"p1\">\u201eFreshFlow has proven to be a valuable tool in our acquisition activities.&#8221;<\/p>\n<p>[\/et_pb_testimonial][et_pb_testimonial author=&#8221;Petr Hladn\u00fd&#8221; job_title=&#8221;Sales Director&#8221; company_name=&#8221;Allianz poji\u0161\u0165ovna, a. s.&#8221; quote_icon=&#8221;off&#8221; _builder_version=&#8221;4.24.1&#8243; _module_preset=&#8221;default&#8221; background_color=&#8221;#FFFFFF&#8221; custom_margin=&#8221;30px|0px|0px||false|false&#8221; custom_padding=&#8221;40px|40px|40px|40px|false|false&#8221; border_radii=&#8221;on|16px|16px|16px|16px&#8221; box_shadow_style=&#8221;preset2&#8243; box_shadow_horizontal=&#8221;0px&#8221; box_shadow_blur=&#8221;8px&#8221; box_shadow_color=&#8221;rgba(10,0,0,0.06)&#8221; global_colors_info=&#8221;{}&#8221;]<\/p>\n<p><img loading=\"lazy\" decoding=\"async\" src=\"https:\/\/freshflow.app\/wp-content\/uploads\/2024\/03\/Allianz_Logo.180x1000_2x-transformed-1-300x75.jpeg\" width=\"300\" height=\"75\" alt=\"\" class=\"wp-image-3578 alignnone size-medium\" \/><\/p>\n<p><img loading=\"lazy\" decoding=\"async\" src=\"https:\/\/freshflow.app\/wp-content\/uploads\/2023\/10\/quote.png\" width=\"38\" height=\"30\" alt=\"\" class=\"wp-image-24889 alignnone size-full\" \/><\/p>\n<p class=\"p1\">&#8220;We found the FreshFlow app to be an effective tool in our sales team activity management. That&#8217;s why we decided to implement it across our entire advisor network.&#8221;<\/p>\n<p>[\/et_pb_testimonial][\/et_pb_column][\/et_pb_row][\/et_pb_section][et_pb_section fb_built=&#8221;1&#8243; next_background_color=&#8221;#8364ab&#8221; module_id=&#8221;Contacts&#8221; _builder_version=&#8221;4.16&#8243; _module_preset=&#8221;default&#8221; background_color=&#8221;#FFFFFF&#8221; custom_padding=&#8221;70px||150px||false|false&#8221; bottom_divider_style=&#8221;wave&#8221; global_colors_info=&#8221;{}&#8221;][et_pb_row _builder_version=&#8221;4.16&#8243; _module_preset=&#8221;default&#8221; custom_padding=&#8221;20px|||||&#8221; global_colors_info=&#8221;{}&#8221;][et_pb_column type=&#8221;4_4&#8243; _builder_version=&#8221;4.16&#8243; _module_preset=&#8221;default&#8221; global_colors_info=&#8221;{}&#8221;][et_pb_text _builder_version=&#8221;4.16&#8243; _module_preset=&#8221;default&#8221; header_2_font=&#8221;Poppins|700|||||||&#8221; header_2_font_size=&#8221;30px&#8221; custom_margin=&#8221;||24px|||&#8221; global_colors_info=&#8221;{}&#8221;]<\/p>\n<h2 style=\"text-align: center\">Contact us<\/h2>\n<p>[\/et_pb_text][\/et_pb_column][\/et_pb_row][et_pb_row column_structure=&#8221;1_3,1_3,1_3&#8243; _builder_version=&#8221;4.16&#8243; _module_preset=&#8221;default&#8221; custom_padding=&#8221;||50px|||&#8221; global_colors_info=&#8221;{}&#8221;][et_pb_column type=&#8221;1_3&#8243; _builder_version=&#8221;4.16&#8243; _module_preset=&#8221;default&#8221; global_colors_info=&#8221;{}&#8221;][et_pb_blurb title=&#8221;Do you need support?&#8221; use_icon=&#8221;on&#8221; font_icon=&#8221;&#x76;||divi||400&#8243; icon_color=&#8221;#36baf0&#8243; image_icon_background_color=&#8221;#ebf8fe&#8221; image_icon_width=&#8221;40px&#8221; icon_alignment=&#8221;left&#8221; _builder_version=&#8221;4.22.2&#8243; _module_preset=&#8221;default&#8221; header_text_align=&#8221;left&#8221; header_line_height=&#8221;3em&#8221; body_line_height=&#8221;1.4em&#8221; image_icon_custom_padding=&#8221;25px|25px|25px|25px|false|false&#8221; custom_margin=&#8221;||0px||false|false&#8221; custom_padding=&#8221;0px||||false|false&#8221; border_radii_image=&#8221;on|100%|100%|100%|100%&#8221; icon_font_size=&#8221;40px&#8221; use_circle=&#8221;on&#8221; circle_color=&#8221;#ebf8fe&#8221; global_colors_info=&#8221;{}&#8221; image_icon_background_color__sticky_enabled=&#8221;#7EBEC5&#8243; image_icon_background_color__sticky=&#8221;#7EBEC5&#8243;]<\/p>\n<p>Send us an email:<\/p>\n<p><strong><a href=\"mailto:support@calendee.cz\">support@freshflow.app<\/a><\/strong><\/p>\n<p><strong>Or the chat room down here on the bottom left.<\/strong><\/p>\n<p>We&#8217;ll respond within 24 hours.<\/p>\n<p>If you do not want to wait, you may <a href=\"https:\/\/www.freshflow.app\/prvni-kroky-v-calendee\/\">find your answer in our Help<\/a>.<\/p>\n<p>[\/et_pb_blurb][\/et_pb_column][et_pb_column type=&#8221;1_3&#8243; _builder_version=&#8221;4.16&#8243; _module_preset=&#8221;default&#8221; global_colors_info=&#8221;{}&#8221;][et_pb_blurb title=&#8221;Thinking about subscribing?&#8221; use_icon=&#8221;on&#8221; font_icon=&#8221;&#x55;||divi||400&#8243; icon_color=&#8221;#36baf0&#8243; image_icon_background_color=&#8221;#ebf8fe&#8221; image_icon_width=&#8221;40px&#8221; icon_alignment=&#8221;left&#8221; _builder_version=&#8221;4.16&#8243; _module_preset=&#8221;default&#8221; header_text_align=&#8221;left&#8221; header_line_height=&#8221;3em&#8221; body_line_height=&#8221;1.4em&#8221; image_icon_custom_padding=&#8221;25px|25px|25px|25px|false|false&#8221; custom_margin=&#8221;||0px||false|false&#8221; custom_padding=&#8221;0px||||false|false&#8221; border_radii_image=&#8221;on|100%|100%|100%|100%&#8221; icon_font_size=&#8221;40px&#8221; use_circle=&#8221;on&#8221; circle_color=&#8221;#ebf8fe&#8221; global_colors_info=&#8221;{}&#8221; image_icon_background_color__sticky_enabled=&#8221;#7EBEC5&#8243; image_icon_background_color__sticky=&#8221;#7EBEC5&#8243;]<\/p>\n<p style=\"text-align: left\">Want FreshFlow for your team?<\/p>\n<p style=\"text-align: left\">Call us:<\/p>\n<p style=\"text-align: left\"><strong>+420 739 612 298<\/strong><\/p>\n<p style=\"text-align: left\">Send us an email:<\/p>\n<p style=\"text-align: left\"><strong><a href=\"mailto:sales@calendee.cz\">sales@freshflow.app<\/a><\/strong><\/p>\n<p style=\"text-align: left\"><strong>Chat with us here on the bottom left.<\/strong><\/p>\n<p>[\/et_pb_blurb][\/et_pb_column][et_pb_column type=&#8221;1_3&#8243; _builder_version=&#8221;4.16&#8243; _module_preset=&#8221;default&#8221; global_colors_info=&#8221;{}&#8221;][et_pb_blurb title=&#8221;Do you need invoice info?&#8221; use_icon=&#8221;on&#8221; font_icon=&#8221;&#xe0ef;||divi||400&#8243; icon_color=&#8221;#36baf0&#8243; image_icon_background_color=&#8221;#ebf8fe&#8221; image_icon_width=&#8221;40px&#8221; icon_alignment=&#8221;left&#8221; _builder_version=&#8221;4.16&#8243; _module_preset=&#8221;default&#8221; header_text_align=&#8221;left&#8221; header_line_height=&#8221;3em&#8221; body_line_height=&#8221;1.4em&#8221; image_icon_custom_padding=&#8221;25px|25px|25px|25px|false|false&#8221; custom_margin=&#8221;||0px||false|false&#8221; custom_padding=&#8221;0px||||false|false&#8221; border_radii_image=&#8221;on|100%|100%|100%|100%&#8221; icon_font_size=&#8221;40px&#8221; use_circle=&#8221;on&#8221; circle_color=&#8221;#ebf8fe&#8221; global_colors_info=&#8221;{}&#8221; image_icon_background_color__sticky_enabled=&#8221;#7EBEC5&#8243; image_icon_background_color__sticky=&#8221;#7EBEC5&#8243;]<\/p>\n<p style=\"text-align: left\">FreshFlow Systems s.r.o.<br \/><span style=\"font-weight: 400\"><\/span><\/p>\n<p style=\"text-align: left\"><span style=\"font-weight: 400\">Pra\u017esk\u00e1 636<br \/>252 41 Doln\u00ed B\u0159e\u017eany<\/span><\/p>\n<p style=\"text-align: left\"><span style=\"font-weight: 400\">Business ID: 24299057<br \/>VAT ID: CZ24299057<\/span><\/p>\n<p style=\"text-align: left\"><span style=\"font-weight: 400\">Company registered in the Commercial Register maintained by the Municipal Court in Prague, Section C, insert no. 194216.<\/span><\/p>\n<p>[\/et_pb_blurb][\/et_pb_column][\/et_pb_row][\/et_pb_section][et_pb_section fb_built=&#8221;1&#8243; module_class=&#8221;fialova&#8221; _builder_version=&#8221;4.16&#8243; _module_preset=&#8221;default&#8221; background_color=&#8221;#8364ab&#8221; custom_padding=&#8221;80px|||||&#8221; global_colors_info=&#8221;{}&#8221;][et_pb_row _builder_version=&#8221;4.16&#8243; _module_preset=&#8221;default&#8221; global_colors_info=&#8221;{}&#8221;][et_pb_column type=&#8221;4_4&#8243; _builder_version=&#8221;4.16&#8243; _module_preset=&#8221;default&#8221; global_colors_info=&#8221;{}&#8221;][et_pb_text _builder_version=&#8221;4.23.2&#8243; _module_preset=&#8221;default&#8221; text_font=&#8221;Poppins||||||||&#8221; text_text_color=&#8221;#ffffff&#8221; text_font_size=&#8221;20px&#8221; text_line_height=&#8221;1.8em&#8221; header_font=&#8221;|700|||||||&#8221; header_text_color=&#8221;#ffffff&#8221; header_2_font=&#8221;Poppins|700|||||||&#8221; header_2_text_color=&#8221;#ffffff&#8221; header_2_font_size=&#8221;30px&#8221; text_orientation=&#8221;center&#8221; global_colors_info=&#8221;{}&#8221;]<\/p>\n<h2><span style=\"font-weight: 400\"><\/span>Start using FreshFlow today<\/h2>\n<h2><\/h2>\n<p><span style=\"color: #ffffff\">For 30 days free<\/span><\/p>\n<p><span style=\"color: #ffffff\">Without entering a credit card<\/span><span style=\"font-weight: 400;color: white\"><\/span><span style=\"font-weight: 400\"><\/span><span style=\"font-weight: 400;color: white\"><\/span><\/p>\n<p>[\/et_pb_text][et_pb_button button_url=&#8221;https:\/\/app.freshflow.cz\/signup&#8221; button_text=&#8221;Start for free&#8221; button_alignment=&#8221;center&#8221; module_id=&#8221;cta&#8221; _builder_version=&#8221;4.26.0&#8243; _module_preset=&#8221;default&#8221; button_on_hover=&#8221;off&#8221; transform_scale=&#8221;90%|90%&#8221; custom_margin=&#8221;||15px|||&#8221; custom_padding=&#8221;0px|||||&#8221; hover_enabled=&#8221;0&#8243; global_colors_info=&#8221;{}&#8221; sticky_enabled=&#8221;0&#8243;][\/et_pb_button][et_pb_text _builder_version=&#8221;4.16&#8243; _module_preset=&#8221;default&#8221; text_text_color=&#8221;#FFFFFF&#8221; text_font_size=&#8221;14px&#8221; global_colors_info=&#8221;{}&#8221;]<\/p>\n<p style=\"text-align: center;color: white;font-size: 14px\">All you need is your email address<\/p>\n<p>[\/et_pb_text][\/et_pb_column][\/et_pb_row][\/et_pb_section]<\/p>\n","protected":false},"excerpt":{"rendered":"<p>A proven, successful system and years of experienceSince 2012 FreshFlow are using with thousands of users today. Our team has decades of experience in sales, management and personal development.A time- and user-proven solutionWe have started working on FreshFlow in 2012 developing a solution for sales activity management in the insurance and financial advisory industries. During [&hellip;]<\/p>\n","protected":false},"author":2,"featured_media":0,"parent":0,"menu_order":0,"comment_status":"closed","ping_status":"closed","template":"","meta":{"_et_pb_use_builder":"on","_et_pb_old_content":"","_et_gb_content_width":"","footnotes":""},"class_list":["post-2468","page","type-page","status-publish","hentry"],"_links":{"self":[{"href":"https:\/\/freshflow.app\/en\/wp-json\/wp\/v2\/pages\/2468","targetHints":{"allow":["GET"]}}],"collection":[{"href":"https:\/\/freshflow.app\/en\/wp-json\/wp\/v2\/pages"}],"about":[{"href":"https:\/\/freshflow.app\/en\/wp-json\/wp\/v2\/types\/page"}],"author":[{"embeddable":true,"href":"https:\/\/freshflow.app\/en\/wp-json\/wp\/v2\/users\/2"}],"replies":[{"embeddable":true,"href":"https:\/\/freshflow.app\/en\/wp-json\/wp\/v2\/comments?post=2468"}],"version-history":[{"count":29,"href":"https:\/\/freshflow.app\/en\/wp-json\/wp\/v2\/pages\/2468\/revisions"}],"predecessor-version":[{"id":227253,"href":"https:\/\/freshflow.app\/en\/wp-json\/wp\/v2\/pages\/2468\/revisions\/227253"}],"wp:attachment":[{"href":"https:\/\/freshflow.app\/en\/wp-json\/wp\/v2\/media?parent=2468"}],"curies":[{"name":"wp","href":"https:\/\/api.w.org\/{rel}","templated":true}]}}