{"id":2430,"date":"2023-06-22T07:07:37","date_gmt":"2023-06-22T06:07:37","guid":{"rendered":"https:\/\/freshflow.app\/personal-data-processing\/"},"modified":"2023-12-06T12:56:06","modified_gmt":"2023-12-06T11:56:06","slug":"personal-data-processing","status":"publish","type":"page","link":"https:\/\/freshflow.app\/en\/personal-data-processing\/","title":{"rendered":"Personal data processing"},"content":{"rendered":"<p>[et_pb_section fb_built=&#8221;1&#8243; _builder_version=&#8221;4.16&#8243; _module_preset=&#8221;default&#8221; global_colors_info=&#8221;{}&#8221;][et_pb_row column_structure=&#8221;1_5,3_5,1_5&#8243; _builder_version=&#8221;4.16&#8243; _module_preset=&#8221;default&#8221; global_colors_info=&#8221;{}&#8221;][et_pb_column type=&#8221;1_5&#8243; _builder_version=&#8221;4.16&#8243; _module_preset=&#8221;default&#8221; global_colors_info=&#8221;{}&#8221;][\/et_pb_column][et_pb_column type=&#8221;3_5&#8243; _builder_version=&#8221;4.16&#8243; _module_preset=&#8221;default&#8221; global_colors_info=&#8221;{}&#8221;][et_pb_text _builder_version=&#8221;4.21.0&#8243; _module_preset=&#8221;default&#8221; global_colors_info=&#8221;{}&#8221;]<\/p>\n<h1 style=\"text-align: center\">Personal data processing principles<\/h1>\n<p>[\/et_pb_text][\/et_pb_column][et_pb_column type=&#8221;1_5&#8243; _builder_version=&#8221;4.16&#8243; _module_preset=&#8221;default&#8221; global_colors_info=&#8221;{}&#8221;][\/et_pb_column][\/et_pb_row][et_pb_row column_structure=&#8221;1_5,3_5,1_5&#8243; _builder_version=&#8221;4.16&#8243; _module_preset=&#8221;default&#8221; global_colors_info=&#8221;{}&#8221;][et_pb_column type=&#8221;1_5&#8243; _builder_version=&#8221;4.16&#8243; _module_preset=&#8221;default&#8221; global_colors_info=&#8221;{}&#8221;][\/et_pb_column][et_pb_column type=&#8221;3_5&#8243; _builder_version=&#8221;4.16&#8243; _module_preset=&#8221;default&#8221; global_colors_info=&#8221;{}&#8221;][et_pb_text _builder_version=&#8221;4.21.0&#8243; _module_preset=&#8221;default&#8221; global_colors_info=&#8221;{}&#8221;]<\/p>\n<p><span style=\"font-weight: 400\">The company <\/span><b>FreshFlow Systems s.r.o.<\/b><span style=\"font-weight: 400\">, with registered office at Pra\u017esk\u00e1 636, 252 41 Doln\u00ed B\u0159e\u017eany, ID No.: 24299057, registered in the Commercial Register maintained by the Municipal Court in Prague, Section C, Insert 194216 (hereinafter referred to as the \u201e<\/span><b>Administrator<\/b><span style=\"font-weight: 400\">\u201c), operator of the freshflow.app website, available at https:\/\/www.freshflow. cz (hereinafter referred to as the &#8220;<\/span><b>Website<\/b><span style=\"font-weight: 400\">\u201c) and the FreshFlow mobile application (hereinafter referred to as the \u201e<\/span><b>Application<\/b><span style=\"font-weight: 400\">\u201c) declares that all personal data processed is considered strictly confidential and is treated in accordance with applicable data protection legislation. Through the Application and the Website, the Provider offers the User the use of the Software. The Provider is the processor in relation to the personal data of the Collaborators and the User&#8217;s clients and the User is the controller of such personal data. The Provider is the data controller in relation to the User&#8217;s personal data.   <\/span><\/p>\n<p><span style=\"font-weight: 400\">For<\/span> the purposes of this Personal Data Processing Policy (&#8220;<b>Policy<\/b>&#8220;), the following terms shall have the following meanings<span style=\"font-weight: 400\">:<\/span><\/p>\n<p><b>Personal data<\/b><span style=\"font-weight: 400\"> are any characteristics that identify and distinguish a person. These include, for example, name, surname, birth number, date of birth, age, gender, address, telephone, email, personal status and citizenship.  <\/span><\/p>\n<p><b>Processing of personal data<\/b> includes, but is not limited to, collection, storage on a medium, disclosure, adaptation or alteration, retrieval, use, transmission, dissemination, disclosure, storage, exchange, classification or combination, blocking and destruction<span style=\"font-weight: 400\">.<\/span><\/p>\n<p><b>Controller<\/b> means the person who determines the purposes and means of the processing of personal data<span style=\"font-weight: 400\">.<\/span><\/p>\n<p><b>Processor<\/b> means a person who processes personal data for the controller in accordance with the controller&#8217;s instructions<span style=\"font-weight: 400\">.<\/span><\/p>\n<p><b>User<\/b> is a person using services provided by the Administrator<span style=\"font-weight: 400\">.<\/span><\/p>\n<p><b>Collaborator<\/b> <span style=\"font-weight: 400\">is a contractual partner of the User.<\/span> <\/p>\n<p><b>Regulation<\/b> <span style=\"font-weight: 400\">means<\/span> <b>Regulation of the European Parliament and of the Council (EU) 2016\/679<\/b> of<span style=\"font-weight: 400\"> 27 April 2016 on the protection of natural persons with regard to the processing of personal data and on the free movement of such data, and repealing Directive 95\/46\/EC (General Data Protection Regulation), also known as  <\/span><b>GDPR.<\/b><\/p>\n<p>[\/et_pb_text][et_pb_text _builder_version=&#8221;4.21.0&#8243; _module_preset=&#8221;default&#8221; global_colors_info=&#8221;{}&#8221;]<\/p>\n<h2>I. Controller<\/h2>\n<p><span style=\"font-weight: 400\">The Controller is the controller of personal data in relation to all services provided through the Website and the Application, but only to the extent of personal data entered when creating an account in the Application or on the Website. In the event that the User, as a data subject, establishes an account in the Application or on the Website and further provides access to the Application or the Website to Collaborators, the User and not the Administrator shall be the data controller of their data. The Data Controller manages the personal data either directly or through its subcontractors of each service, but in all cases it is responsible to the respective data subject as if it were processing the personal data itself. The Controller has not appointed a data protection officer.   <\/span><\/p>\n<p><span style=\"font-weight: 400\">For all matters relating to the processing of your personal data or the exercise of your rights under the Regulation, you may contact the contact email address <strong>support@freshflow.app<\/strong><\/span><\/p>\n<p>[\/et_pb_text][et_pb_text _builder_version=&#8221;4.21.0&#8243; _module_preset=&#8221;default&#8221; global_colors_info=&#8221;{}&#8221;]<\/p>\n<h2>II. Personal data processed <\/h2>\n<p><span style=\"font-weight: 400\">Scope of personal data processed:<\/span><\/p>\n<ul>\n<li style=\"font-weight: 400\"><span style=\"font-weight: 400\">Identification data (name, surname, ID number, VAT number), <\/span><\/li>\n<li style=\"font-weight: 400\"><span style=\"font-weight: 400\">contact details (e-mail, address, telephone number), <\/span><\/li>\n<li style=\"font-weight: 400\"><span style=\"font-weight: 400\">IP address.<\/span><\/li>\n<\/ul>\n<p><span style=\"font-weight: 400\">The Controller then processes the aforementioned personal data provided when setting up an account in the Application or on the Website and not the personal data that the User further fills in the Application itself or on the Website during user use. The entity that enters the personal data into the Application or the Website is fully responsible for the compliance of this entry with the relevant legal regulations (the User is the controller of this data, determines the purpose of its processing, storage period, etc.). At the same time, this User is fully responsible in relation to the subject whose personal data is involved.  <\/span><\/p>\n<p><span style=\"font-weight: 400\">We store your communication with customer support and data communication via the web chat window and the associated data for a period of 6 months, in order to provide the necessary information about the transaction, internal control and the necessary protection of the Provider&#8217;s rights.<\/span><\/p>\n<p>[\/et_pb_text][et_pb_text _builder_version=&#8221;4.21.0&#8243; _module_preset=&#8221;default&#8221; global_colors_info=&#8221;{}&#8221;]<\/p>\n<h2>III. Purposes of the processing of personal data <\/h2>\n<p><span style=\"font-weight: 400\">The purpose of the processing of your personal data is to fulfil the contractual obligation of the Administrator to provide you with an electronic service in the form of setting up an account on the Application or on the Website, which will be marked with your name and surname, email address and, where applicable, the password you choose. The electronic service in the form of account creation is provided free of charge for an unlimited period of time, provided that you may cancel your account at any time and without giving any reason by sending a written request to  <\/span><span style=\"font-weight: 400\">support@freshflow.app.<\/span><span style=\"font-weight: 400\"> Other purposes of processing are to improve the quality of the services provided, to improve the security of the services provided, for accounting and tax purposes and to comply with legal obligations. <\/span><\/p>\n<p>[\/et_pb_text][et_pb_text _builder_version=&#8221;4.21.0&#8243; _module_preset=&#8221;default&#8221; global_colors_info=&#8221;{}&#8221;]<\/p>\n<h2>IV. Retention period and recipients of personal data <\/h2>\n<p><span style=\"font-weight: 400\">Your personal data is processed and stored for the period of registration of your account and for 5 years after its termination. In case you consent to receive commercial communications, the Controller will continue to process your personal data for the purpose of sending commercial communications until you will revoke your consent and\/or you will cancel your account.   <\/span><\/p>\n<p><span style=\"font-weight: 400\">Your personal data will not be passed on to any third parties, except for IT specialists providing the operation of the Website and the Application, marketing analysis and e-mailing and users with whom you communicate via the Website and the Application (within the scope of name, surname, telephone number, e-mail). Since the Website and Application use services provided by providers located in the USA, your personal data  <\/span>maybe transferred to the USA<span style=\"font-weight: 400\">.<\/span> <span style=\"font-weight: 400\">In<\/span> <span style=\"font-weight: 400\">such<\/span> case the relevant transfer of data takes place on the basis of standard contractual clauses issued by the European Commission, which we concluded with the relevant service providers \/ third parties, and also on the basis of your consent.<\/p>\n<p>[\/et_pb_text][et_pb_text _builder_version=&#8221;4.21.0&#8243; _module_preset=&#8221;default&#8221; global_colors_info=&#8221;{}&#8221;]<\/p>\n<h2>V. Rights of data subjects<\/h2>\n<p><span style=\"font-weight: 400\">In connection with the processing of your personal data by the Controller, you have the following rights, which you can exercise at any time:<\/span><\/p>\n<p><b>The right to request access to your personal data<\/b><span style=\"font-weight: 400\">, i.e. your right to obtain, upon your request, information (confirmation) as to whether or not your personal data is being processed. If your personal data is processed, you have the right to access this personal data and you also have the right to obtain the following information: <\/span><\/p>\n<ol>\n<li><span style=\"font-weight: 400\">a) the purposes of the processing;<\/span><\/li>\n<li><span style=\"font-weight: 400\">b) the categories of personal data concerned;<\/span><\/li>\n<li><span style=\"font-weight: 400\">c) the recipients or categories of recipients to whom your personal data have been or will be disclosed, in particular recipients in third countries or international organisations;<\/span><\/li>\n<li><span style=\"font-weight: 400\">d) the intended period of time for which your personal data will be stored or, if this cannot be determined, the criteria used to determine this period;<\/span><\/li>\n<li><span style=\"font-weight: 400\">e) the existence of the right to request the Controller to rectify or erase your personal data or to restrict their processing or to object to such processing;<\/span><\/li>\n<li><span style=\"font-weight: 400\">f) any available information about the source of the personal data, unless the Controller has obtained it from you;<\/span><\/li>\n<li><span style=\"font-weight: 400\">g) the fact that automated decision-making, including profiling, referred to in Article 22 (1) and (4) of the Regulation is taking place and, at least in these cases, meaningful information concerning the procedure used as well as the significance and foreseeable consequences of such processing for you.  <\/span><\/li>\n<\/ol>\n<p><b>The right to have your personal data rectified,<\/b> <span style=\"font-weight: 400\">i.e.<\/span> the right to have inaccurate personal data concerning you rectified by the Controller without undue delay; you also have the right to have incomplete personal data completed, including by providing an additional declaration.<\/p>\n<p><b>The right to request the erasure of your personal data,<\/b> <span style=\"font-weight: 400\">i.e.<\/span> the right to have the Controller erase the personal data concerning you without undue delay if one of the following reasons applies<\/p>\n<ol>\n<li><span style=\"font-weight: 400\">a) your personal data is no longer necessary for the purposes for which it was collected or otherwise processed;<\/span><\/li>\n<li><span style=\"font-weight: 400\">b) you withdraw the consent on the basis of which your personal data was processed and there is no further legal basis for processing it;<\/span><\/li>\n<li><span style=\"font-weight: 400\">c) you object to the processing of your personal data pursuant to Art. 21 para. 1 of the Regulation and there are no overriding legitimate grounds for processing under Art. 21 para. 2 Regulation;<\/span><\/li>\n<li><span style=\"font-weight: 400\">d) your personal data have been unlawfully processed;<\/span><\/li>\n<li><span style=\"font-weight: 400\">e) your personal data must be erased to comply with a legal obligation under European Union or Member State law to which the Controller is subject;<\/span><\/li>\n<li><span style=\"font-weight: 400\">f) your personal data have been collected in connection with the offer of information society services pursuant to Article 8(  1. ) Regulation.<\/span><\/li>\n<\/ol>\n<p><b>The right to restrict the processing of your personal data,<\/b> <span style=\"font-weight: 400\">i.e.<\/span> the right to have the Controller restrict the processing of your personal data, in any of the following cases:<\/p>\n<ol>\n<li><span style=\"font-weight: 400\">a) if you contest the accuracy of your personal data, for the time necessary to allow the Controller to verify the accuracy of your personal data;<\/span><\/li>\n<li><span style=\"font-weight: 400\">b) the processing is unlawful and you refuse to erase your personal data and instead request a restriction on the use of your personal data;<\/span><\/li>\n<li><span style=\"font-weight: 400\">c) where the Controller no longer needs your personal data for the purposes of processing but you require it for the establishment, exercise or defence of legal claims;<\/span><\/li>\n<li><span style=\"font-weight: 400\">d) if you object to the processing of your personal data pursuant to Article 21(1) of the Regulation until it is verified that the legitimate grounds of the Controller outweigh your legitimate grounds.  <\/span><\/li>\n<\/ol>\n<p><b>The right to the portability of your personal data,<\/b> <span style=\"font-weight: 400\">i.e.<\/span> the right to obtain the personal data relating to you that you have provided to the Controller in a structured, commonly used and machine-readable format, and the right to transmit that data to another controller without hindrance from the Controller, if:<\/p>\n<ol>\n<li><span style=\"font-weight: 400\">(a) the processing is based on consent pursuant to Art. 6 para. 1 lit. (a) the Regulation or Art. 9 para. 2 lit. a) the Regulation or on a contract pursuant to Art. 6 para. 1 lit. (b) the Regulation; and<\/span><\/li>\n<li><span style=\"font-weight: 400\">b) the processing is carried out by automated means.<\/span><\/li>\n<\/ol>\n<p><span style=\"font-weight: 400\">In exercising your right to data portability, you have the right to have your personal data transferred directly by the Controller to the other Controller, if technically feasible.<\/span><\/p>\n<p><b>The right to object,<\/b> <span style=\"font-weight: 400\">that is, the right, on grounds relating to your particular situation, to object at any time to the processing of your personal data which is processed on the basis of legal grounds:<\/span><\/p>\n<p><span style=\"font-weight: 400\">&#8211; the processing is necessary for the performance of a task carried out in the public interest or in the exercise of official authority vested in the controller; or<\/span><\/p>\n<p><span style=\"font-weight: 400\">&#8211; the processing is necessary for the purposes of the legitimate interests of the relevant controller or third party.<\/span><\/p>\n<p><span style=\"font-weight: 400\">If you object to the processing of your personal data, the Controller will no longer process your personal data unless it demonstrates compelling legitimate grounds for processing which override your interests or rights and freedoms or for the establishment, exercise or defence of legal claims.<\/span><\/p>\n<p><b>The right to lodge a complaint with the supervisory authority,<\/b><span style=\"font-weight: 400\">the Office for Personal Data Protection, at Pplk. Sochora 27, 170 00 Prague 7, official website:  <\/span><a href=\"https:\/\/www.uoou.cz\" target=\"_blank\" rel=\"noopener\"><span style=\"font-weight: 400\">https:\/\/www.uoou.cz<\/span><\/a><span style=\"font-weight: 400\">.<\/span><\/p>\n<p><span style=\"font-weight: 400\"> In exercising your rights, please contact us by e-mail at <\/span><span style=\"font-weight: 400\">support@freshflow.app<\/span><span style=\"font-weight: 400\"> by telephone at: +420 or by letter to the address of the Administrator&#8217;s registered office.<\/span><\/p>\n<p><span style=\"font-weight: 400\">The user is under no obligation to provide personal data. However, the provision of personal data is a necessary requirement for the conclusion and performance of the contract and without the provision of personal data it is not possible to conclude the contract or its performance by the Provider. <\/span><\/p>\n<p>[\/et_pb_text][et_pb_text _builder_version=&#8221;4.21.0&#8243; _module_preset=&#8221;default&#8221; global_colors_info=&#8221;{}&#8221;]<\/p>\n<h2>VI. Collection of operational and other data <\/h2>\n<p><span style=\"font-weight: 400\">In addition to the personal data described above, the Controller also collects and processes other data on the basis of which the users of the Website and\/or the Application (whether registered and\/or unregistered) cannot be identified in any way (&#8220;Other Data&#8221;).<\/span><\/p>\n<p><span style=\"font-weight: 400\">This Other Data is used to send notifications to the device in question and to facilitate the correction of errors in the code of the Application and\/or the Website. In particular: <\/span><\/p>\n<ul>\n<li style=\"font-weight: 400\"><span style=\"font-weight: 400\">device ID (UDID)<\/span><\/li>\n<li style=\"font-weight: 400\"><span style=\"font-weight: 400\">date and time of first access<\/span><\/li>\n<li style=\"font-weight: 400\"><span style=\"font-weight: 400\">date and time of last login<\/span><\/li>\n<li style=\"font-weight: 400\"><span style=\"font-weight: 400\">platform (Android\/iOS)<\/span><\/li>\n<li style=\"font-weight: 400\"><span style=\"font-weight: 400\">device model<\/span><\/li>\n<li style=\"font-weight: 400\"><span style=\"font-weight: 400\">mobile app version.<\/span><\/li>\n<\/ul>\n<p><span style=\"font-weight: 400\">We also collect analytics data and information about the use of the App\/Website. Here, this data includes in particular: <\/span><\/p>\n<ul>\n<li style=\"font-weight: 400\"><span style=\"font-weight: 400\">related to the frequency of visits to a particular section,<\/span><\/li>\n<li style=\"font-weight: 400\"><span style=\"font-weight: 400\">the number of &#8220;clicks&#8221; on a certain button of the Website \/ App.<\/span><\/li>\n<\/ul>\n<p><span style=\"font-weight: 400\">This data is anonymous from the outset, it is used purely to identify potential problems and errors in the Application (Website) and to improve it for a more comfortable and smoother user experience.<\/span><\/p>\n<p><span style=\"font-weight: 400\">All such other data is retained indefinitely. The User does not have the ability to view this data, nor does the User have the ability to delete this data. If the user uninstalls and reinstalls the application, new data is generated.  <\/span><\/p>\n<p>[\/et_pb_text][et_pb_text _builder_version=&#8221;4.21.0&#8243; _module_preset=&#8221;default&#8221; global_colors_info=&#8221;{}&#8221;]<\/p>\n<p><span style=\"font-weight: 400\">This policy is effective as of 1 October 2021.<\/span><\/p>\n<p>[\/et_pb_text][\/et_pb_column][et_pb_column type=&#8221;1_5&#8243; _builder_version=&#8221;4.16&#8243; _module_preset=&#8221;default&#8221; global_colors_info=&#8221;{}&#8221;][\/et_pb_column][\/et_pb_row][\/et_pb_section][et_pb_section fb_built=&#8221;1&#8243; _builder_version=&#8221;4.16&#8243; _module_preset=&#8221;default&#8221; background_color=&#8221;#8364ab&#8221; locked=&#8221;off&#8221; global_colors_info=&#8221;{}&#8221;][et_pb_row _builder_version=&#8221;4.16&#8243; _module_preset=&#8221;default&#8221; global_colors_info=&#8221;{}&#8221;][et_pb_column type=&#8221;4_4&#8243; _builder_version=&#8221;4.16&#8243; _module_preset=&#8221;default&#8221; global_colors_info=&#8221;{}&#8221;][et_pb_text _builder_version=&#8221;4.16&#8243; _module_preset=&#8221;default&#8221; text_font=&#8221;Poppins||||||||&#8221; text_text_color=&#8221;#FFFFFF&#8221; text_font_size=&#8221;20px&#8221; text_line_height=&#8221;1.8em&#8221; header_font=&#8221;|700|||||||&#8221; header_text_color=&#8221;#FFFFFF&#8221; header_2_font=&#8221;Poppins|700|||||||&#8221; header_2_text_color=&#8221;#FFFFFF&#8221; header_2_font_size=&#8221;30px&#8221; text_orientation=&#8221;center&#8221; global_colors_info=&#8221;{}&#8221;]<\/p>\n<h2><span style=\"font-weight: 400\"><\/span>Start using FreshFlow today<\/h2>\n<p><span style=\"font-weight: 400\"><\/span><\/p>\n<p><span style=\"font-weight: 400;color: white\">It is free for individual users:<\/span><\/p>\n<p>[\/et_pb_text][et_pb_button button_url=&#8221;https:\/\/app.freshflow.app\/#registration&#8221; button_text=&#8221;Start for free&#8221; button_alignment=&#8221;center&#8221; _builder_version=&#8221;4.22.2&#8243; _module_preset=&#8221;default&#8221; custom_button=&#8221;on&#8221; button_text_color=&#8221;#ffffff&#8221; button_bg_color=&#8221;#36baf0&#8243; button_border_width=&#8221;0px&#8221; button_border_radius=&#8221;7px&#8221; button_font=&#8221;Poppins||||||||&#8221; transform_scale=&#8221;90%|90%&#8221; custom_margin=&#8221;||12px|||&#8221; global_colors_info=&#8221;{}&#8221;][\/et_pb_button][et_pb_text _builder_version=&#8221;4.16&#8243; _module_preset=&#8221;default&#8221; text_text_color=&#8221;#FFFFFF&#8221; text_font_size=&#8221;14px&#8221; global_colors_info=&#8221;{}&#8221;]<\/p>\n<p style=\"text-align: center;color: white;font-size: 14px\">All you need is your email address<\/p>\n<p>[\/et_pb_text][\/et_pb_column][\/et_pb_row][\/et_pb_section]<\/p>\n","protected":false},"excerpt":{"rendered":"<p>Personal data processing principlesThe company FreshFlow Systems s.r.o., with registered office at Pra\u017esk\u00e1 636, 252 41 Doln\u00ed B\u0159e\u017eany, ID No.: 24299057, registered in the Commercial Register maintained by the Municipal Court in Prague, Section C, Insert 194216 (hereinafter referred to as the \u201eAdministrator\u201c), operator of the freshflow.app website, available at https:\/\/www.freshflow. cz (hereinafter referred to [&hellip;]<\/p>\n","protected":false},"author":2,"featured_media":0,"parent":0,"menu_order":0,"comment_status":"closed","ping_status":"closed","template":"","meta":{"_et_pb_use_builder":"on","_et_pb_old_content":"","_et_gb_content_width":"","footnotes":""},"class_list":["post-2430","page","type-page","status-publish","hentry"],"_links":{"self":[{"href":"https:\/\/freshflow.app\/en\/wp-json\/wp\/v2\/pages\/2430","targetHints":{"allow":["GET"]}}],"collection":[{"href":"https:\/\/freshflow.app\/en\/wp-json\/wp\/v2\/pages"}],"about":[{"href":"https:\/\/freshflow.app\/en\/wp-json\/wp\/v2\/types\/page"}],"author":[{"embeddable":true,"href":"https:\/\/freshflow.app\/en\/wp-json\/wp\/v2\/users\/2"}],"replies":[{"embeddable":true,"href":"https:\/\/freshflow.app\/en\/wp-json\/wp\/v2\/comments?post=2430"}],"version-history":[{"count":10,"href":"https:\/\/freshflow.app\/en\/wp-json\/wp\/v2\/pages\/2430\/revisions"}],"predecessor-version":[{"id":2568,"href":"https:\/\/freshflow.app\/en\/wp-json\/wp\/v2\/pages\/2430\/revisions\/2568"}],"wp:attachment":[{"href":"https:\/\/freshflow.app\/en\/wp-json\/wp\/v2\/media?parent=2430"}],"curies":[{"name":"wp","href":"https:\/\/api.w.org\/{rel}","templated":true}]}}