{"id":227177,"date":"2024-11-01T12:21:33","date_gmt":"2024-11-01T11:21:33","guid":{"rendered":"https:\/\/freshflow.cz\/demo-request-2\/"},"modified":"2025-11-07T12:49:44","modified_gmt":"2025-11-07T11:49:44","slug":"demo-request","status":"publish","type":"page","link":"https:\/\/freshflow.app\/en\/demo-request\/","title":{"rendered":"Demo request"},"content":{"rendered":"<p>[et_pb_section fb_built=&#8221;1&#8243; next_background_color=&#8221;#FFFFFF&#8221; _builder_version=&#8221;4.27.0&#8243; _module_preset=&#8221;default&#8221; background_color=&#8221;#362C6E&#8221; use_background_color_gradient=&#8221;on&#8221; background_color_gradient_type=&#8221;elliptical&#8221; background_color_gradient_direction_radial=&#8221;bottom&#8221; background_color_gradient_stops=&#8221;#6a4ebf 0%|#200059 76%&#8221; custom_padding=&#8221;||176px||false|false&#8221; bottom_divider_style=&#8221;wave&#8221; global_colors_info=&#8221;{}&#8221;][et_pb_row _builder_version=&#8221;4.16&#8243; _module_preset=&#8221;default&#8221; global_colors_info=&#8221;{}&#8221;][et_pb_column type=&#8221;4_4&#8243; _builder_version=&#8221;4.16&#8243; _module_preset=&#8221;default&#8221; global_colors_info=&#8221;{}&#8221;][dipl_double_color_heading heading_main_part=&#8221;Book a FreshFlow Demo&#8221; heading_post_part=&#8221;We\u2019ll be happy to show you how FreshFlow works&#8221; display_in_stack=&#8221;on&#8221; _builder_version=&#8221;4.27.4&#8243; _module_preset=&#8221;default&#8221; global_heading_settings_level=&#8221;h1&#8243; main_header_font=&#8221;|600|||||||&#8221; main_header_text_align=&#8221;center&#8221; main_header_text_color=&#8221;#FFFFFF&#8221; main_header_font_size=&#8221;50px&#8221; post_header_text_align=&#8221;center&#8221; post_header_text_color=&#8221;#B48EFF&#8221; main_header_font_size_tablet=&#8221;50px&#8221; main_header_font_size_phone=&#8221;42px&#8221; main_header_font_size_last_edited=&#8221;on|desktop&#8221; global_colors_info=&#8221;{}&#8221;][\/dipl_double_color_heading][dipl_double_color_heading heading_post_part=&#8221;Just send us your details and we\u2019ll give you a call to schedule an online meeting&#8221; display_in_stack=&#8221;on&#8221; _builder_version=&#8221;4.27.4&#8243; _module_preset=&#8221;default&#8221; global_heading_settings_level=&#8221;h1&#8243; main_header_font=&#8221;|600|||||||&#8221; main_header_text_align=&#8221;center&#8221; main_header_text_color=&#8221;#FFFFFF&#8221; main_header_font_size=&#8221;50px&#8221; post_header_text_align=&#8221;center&#8221; post_header_text_color=&#8221;#B48EFF&#8221; custom_margin=&#8221;-35px|||||&#8221; custom_padding=&#8221;0px|||||&#8221; main_header_font_size_tablet=&#8221;50px&#8221; main_header_font_size_phone=&#8221;42px&#8221; main_header_font_size_last_edited=&#8221;on|desktop&#8221; global_colors_info=&#8221;{}&#8221;][\/dipl_double_color_heading][\/et_pb_column][\/et_pb_row][\/et_pb_section][et_pb_section fb_built=&#8221;1&#8243; custom_padding_last_edited=&#8221;on|desktop&#8221; _builder_version=&#8221;4.16&#8243; _module_preset=&#8221;default&#8221; background_color=&#8221;#FFFFFF&#8221; custom_margin=&#8221;0px||||false|false&#8221; custom_padding=&#8221;70px||70px||false|false&#8221; custom_padding_tablet=&#8221;&#8221; custom_padding_phone=&#8221;30px||||false|false&#8221; global_colors_info=&#8221;{}&#8221;][et_pb_row column_structure=&#8221;1_4,1_2,1_4&#8243; _builder_version=&#8221;4.16&#8243; _module_preset=&#8221;default&#8221; global_colors_info=&#8221;{}&#8221;][et_pb_column type=&#8221;1_4&#8243; _builder_version=&#8221;4.16&#8243; _module_preset=&#8221;default&#8221; global_colors_info=&#8221;{}&#8221;][\/et_pb_column][et_pb_column type=&#8221;1_2&#8243; _builder_version=&#8221;4.16&#8243; _module_preset=&#8221;default&#8221; global_colors_info=&#8221;{}&#8221;][et_pb_text _builder_version=&#8221;4.27.4&#8243; _module_preset=&#8221;default&#8221; header_2_font=&#8221;Poppins|300|||||||&#8221; header_2_font_size=&#8221;45px&#8221; header_2_letter_spacing=&#8221;-0.03em&#8221; header_2_line_height=&#8221;1.4em&#8221; global_colors_info=&#8221;{}&#8221; custom_margin=&#8221;|-65px||-47px||&#8221;]<\/p>\n<h2 data-start=\"151\" data-end=\"186\" style=\"text-align: center\">What should we prepare for?<\/h2>\n<p>[\/et_pb_text][et_pb_contact_form email=&#8221;jan.j.rosa@freshflow.cz, jan.rosa@freshflow.cz&#8221; use_redirect=&#8221;on&#8221; redirect_url=&#8221;https:\/\/freshflow.app\/en\/thank-you\/&#8221; success_message=&#8221;Thank you.&#8221; submit_button_text=&#8221;Send&#8221; submit_button_text_tablet=&#8221;&#8221; submit_button_text_phone=&#8221;&#8221; submit_button_text_last_edited=&#8221;on|desktop&#8221; _builder_version=&#8221;4.27.4&#8243; _module_preset=&#8221;default&#8221; _unique_id=&#8221;75610967-265f-4a0a-a79d-2c60eaebbcc2&#8243; form_field_background_color=&#8221;#ebeaf1&#8243; form_field_text_color=&#8221;gcid-0181cdc0-628d-460c-a53f-80e854656fac&#8221; title_level=&#8221;h2&#8243; title_text_color=&#8221;#000000&#8243; captcha_text_color=&#8221;#FFFFFF&#8221; background_color=&#8221;#FFFFFF&#8221; custom_button=&#8221;on&#8221; button_text_size=&#8221;18px&#8221; button_text_color=&#8221;#FFFFFF&#8221; button_bg_color=&#8221;#36baf0&#8243; button_border_width=&#8221;0px&#8221; button_border_radius=&#8221;7px&#8221; button_font=&#8221;Poppins||||||||&#8221; global_colors_info=&#8221;{%22gcid-0181cdc0-628d-460c-a53f-80e854656fac%22:%91%22form_field_text_color%22%93}&#8221;][et_pb_contact_field field_id=&#8221;Jmeno&#8221; field_title=&#8221;Your name&#8221; _builder_version=&#8221;4.16&#8243; global_colors_info=&#8221;{}&#8221; button_text_size__hover_enabled=&#8221;off&#8221; button_one_text_size__hover_enabled=&#8221;off&#8221; button_two_text_size__hover_enabled=&#8221;off&#8221; button_text_color__hover_enabled=&#8221;off&#8221; button_one_text_color__hover_enabled=&#8221;off&#8221; button_two_text_color__hover_enabled=&#8221;off&#8221; button_border_width__hover_enabled=&#8221;off&#8221; button_one_border_width__hover_enabled=&#8221;off&#8221; button_two_border_width__hover_enabled=&#8221;off&#8221; button_border_color__hover_enabled=&#8221;off&#8221; button_one_border_color__hover_enabled=&#8221;off&#8221; button_two_border_color__hover_enabled=&#8221;off&#8221; button_border_radius__hover_enabled=&#8221;off&#8221; button_one_border_radius__hover_enabled=&#8221;off&#8221; button_two_border_radius__hover_enabled=&#8221;off&#8221; button_letter_spacing__hover_enabled=&#8221;off&#8221; button_one_letter_spacing__hover_enabled=&#8221;off&#8221; button_two_letter_spacing__hover_enabled=&#8221;off&#8221; button_bg_color__hover_enabled=&#8221;off&#8221; button_one_bg_color__hover_enabled=&#8221;off&#8221; button_two_bg_color__hover_enabled=&#8221;off&#8221;][\/et_pb_contact_field][et_pb_contact_field field_id=&#8221;Email&#8221; field_title=&#8221;Your email&#8221; field_type=&#8221;email&#8221; _builder_version=&#8221;4.27.4&#8243; global_colors_info=&#8221;{}&#8221; button_text_size__hover_enabled=&#8221;off&#8221; button_one_text_size__hover_enabled=&#8221;off&#8221; button_two_text_size__hover_enabled=&#8221;off&#8221; button_text_color__hover_enabled=&#8221;off&#8221; button_one_text_color__hover_enabled=&#8221;off&#8221; button_two_text_color__hover_enabled=&#8221;off&#8221; button_border_width__hover_enabled=&#8221;off&#8221; button_one_border_width__hover_enabled=&#8221;off&#8221; button_two_border_width__hover_enabled=&#8221;off&#8221; button_border_color__hover_enabled=&#8221;off&#8221; button_one_border_color__hover_enabled=&#8221;off&#8221; button_two_border_color__hover_enabled=&#8221;off&#8221; button_border_radius__hover_enabled=&#8221;off&#8221; button_one_border_radius__hover_enabled=&#8221;off&#8221; button_two_border_radius__hover_enabled=&#8221;off&#8221; button_letter_spacing__hover_enabled=&#8221;off&#8221; button_one_letter_spacing__hover_enabled=&#8221;off&#8221; button_two_letter_spacing__hover_enabled=&#8221;off&#8221; button_bg_color__hover_enabled=&#8221;off&#8221; button_one_bg_color__hover_enabled=&#8221;off&#8221; button_two_bg_color__hover_enabled=&#8221;off&#8221;][\/et_pb_contact_field][et_pb_contact_field field_id=&#8221;Firma&#8221; field_title=&#8221;Company&#8221; required_mark=&#8221;off&#8221; fullwidth_field=&#8221;on&#8221; _builder_version=&#8221;4.16&#8243; _module_preset=&#8221;default&#8221; global_colors_info=&#8221;{}&#8221;][\/et_pb_contact_field][et_pb_contact_field field_id=&#8221;Po\u010det_u\u017eivatel\u016f&#8221; field_title=&#8221;Expected number of users&#8221; fullwidth_field=&#8221;on&#8221; _builder_version=&#8221;4.27.4&#8243; _module_preset=&#8221;default&#8221; global_colors_info=&#8221;{}&#8221;][\/et_pb_contact_field][et_pb_contact_field field_id=&#8221;Telefon&#8221; field_title=&#8221;Your phone number&#8221; fullwidth_field=&#8221;on&#8221; _builder_version=&#8221;4.16&#8243; _module_preset=&#8221;default&#8221; global_colors_info=&#8221;{}&#8221;][\/et_pb_contact_field][et_pb_contact_field field_id=&#8221;Zprava&#8221; field_title=&#8221;What are you interested in and what do you need from FreshFlow?&#8221; field_type=&#8221;text&#8221; fullwidth_field=&#8221;on&#8221; _builder_version=&#8221;4.27.4&#8243; global_colors_info=&#8221;{}&#8221; button_text_size__hover_enabled=&#8221;off&#8221; button_one_text_size__hover_enabled=&#8221;off&#8221; button_two_text_size__hover_enabled=&#8221;off&#8221; button_text_color__hover_enabled=&#8221;off&#8221; button_one_text_color__hover_enabled=&#8221;off&#8221; button_two_text_color__hover_enabled=&#8221;off&#8221; button_border_width__hover_enabled=&#8221;off&#8221; button_one_border_width__hover_enabled=&#8221;off&#8221; button_two_border_width__hover_enabled=&#8221;off&#8221; button_border_color__hover_enabled=&#8221;off&#8221; button_one_border_color__hover_enabled=&#8221;off&#8221; button_two_border_color__hover_enabled=&#8221;off&#8221; button_border_radius__hover_enabled=&#8221;off&#8221; button_one_border_radius__hover_enabled=&#8221;off&#8221; button_two_border_radius__hover_enabled=&#8221;off&#8221; button_letter_spacing__hover_enabled=&#8221;off&#8221; button_one_letter_spacing__hover_enabled=&#8221;off&#8221; button_two_letter_spacing__hover_enabled=&#8221;off&#8221; button_bg_color__hover_enabled=&#8221;off&#8221; button_one_bg_color__hover_enabled=&#8221;off&#8221; button_two_bg_color__hover_enabled=&#8221;off&#8221;][\/et_pb_contact_field][\/et_pb_contact_form][\/et_pb_column][et_pb_column type=&#8221;1_4&#8243; _builder_version=&#8221;4.16&#8243; _module_preset=&#8221;default&#8221; global_colors_info=&#8221;{}&#8221;][\/et_pb_column][\/et_pb_row][\/et_pb_section]<\/p>\n","protected":false},"excerpt":{"rendered":"<p><div class=\"et_pb_module dipl_double_color_heading dipl_double_color_heading_0 \">\n\t\t\t\t\n\t\t\t\t\n\t\t\t\t\n\t\t\t\t\n\t\t\t\t\n\t\t\t\t\n\t\t\t\t<div class=\"et_pb_module_inner\">\n\t\t\t\t\t<div class=\"dipl_text_wrapper\"><h1><span class=\"dipl_text_stack dipl_main_text_stack\"><span class=\"dipl_main_text\">Book a FreshFlow Demo<\/span><\/span><span class=\"dipl_text_stack dipl_post_text_stack\"><span class=\"dipl_post_text\">We\u2019ll be happy to show you how FreshFlow works<\/span><\/span><\/h1><\/div>\n\t\t\t\t<\/div>\n\t\t\t<\/div><div class=\"et_pb_module dipl_double_color_heading dipl_double_color_heading_1 \">\n\t\t\t\t\n\t\t\t\t\n\t\t\t\t\n\t\t\t\t\n\t\t\t\t\n\t\t\t\t\n\t\t\t\t<div class=\"et_pb_module_inner\">\n\t\t\t\t\t<div class=\"dipl_text_wrapper\"><h2><\/h2><\/div>\n\t\t\t\t<\/div>\n\t\t\t<\/div><\/p>\n","protected":false},"author":5,"featured_media":0,"parent":0,"menu_order":0,"comment_status":"closed","ping_status":"closed","template":"","meta":{"_et_pb_use_builder":"on","_et_pb_old_content":"","_et_gb_content_width":"","footnotes":""},"class_list":["post-227177","page","type-page","status-publish","hentry"],"_links":{"self":[{"href":"https:\/\/freshflow.app\/en\/wp-json\/wp\/v2\/pages\/227177","targetHints":{"allow":["GET"]}}],"collection":[{"href":"https:\/\/freshflow.app\/en\/wp-json\/wp\/v2\/pages"}],"about":[{"href":"https:\/\/freshflow.app\/en\/wp-json\/wp\/v2\/types\/page"}],"author":[{"embeddable":true,"href":"https:\/\/freshflow.app\/en\/wp-json\/wp\/v2\/users\/5"}],"replies":[{"embeddable":true,"href":"https:\/\/freshflow.app\/en\/wp-json\/wp\/v2\/comments?post=227177"}],"version-history":[{"count":7,"href":"https:\/\/freshflow.app\/en\/wp-json\/wp\/v2\/pages\/227177\/revisions"}],"predecessor-version":[{"id":227242,"href":"https:\/\/freshflow.app\/en\/wp-json\/wp\/v2\/pages\/227177\/revisions\/227242"}],"wp:attachment":[{"href":"https:\/\/freshflow.app\/en\/wp-json\/wp\/v2\/media?parent=227177"}],"curies":[{"name":"wp","href":"https:\/\/api.w.org\/{rel}","templated":true}]}}