{"id":224966,"date":"2024-11-01T12:22:28","date_gmt":"2024-11-01T11:22:28","guid":{"rendered":"https:\/\/freshflow.cz\/?page_id=224966"},"modified":"2026-02-26T21:57:32","modified_gmt":"2026-02-26T20:57:32","slug":"dekujeme","status":"publish","type":"page","link":"https:\/\/freshflow.app\/cs\/dekujeme\/","title":{"rendered":"D\u011bkujeme"},"content":{"rendered":"<p>[et_pb_section fb_built=&#8220;1&#8243; _builder_version=&#8220;4.16&#8243; _module_preset=&#8220;default&#8220; background_color=&#8220;#ffffff&#8220; custom_padding=&#8220;||30px|||&#8220; global_colors_info=&#8220;{}&#8220;][et_pb_row _builder_version=&#8220;4.16&#8243; _module_preset=&#8220;default&#8220; global_colors_info=&#8220;{}&#8220;][et_pb_column type=&#8220;4_4&#8243; _builder_version=&#8220;4.16&#8243; _module_preset=&#8220;default&#8220; global_colors_info=&#8220;{}&#8220;][et_pb_text _builder_version=&#8220;4.27.5&#8243; _module_preset=&#8220;default&#8220; header_2_font=&#8220;Poppins|300|||||||&#8220; header_2_font_size=&#8220;45px&#8220; header_2_letter_spacing=&#8220;-0.03em&#8220; header_2_line_height=&#8220;1.4em&#8220; global_colors_info=&#8220;{}&#8220;]<\/p>\n<h2 style=\"text-align: center\">D\u011bkujeme za z\u00e1jem.<\/h2>\n<h2 style=\"text-align: center\">Budeme V\u00e1s kontaktovat obratem.<\/h2>\n<p>[\/et_pb_text][et_pb_text _builder_version=&#8220;4.27.0&#8243; _module_preset=&#8220;default&#8220; text_font_size=&#8220;20px&#8220; header_2_font=&#8220;Poppins|300|||||||&#8220; header_2_font_size=&#8220;45px&#8220; header_2_letter_spacing=&#8220;-0.03em&#8220; header_2_line_height=&#8220;1.4em&#8220; global_colors_info=&#8220;{}&#8220;]<\/p>\n<p style=\"text-align: center\">Je\u0161t\u011b jste FreshFlow nevyzkou\u0161eli?<\/p>\n<p style=\"text-align: center\">Je to jednoduch\u00e9. Sta\u010d\u00ed zadat email:<\/p>\n<p style=\"text-align: center\">[\/et_pb_text][et_pb_button button_url=&#8220;https:\/\/app.freshflow.cz\/signup&#8220; button_text=&#8220;Za\u010d\u00edt zdarma&#8220; button_alignment=&#8220;center&#8220; _builder_version=&#8220;4.27.5&#8243; _module_preset=&#8220;default&#8220; hover_enabled=&#8220;0&#8243; global_colors_info=&#8220;{}&#8220; sticky_enabled=&#8220;0&#8243;][\/et_pb_button][\/et_pb_column][\/et_pb_row][et_pb_row column_structure=&#8220;1_2,1_2&#8243; _builder_version=&#8220;4.27.0&#8243; _module_preset=&#8220;default&#8220; custom_margin=&#8220;40px|auto|60px|auto||&#8220; global_colors_info=&#8220;{}&#8220;][et_pb_column type=&#8220;1_2&#8243; _builder_version=&#8220;4.16&#8243; _module_preset=&#8220;default&#8220; global_colors_info=&#8220;{}&#8220;][et_pb_video src=&#8220;https:\/\/www.youtube.com\/watch?v=6ceq98Vu1ak&amp;t=4s&#8220; _builder_version=&#8220;4.27.0&#8243; _module_preset=&#8220;default&#8220; global_colors_info=&#8220;{}&#8220;][\/et_pb_video][et_pb_button button_url=&#8220;https:\/\/www.youtube.com\/@freshflowapp&#8220; button_text=&#8220;YouTube kan\u00e1l&#8220; button_alignment=&#8220;center&#8220; _builder_version=&#8220;4.27.0&#8243; _module_preset=&#8220;default&#8220; global_colors_info=&#8220;{}&#8220;][\/et_pb_button][\/et_pb_column][et_pb_column type=&#8220;1_2&#8243; _builder_version=&#8220;4.27.0&#8243; _module_preset=&#8220;default&#8220; global_colors_info=&#8220;{}&#8220;][et_pb_blog posts_number=&#8220;1&#8243; use_manual_excerpt=&#8220;off&#8220; excerpt_length=&#8220;50&#8243; _builder_version=&#8220;4.16&#8243; _module_preset=&#8220;default&#8220; global_colors_info=&#8220;{}&#8220;][\/et_pb_blog][\/et_pb_column][\/et_pb_row][\/et_pb_section]<\/p>\n","protected":false},"excerpt":{"rendered":"<p>D\u011bkujeme za z\u00e1jem. Budeme V\u00e1s kontaktovat obratem.Je\u0161t\u011b jste FreshFlow nevyzkou\u0161eli? Je to jednoduch\u00e9. Sta\u010d\u00ed zadat email:<\/p>\n","protected":false},"author":5,"featured_media":0,"parent":0,"menu_order":0,"comment_status":"closed","ping_status":"closed","template":"","meta":{"_et_pb_use_builder":"on","_et_pb_old_content":"","_et_gb_content_width":"","footnotes":""},"class_list":["post-224966","page","type-page","status-publish","hentry"],"_links":{"self":[{"href":"https:\/\/freshflow.app\/cs\/wp-json\/wp\/v2\/pages\/224966","targetHints":{"allow":["GET"]}}],"collection":[{"href":"https:\/\/freshflow.app\/cs\/wp-json\/wp\/v2\/pages"}],"about":[{"href":"https:\/\/freshflow.app\/cs\/wp-json\/wp\/v2\/types\/page"}],"author":[{"embeddable":true,"href":"https:\/\/freshflow.app\/cs\/wp-json\/wp\/v2\/users\/5"}],"replies":[{"embeddable":true,"href":"https:\/\/freshflow.app\/cs\/wp-json\/wp\/v2\/comments?post=224966"}],"version-history":[{"count":5,"href":"https:\/\/freshflow.app\/cs\/wp-json\/wp\/v2\/pages\/224966\/revisions"}],"predecessor-version":[{"id":229089,"href":"https:\/\/freshflow.app\/cs\/wp-json\/wp\/v2\/pages\/224966\/revisions\/229089"}],"wp:attachment":[{"href":"https:\/\/freshflow.app\/cs\/wp-json\/wp\/v2\/media?parent=224966"}],"curies":[{"name":"wp","href":"https:\/\/api.w.org\/{rel}","templated":true}]}}