{"id":224961,"date":"2024-11-01T12:21:33","date_gmt":"2024-11-01T11:21:33","guid":{"rendered":"https:\/\/freshflow.cz\/?page_id=224961"},"modified":"2026-03-14T00:18:30","modified_gmt":"2026-03-13T23:18:30","slug":"chci-ukazku","status":"publish","type":"page","link":"https:\/\/freshflow.app\/cs\/chci-ukazku\/","title":{"rendered":"Chci uk\u00e1zku"},"content":{"rendered":"<p>[et_pb_section fb_built=&#8220;1&#8243; next_background_color=&#8220;#FFFFFF&#8220; _builder_version=&#8220;4.27.0&#8243; _module_preset=&#8220;default&#8220; background_color=&#8220;#362C6E&#8220; use_background_color_gradient=&#8220;on&#8220; background_color_gradient_type=&#8220;elliptical&#8220; background_color_gradient_direction_radial=&#8220;bottom&#8220; background_color_gradient_stops=&#8220;#6a4ebf 0%|#200059 76%&#8220; custom_padding=&#8220;||140px||false|false&#8220; bottom_divider_style=&#8220;wave&#8220; global_colors_info=&#8220;{}&#8220;][et_pb_row _builder_version=&#8220;4.16&#8243; _module_preset=&#8220;default&#8220; global_colors_info=&#8220;{}&#8220;][et_pb_column type=&#8220;4_4&#8243; _builder_version=&#8220;4.16&#8243; _module_preset=&#8220;default&#8220; global_colors_info=&#8220;{}&#8220;][et_pb_text content_tablet=&#8220;<\/p>\n<h1>Objednejte si bezplatnou uk\u00e1zku FreshFlow<\/h1>\n<p>&#8220; content_phone=&#8220;<\/p>\n<h1>Objednejte si bezplatnou uk\u00e1zku FreshFlow<\/h1>\n<p>&#8220; content_last_edited=&#8220;on|phone&#8220; _builder_version=&#8220;4.27.5&#8243; _module_preset=&#8220;default&#8220; header_font=&#8220;Poppins|600|||||||&#8220; header_text_color=&#8220;#FFFFFF&#8220; header_font_size=&#8220;50px&#8220; header_line_height=&#8220;1.1em&#8220; z_index=&#8220;0&#8243; custom_margin=&#8220;0px||14px|0px|false|false&#8220; custom_padding=&#8220;0px||0px|0px|false|false&#8220; locked=&#8220;off&#8220; global_colors_info=&#8220;{}&#8220;]<\/p>\n<h1 style=\"text-align: center\">Objednejte si bezplatnou uk\u00e1zku FreshFlow<\/h1>\n<p>[\/et_pb_text][et_pb_text content_tablet=&#8220;<\/p>\n<h3>R\u00e1di V\u00e1m FreshFlow p\u0159edvedeme.<\/h3>\n<h3>Napi\u0161te n\u00e1m a my V\u00e1m zavol\u00e1me, abychom si domluvili online setk\u00e1n\u00ed.<\/h3>\n<\/p>\n<p>&#8220; content_phone=&#8220;<\/p>\n<h3>R\u00e1di V\u00e1m FreshFlow p\u0159edvedeme.<\/h3>\n<h3>Napi\u0161te n\u00e1m a my V\u00e1m zavol\u00e1me, abychom si domluvili online setk\u00e1n\u00ed.<\/h3>\n<p>&#8220; content_last_edited=&#8220;on|desktop&#8220; _builder_version=&#8220;4.27.6&#8243; _module_preset=&#8220;default&#8220; text_text_color=&#8220;#959baf&#8220; header_2_font=&#8220;Poppins||||||||&#8220; header_2_text_color=&#8220;#959baf&#8220; header_2_line_height=&#8220;1.2em&#8220; header_3_text_color=&#8220;#B48EFF&#8220; header_3_font_size=&#8220;26px&#8220; custom_margin=&#8220;||-2px|||&#8220; hover_enabled=&#8220;0&#8243; locked=&#8220;off&#8220; global_colors_info=&#8220;{}&#8220; sticky_enabled=&#8220;0&#8243; header_font_size=&#8220;27px&#8220; text_font_size=&#8220;14px&#8220;]<\/p>\n<h3 style=\"text-align: center\">R\u00e1di V\u00e1m FreshFlow bezplatn\u011b uk\u00e1\u017eeme<\/h3>\n<h3 style=\"text-align: center\">Sta\u010d\u00ed vyplnit n\u00e1sleduj\u00edc\u00ed formul\u00e1\u0159 a my se V\u00e1m ozveme, abychom si domluvili videohovor<\/h3>\n<p>&nbsp;<\/p>\n<p>[\/et_pb_text][\/et_pb_column][\/et_pb_row][\/et_pb_section][et_pb_section fb_built=&#8220;1&#8243; custom_padding_last_edited=&#8220;on|desktop&#8220; _builder_version=&#8220;4.16&#8243; _module_preset=&#8220;default&#8220; background_color=&#8220;#FFFFFF&#8220; custom_margin=&#8220;0px||||false|false&#8220; custom_padding=&#8220;70px||70px||false|false&#8220; custom_padding_tablet=&#8220;&#8220; custom_padding_phone=&#8220;30px||||false|false&#8220; global_colors_info=&#8220;{}&#8220;][et_pb_row column_structure=&#8220;1_4,1_2,1_4&#8243; _builder_version=&#8220;4.16&#8243; _module_preset=&#8220;default&#8220; global_colors_info=&#8220;{}&#8220;][et_pb_column type=&#8220;1_4&#8243; _builder_version=&#8220;4.16&#8243; _module_preset=&#8220;default&#8220; global_colors_info=&#8220;{}&#8220;][\/et_pb_column][et_pb_column type=&#8220;1_2&#8243; _builder_version=&#8220;4.16&#8243; _module_preset=&#8220;default&#8220; global_colors_info=&#8220;{}&#8220;][et_pb_text _builder_version=&#8220;4.27.0&#8243; _module_preset=&#8220;default&#8220; header_2_font=&#8220;Poppins|300|||||||&#8220; header_2_font_size=&#8220;45px&#8220; header_2_letter_spacing=&#8220;-0.03em&#8220; header_2_line_height=&#8220;1.4em&#8220; global_colors_info=&#8220;{}&#8220;]<\/p>\n<h2>Na co se m\u00e1me p\u0159ipravit?<\/h2>\n<p>[\/et_pb_text][et_pb_contact_form email=&#8220;jan.j.rosa@freshflow.cz, jan.rosa@freshflow.cz&#8220; use_redirect=&#8220;on&#8220; redirect_url=&#8220;https:\/\/freshflow.app\/cs\/dekujeme\/&#8220; success_message=&#8220;D\u011bkujeme.&#8220; submit_button_text=&#8220;Odeslat&#8220; submit_button_text_tablet=&#8220;Odeslat&#8220; submit_button_text_phone=&#8220;Odeslat&#8220; submit_button_text_last_edited=&#8220;on|tablet&#8220; _builder_version=&#8220;4.27.5&#8243; _module_preset=&#8220;default&#8220; _unique_id=&#8220;75610967-265f-4a0a-a79d-2c60eaebbcc2&#8243; form_field_background_color=&#8220;#ebeaf1&#8243; form_field_text_color=&#8220;gcid-0181cdc0-628d-460c-a53f-80e854656fac&#8220; title_level=&#8220;h2&#8243; title_text_color=&#8220;#000000&#8243; captcha_text_color=&#8220;#FFFFFF&#8220; background_color=&#8220;#FFFFFF&#8220; custom_button=&#8220;on&#8220; button_text_size=&#8220;18px&#8220; button_text_color=&#8220;#FFFFFF&#8220; button_bg_color=&#8220;#36baf0&#8243; button_border_width=&#8220;0px&#8220; button_border_radius=&#8220;7px&#8220; button_font=&#8220;Poppins||||||||&#8220; global_colors_info=&#8220;{%22gcid-0181cdc0-628d-460c-a53f-80e854656fac%22:%91%22form_field_text_color%22%93}&#8220;][et_pb_contact_field field_id=&#8220;Jmeno&#8220; field_title=&#8220;Va\u0161e jm\u00e9no a p\u0159\u00edjmen\u00ed&#8220; _builder_version=&#8220;4.27.5&#8243; global_colors_info=&#8220;{}&#8220; button_text_size__hover_enabled=&#8220;off&#8220; button_one_text_size__hover_enabled=&#8220;off&#8220; button_two_text_size__hover_enabled=&#8220;off&#8220; button_text_color__hover_enabled=&#8220;off&#8220; button_one_text_color__hover_enabled=&#8220;off&#8220; button_two_text_color__hover_enabled=&#8220;off&#8220; button_border_width__hover_enabled=&#8220;off&#8220; button_one_border_width__hover_enabled=&#8220;off&#8220; button_two_border_width__hover_enabled=&#8220;off&#8220; button_border_color__hover_enabled=&#8220;off&#8220; button_one_border_color__hover_enabled=&#8220;off&#8220; button_two_border_color__hover_enabled=&#8220;off&#8220; button_border_radius__hover_enabled=&#8220;off&#8220; button_one_border_radius__hover_enabled=&#8220;off&#8220; button_two_border_radius__hover_enabled=&#8220;off&#8220; button_letter_spacing__hover_enabled=&#8220;off&#8220; button_one_letter_spacing__hover_enabled=&#8220;off&#8220; button_two_letter_spacing__hover_enabled=&#8220;off&#8220; button_bg_color__hover_enabled=&#8220;off&#8220; button_one_bg_color__hover_enabled=&#8220;off&#8220; button_two_bg_color__hover_enabled=&#8220;off&#8220;][\/et_pb_contact_field][et_pb_contact_field field_id=&#8220;Email&#8220; field_title=&#8220;V\u00e1\u0161 email&#8220; field_type=&#8220;email&#8220; required_mark=&#8220;off&#8220; _builder_version=&#8220;4.27.5&#8243; global_colors_info=&#8220;{}&#8220; button_text_size__hover_enabled=&#8220;off&#8220; button_one_text_size__hover_enabled=&#8220;off&#8220; button_two_text_size__hover_enabled=&#8220;off&#8220; button_text_color__hover_enabled=&#8220;off&#8220; button_one_text_color__hover_enabled=&#8220;off&#8220; button_two_text_color__hover_enabled=&#8220;off&#8220; button_border_width__hover_enabled=&#8220;off&#8220; button_one_border_width__hover_enabled=&#8220;off&#8220; button_two_border_width__hover_enabled=&#8220;off&#8220; button_border_color__hover_enabled=&#8220;off&#8220; button_one_border_color__hover_enabled=&#8220;off&#8220; button_two_border_color__hover_enabled=&#8220;off&#8220; button_border_radius__hover_enabled=&#8220;off&#8220; button_one_border_radius__hover_enabled=&#8220;off&#8220; button_two_border_radius__hover_enabled=&#8220;off&#8220; button_letter_spacing__hover_enabled=&#8220;off&#8220; button_one_letter_spacing__hover_enabled=&#8220;off&#8220; button_two_letter_spacing__hover_enabled=&#8220;off&#8220; button_bg_color__hover_enabled=&#8220;off&#8220; button_one_bg_color__hover_enabled=&#8220;off&#8220; button_two_bg_color__hover_enabled=&#8220;off&#8220;][\/et_pb_contact_field][et_pb_contact_field field_id=&#8220;Telefon&#8220; field_title=&#8220;Va\u0161e telefonn\u00ed \u010d\u00edslo&#8220; fullwidth_field=&#8220;on&#8220; _builder_version=&#8220;4.16&#8243; _module_preset=&#8220;default&#8220; global_colors_info=&#8220;{}&#8220;][\/et_pb_contact_field][et_pb_contact_field field_id=&#8220;Firma&#8220; field_title=&#8220;Firma (obor)&#8220; required_mark=&#8220;off&#8220; fullwidth_field=&#8220;on&#8220; _builder_version=&#8220;4.27.5&#8243; _module_preset=&#8220;default&#8220; global_colors_info=&#8220;{}&#8220;][\/et_pb_contact_field][et_pb_contact_field field_id=&#8220;Zprava&#8220; field_title=&#8220;Co v\u00e1s zaj\u00edm\u00e1 a co od FreshFlow budete pot\u0159ebovat?&#8220; field_type=&#8220;text&#8220; fullwidth_field=&#8220;on&#8220; _builder_version=&#8220;4.27.4&#8243; global_colors_info=&#8220;{}&#8220; button_text_size__hover_enabled=&#8220;off&#8220; button_one_text_size__hover_enabled=&#8220;off&#8220; button_two_text_size__hover_enabled=&#8220;off&#8220; button_text_color__hover_enabled=&#8220;off&#8220; button_one_text_color__hover_enabled=&#8220;off&#8220; button_two_text_color__hover_enabled=&#8220;off&#8220; button_border_width__hover_enabled=&#8220;off&#8220; button_one_border_width__hover_enabled=&#8220;off&#8220; button_two_border_width__hover_enabled=&#8220;off&#8220; button_border_color__hover_enabled=&#8220;off&#8220; button_one_border_color__hover_enabled=&#8220;off&#8220; button_two_border_color__hover_enabled=&#8220;off&#8220; button_border_radius__hover_enabled=&#8220;off&#8220; button_one_border_radius__hover_enabled=&#8220;off&#8220; button_two_border_radius__hover_enabled=&#8220;off&#8220; button_letter_spacing__hover_enabled=&#8220;off&#8220; button_one_letter_spacing__hover_enabled=&#8220;off&#8220; button_two_letter_spacing__hover_enabled=&#8220;off&#8220; button_bg_color__hover_enabled=&#8220;off&#8220; button_one_bg_color__hover_enabled=&#8220;off&#8220; button_two_bg_color__hover_enabled=&#8220;off&#8220;][\/et_pb_contact_field][\/et_pb_contact_form][\/et_pb_column][et_pb_column type=&#8220;1_4&#8243; _builder_version=&#8220;4.16&#8243; _module_preset=&#8220;default&#8220; global_colors_info=&#8220;{}&#8220;][\/et_pb_column][\/et_pb_row][\/et_pb_section]<\/p>\n","protected":false},"excerpt":{"rendered":"<p>Objednejte si bezplatnou uk\u00e1zku FreshFlowR\u00e1di V\u00e1m FreshFlow bezplatn\u011b uk\u00e1\u017eeme Sta\u010d\u00ed vyplnit n\u00e1sleduj\u00edc\u00ed formul\u00e1\u0159 a my se V\u00e1m ozveme, abychom si domluvili videohovor &nbsp;Na co se m\u00e1me p\u0159ipravit?<\/p>\n","protected":false},"author":5,"featured_media":0,"parent":0,"menu_order":0,"comment_status":"closed","ping_status":"closed","template":"","meta":{"_et_pb_use_builder":"on","_et_pb_old_content":"","_et_gb_content_width":"","footnotes":""},"class_list":["post-224961","page","type-page","status-publish","hentry"],"_links":{"self":[{"href":"https:\/\/freshflow.app\/cs\/wp-json\/wp\/v2\/pages\/224961","targetHints":{"allow":["GET"]}}],"collection":[{"href":"https:\/\/freshflow.app\/cs\/wp-json\/wp\/v2\/pages"}],"about":[{"href":"https:\/\/freshflow.app\/cs\/wp-json\/wp\/v2\/types\/page"}],"author":[{"embeddable":true,"href":"https:\/\/freshflow.app\/cs\/wp-json\/wp\/v2\/users\/5"}],"replies":[{"embeddable":true,"href":"https:\/\/freshflow.app\/cs\/wp-json\/wp\/v2\/comments?post=224961"}],"version-history":[{"count":22,"href":"https:\/\/freshflow.app\/cs\/wp-json\/wp\/v2\/pages\/224961\/revisions"}],"predecessor-version":[{"id":229133,"href":"https:\/\/freshflow.app\/cs\/wp-json\/wp\/v2\/pages\/224961\/revisions\/229133"}],"wp:attachment":[{"href":"https:\/\/freshflow.app\/cs\/wp-json\/wp\/v2\/media?parent=224961"}],"curies":[{"name":"wp","href":"https:\/\/api.w.org\/{rel}","templated":true}]}}