{"id":224923,"date":"2024-11-01T12:20:11","date_gmt":"2024-11-01T11:20:11","guid":{"rendered":"https:\/\/freshflow.cz\/?page_id=224923"},"modified":"2026-02-26T21:29:40","modified_gmt":"2026-02-26T20:29:40","slug":"o-nas","status":"publish","type":"page","link":"https:\/\/freshflow.app\/cs\/o-nas\/","title":{"rendered":"O n\u00e1s"},"content":{"rendered":"<p>[et_pb_section fb_built=&#8220;1&#8243; next_background_color=&#8220;#ffffff&#8220; _builder_version=&#8220;4.27.0&#8243; _module_preset=&#8220;default&#8220; background_color=&#8220;#362C6E&#8220; use_background_color_gradient=&#8220;on&#8220; background_color_gradient_type=&#8220;elliptical&#8220; background_color_gradient_direction_radial=&#8220;bottom&#8220; background_color_gradient_stops=&#8220;#6a4ebf 0%|#200059 76%&#8220; custom_padding=&#8220;||113px||false|false&#8220; bottom_divider_style=&#8220;wave&#8220; global_colors_info=&#8220;{}&#8220;][et_pb_row _builder_version=&#8220;4.16&#8243; _module_preset=&#8220;default&#8220; global_colors_info=&#8220;{}&#8220;][et_pb_column type=&#8220;4_4&#8243; _builder_version=&#8220;4.16&#8243; _module_preset=&#8220;default&#8220; global_colors_info=&#8220;{}&#8220;][et_pb_text _builder_version=&#8220;4.27.5&#8243; _module_preset=&#8220;default&#8220; header_font=&#8220;Poppins|600|||||||&#8220; header_text_color=&#8220;#FFFFFF&#8220; header_font_size=&#8220;50px&#8220; header_line_height=&#8220;1.1em&#8220; z_index=&#8220;0&#8243; custom_margin=&#8220;0px||6px|0px|false|false&#8220; custom_padding=&#8220;0px||0px|0px|false|false&#8220; hover_enabled=&#8220;0&#8243; global_colors_info=&#8220;{}&#8220; locked=&#8220;off&#8220; sticky_enabled=&#8220;0&#8243; content_last_edited=&#8220;on|phone&#8220; content_phone=&#8220;<\/p>\n<h1>Ov\u011b\u0159en\u00fd syst\u00e9m a mnohalet\u00e9 zku\u0161enosti<\/h1>\n<p>&#8220; content_tablet=&#8220;<\/p>\n<h1>Ov\u011b\u0159en\u00fd syst\u00e9m a mnohalet\u00e9 zku\u0161enosti<\/h1>\n<p>&#8222;]<\/p>\n<h1 style=\"text-align: center\">Ov\u011b\u0159en\u00fd syst\u00e9m a mnohalet\u00e9 zku\u0161enosti<\/h1>\n<p>[\/et_pb_text][et_pb_text _builder_version=&#8220;4.27.5&#8243; _module_preset=&#8220;default&#8220; text_text_color=&#8220;#959baf&#8220; header_2_font=&#8220;Poppins||||||||&#8220; header_2_text_color=&#8220;#959baf&#8220; header_2_line_height=&#8220;1.2em&#8220; header_3_text_color=&#8220;#B48EFF&#8220; header_3_font_size=&#8220;26px&#8220; custom_margin=&#8220;||-2px|||&#8220; hover_enabled=&#8220;0&#8243; global_colors_info=&#8220;{}&#8220; locked=&#8220;off&#8220; sticky_enabled=&#8220;0&#8243; min_height=&#8220;47px&#8220; content_last_edited=&#8220;on|phone&#8220; content_phone=&#8220;<\/p>\n<h3>FreshFlow rozv\u00edj\u00edme od roku 2012 a vyu\u017e\u00edvaj\u00ed ho tis\u00edce u\u017eivatel\u016f<\/h3>\n<p>&#8220; content_tablet=&#8220;<\/p>\n<h3>FreshFlow rozv\u00edj\u00edme od roku 2012 a za tu dobu ho vyu\u017eily tis\u00edce u\u017eivatel\u016f<\/h3>\n<p>&#8222;]<\/p>\n<h3 style=\"text-align: center\">FreshFlow rozv\u00edj\u00edme od roku 2012 a za tu dobu ho vyu\u017eily tis\u00edce u\u017eivatel\u016f<\/h3>\n<p>[\/et_pb_text][\/et_pb_column][\/et_pb_row][\/et_pb_section][et_pb_section fb_built=&#8220;1&#8243; _builder_version=&#8220;4.16&#8243; _module_preset=&#8220;default&#8220; custom_padding=&#8220;80px||30px|||&#8220; global_colors_info=&#8220;{}&#8220;][et_pb_row column_structure=&#8220;1_2,1_6,1_6,1_6&#8243; module_class=&#8220;mp_row_vertical_align&#8220; _builder_version=&#8220;4.27.0&#8243; _module_preset=&#8220;default&#8220; custom_margin=&#8220;-10px|auto||auto||&#8220; custom_padding=&#8220;||50px|||&#8220; global_colors_info=&#8220;{}&#8220;][et_pb_column type=&#8220;1_2&#8243; admin_label=&#8220;Sloupec&#8220; _builder_version=&#8220;4.27.0&#8243; _module_preset=&#8220;default&#8220; custom_padding=&#8220;|50px|||false|false&#8220; custom_padding_tablet=&#8220;|0px|||false|false&#8220; custom_padding_phone=&#8220;|0px|||false|false&#8220; custom_padding_last_edited=&#8220;on|phone&#8220; border_width_right=&#8220;1px&#8220; border_color_right=&#8220;gcid-dfe987d7-0b26-418b-ad93-564c2b62c41a&#8220; border_width_right_tablet=&#8220;0px&#8220; border_width_right_phone=&#8220;0px&#8220; border_width_right_last_edited=&#8220;on|tablet&#8220; global_colors_info=&#8220;{%22gcid-dfe987d7-0b26-418b-ad93-564c2b62c41a%22:%91%22border_color_right%22%93}&#8220;][et_pb_text _builder_version=&#8220;4.27.0&#8243; _module_preset=&#8220;default&#8220; header_2_font=&#8220;Poppins|300|||||||&#8220; header_2_font_size=&#8220;45px&#8220; header_2_letter_spacing=&#8220;-0.03em&#8220; header_2_line_height=&#8220;1.4em&#8220; global_colors_info=&#8220;{}&#8220;]<\/p>\n<h2>L\u00e9ty a u\u017eivateli ov\u011b\u0159en\u00e9 \u0159e\u0161en\u00ed<\/h2>\n<p>[\/et_pb_text][et_pb_text _builder_version=&#8220;4.27.0&#8243; _module_preset=&#8220;41069f61-2b18-434f-a283-a6df4356979c&#8220; text_text_color=&#8220;#000000&#8243; global_colors_info=&#8220;{}&#8220;]<\/p>\n<p><span style=\"font-weight: 400\">FreshFlow jsme za\u010dali vyv\u00edjet na m\u00edru v roce 2012 jako \u0159e\u0161en\u00ed pro \u0159\u00edzen\u00ed aktivit t\u00fdm\u016f v oborech financ\u00ed a poji\u0161\u0165ovnictv\u00ed.\u00a0<\/span><\/p>\n<p><span style=\"font-weight: 400\">Po pandemick\u00fdch letech, kdy narostla pot\u0159eba efektivn\u00ed pr\u00e1ce s kalend\u00e1\u0159em, kontakty, klientsk\u00fdmi vztahy a \u00fakoly p\u0159i \u0159\u00edzen\u00ed t\u00fdmu nebo zvy\u0161ov\u00e1n\u00ed osobn\u00ed produktivity, jsme osv\u011bd\u010den\u00e9 technologick\u00e9 \u0159e\u0161en\u00ed zp\u0159\u00edstupnili online i dal\u0161\u00edm obor\u016fm.<\/span><\/p>\n<h3><\/h3>\n<p>[\/et_pb_text][\/et_pb_column][et_pb_column type=&#8220;1_6&#8243; _builder_version=&#8220;4.27.0&#8243; _module_preset=&#8220;default&#8220; global_colors_info=&#8220;{}&#8220;][et_pb_number_counter title=&#8220;plus u\u017eivatel\u016f historicky&#8220; number=&#8220;10000&#8243; percent_sign=&#8220;off&#8220; _builder_version=&#8220;4.27.4&#8243; _module_preset=&#8220;default&#8220; number_font=&#8220;Poppins|600|||||||&#8220; number_text_color=&#8220;#68c2b9&#8243; number_font_size=&#8220;50px&#8220; number_letter_spacing=&#8220;-0.05em&#8220; number_line_height=&#8220;110px&#8220; custom_margin=&#8220;-1px||||false|false&#8220; custom_padding=&#8220;||4px|||&#8220; global_colors_info=&#8220;{}&#8220;][\/et_pb_number_counter][\/et_pb_column][et_pb_column type=&#8220;1_6&#8243; _builder_version=&#8220;4.16&#8243; _module_preset=&#8220;default&#8220; global_colors_info=&#8220;{}&#8220;][et_pb_number_counter title=&#8220;plus t\u00fdm\u016f&#8220; number=&#8220;800&#8243; percent_sign=&#8220;off&#8220; _builder_version=&#8220;4.27.0&#8243; _module_preset=&#8220;default&#8220; number_font=&#8220;Poppins|600|||||||&#8220; number_text_color=&#8220;#de62a1&#8243; number_font_size=&#8220;50px&#8220; number_letter_spacing=&#8220;-0.05em&#8220; number_line_height=&#8220;110px&#8220; custom_margin=&#8220;0px||||false|false&#8220; global_colors_info=&#8220;{}&#8220;][\/et_pb_number_counter][\/et_pb_column][et_pb_column type=&#8220;1_6&#8243; _builder_version=&#8220;4.16&#8243; _module_preset=&#8220;default&#8220; global_colors_info=&#8220;{}&#8220;][et_pb_number_counter title=&#8220;let v\u00fdvoje&#8220; number=&#8220;14&#8243; percent_sign=&#8220;off&#8220; _builder_version=&#8220;4.27.5&#8243; _module_preset=&#8220;default&#8220; number_font=&#8220;Poppins|600|||||||&#8220; number_text_color=&#8220;#8364ab&#8220; number_font_size=&#8220;50px&#8220; number_letter_spacing=&#8220;-0.05em&#8220; number_line_height=&#8220;110px&#8220; custom_margin=&#8220;0px||||false|false&#8220; hover_enabled=&#8220;0&#8243; global_colors_info=&#8220;{}&#8220; sticky_enabled=&#8220;0&#8243;][\/et_pb_number_counter][\/et_pb_column][\/et_pb_row][\/et_pb_section][et_pb_section fb_built=&#8220;1&#8243; prev_background_color=&#8220;#ffffff&#8220; module_id=&#8220;kontakty&#8220; _builder_version=&#8220;4.27.5&#8243; _module_preset=&#8220;default&#8220; background_enable_color=&#8220;off&#8220; use_background_color_gradient=&#8220;on&#8220; background_color_gradient_stops=&#8220;#eaeaea 0%|#ffffff 99%&#8220; custom_padding=&#8220;100px||40px||false|false&#8220; top_divider_style=&#8220;wave&#8220; global_colors_info=&#8220;{}&#8220;][et_pb_row _builder_version=&#8220;4.16&#8243; _module_preset=&#8220;default&#8220; custom_padding=&#8220;20px|||||&#8220; global_colors_info=&#8220;{}&#8220;][et_pb_column type=&#8220;4_4&#8243; _builder_version=&#8220;4.16&#8243; _module_preset=&#8220;default&#8220; global_colors_info=&#8220;{}&#8220;][et_pb_text _builder_version=&#8220;4.27.0&#8243; _module_preset=&#8220;default&#8220; header_2_font=&#8220;Poppins|300|||||||&#8220; header_2_font_size=&#8220;45px&#8220; header_2_letter_spacing=&#8220;-0.03em&#8220; header_2_line_height=&#8220;1.4em&#8220; global_colors_info=&#8220;{}&#8220;]<\/p>\n<h2 style=\"text-align: center\">Jak n\u00e1s m\u016f\u017eete kontaktovat?<\/h2>\n<p>[\/et_pb_text][\/et_pb_column][\/et_pb_row][et_pb_row column_structure=&#8220;1_3,1_3,1_3&#8243; _builder_version=&#8220;4.16&#8243; _module_preset=&#8220;default&#8220; custom_padding=&#8220;||50px|||&#8220; global_colors_info=&#8220;{}&#8220;][et_pb_column type=&#8220;1_3&#8243; _builder_version=&#8220;4.16&#8243; _module_preset=&#8220;default&#8220; global_colors_info=&#8220;{}&#8220;][et_pb_blurb title=&#8220;Pot\u0159ebujete poradit s FreshFlow?&#8220; use_icon=&#8220;on&#8220; font_icon=&#8220;&#x76;||divi||400&#8243; icon_color=&#8220;#36baf0&#8243; image_icon_background_color=&#8220;#ebf8fe&#8220; image_icon_width=&#8220;40px&#8220; icon_alignment=&#8220;left&#8220; _builder_version=&#8220;4.27.5&#8243; _module_preset=&#8220;default&#8220; header_line_height=&#8220;3em&#8220; body_line_height=&#8220;1.4em&#8220; image_icon_custom_padding=&#8220;25px|25px|25px|25px|false|false&#8220; custom_margin=&#8220;||0px||false|false&#8220; custom_padding=&#8220;0px||||false|false&#8220; border_color_all=&#8220;#B48EFF&#8220; border_style_all=&#8220;none&#8220; border_color_top=&#8220;#B48EFF&#8220; border_radii_image=&#8220;on|100%|100%|100%|100%&#8220; icon_font_size=&#8220;40px&#8220; use_circle=&#8220;on&#8220; circle_color=&#8220;#ebf8fe&#8220; global_colors_info=&#8220;{}&#8220; image_icon_background_color__sticky_enabled=&#8220;#7EBEC5&#8243; image_icon_background_color__sticky=&#8220;#7EBEC5&#8243;]<\/p>\n<p>Pi\u0161te na email:<\/p>\n<p><strong><a href=\"mailto:support@calendee.cz\">support@freshflow.cz<\/a><\/strong><\/p>\n<p><strong>Nebo do chatu tady vlevo dole.<\/strong><\/p>\n<p>Obvykle odep\u00ed\u0161eme do 24 hodin.<\/p>\n<p>Jestli nechcete \u010dekat, pravd\u011bpodobn\u011b <a href=\"https:\/\/help.freshflow.app\/cs\">najdete odpov\u011b\u010f v N\u00e1vodech.<\/a><\/p>\n<p>[\/et_pb_blurb][\/et_pb_column][et_pb_column type=&#8220;1_3&#8243; _builder_version=&#8220;4.16&#8243; _module_preset=&#8220;default&#8220; global_colors_info=&#8220;{}&#8220;][et_pb_blurb title=&#8220;Rozhodujete se o objedn\u00e1vce?&#8220; use_icon=&#8220;on&#8220; font_icon=&#8220;&#x55;||divi||400&#8243; icon_color=&#8220;#36baf0&#8243; image_icon_background_color=&#8220;#ebf8fe&#8220; image_icon_width=&#8220;40px&#8220; icon_alignment=&#8220;left&#8220; _builder_version=&#8220;4.27.0&#8243; _module_preset=&#8220;default&#8220; header_line_height=&#8220;3em&#8220; body_line_height=&#8220;1.4em&#8220; image_icon_custom_padding=&#8220;25px|25px|25px|25px|false|false&#8220; custom_margin=&#8220;||0px||false|false&#8220; custom_padding=&#8220;0px||||false|false&#8220; border_style_all=&#8220;none&#8220; border_radii_image=&#8220;on|100%|100%|100%|100%&#8220; icon_font_size=&#8220;40px&#8220; use_circle=&#8220;on&#8220; circle_color=&#8220;#ebf8fe&#8220; global_colors_info=&#8220;{}&#8220; image_icon_background_color__sticky_enabled=&#8220;#7EBEC5&#8243; image_icon_background_color__sticky=&#8220;#7EBEC5&#8243;]<\/p>\n<p style=\"text-align: left\">R\u00e1di odpov\u00edme na va\u0161e dotazy.<\/p>\n<p style=\"text-align: left\">Volejte na \u010d\u00edslo:<br \/><strong>+420 739 612 298<\/strong><\/p>\n<p style=\"text-align: left\">Pi\u0161te na email:<br \/><strong><a href=\"mailto:sales@calendee.cz\">info@freshflow.cz<\/a><\/strong><\/p>\n<p style=\"text-align: left\"><strong>Nebo do chatu tady vlevo dole.<\/strong><\/p>\n<p>[\/et_pb_blurb][\/et_pb_column][et_pb_column type=&#8220;1_3&#8243; _builder_version=&#8220;4.16&#8243; _module_preset=&#8220;default&#8220; global_colors_info=&#8220;{}&#8220;][et_pb_blurb title=&#8220;Pot\u0159ebujete faktura\u010dn\u00ed \u00fadaje?&#8220; use_icon=&#8220;on&#8220; font_icon=&#8220;&#xe0ef;||divi||400&#8243; icon_color=&#8220;#36baf0&#8243; image_icon_background_color=&#8220;#ebf8fe&#8220; image_icon_width=&#8220;40px&#8220; icon_alignment=&#8220;left&#8220; _builder_version=&#8220;4.27.0&#8243; _module_preset=&#8220;default&#8220; header_line_height=&#8220;3em&#8220; body_line_height=&#8220;1.4em&#8220; image_icon_custom_padding=&#8220;25px|25px|25px|25px|false|false&#8220; custom_margin=&#8220;||0px||false|false&#8220; custom_padding=&#8220;0px||||false|false&#8220; border_style_all=&#8220;none&#8220; border_radii_image=&#8220;on|100%|100%|100%|100%&#8220; icon_font_size=&#8220;40px&#8220; use_circle=&#8220;on&#8220; circle_color=&#8220;#ebf8fe&#8220; global_colors_info=&#8220;{}&#8220; image_icon_background_color__sticky_enabled=&#8220;#7EBEC5&#8243; image_icon_background_color__sticky=&#8220;#7EBEC5&#8243;]<\/p>\n<p style=\"text-align: left\">FreshFlow Systems s.r.o.<br \/><span style=\"font-weight: 400\"><\/span><\/p>\n<p style=\"text-align: left\"><span style=\"font-weight: 400\">Pra\u017esk\u00e1 636<br \/>252 41 Doln\u00ed B\u0159e\u017eany<\/span><\/p>\n<p style=\"text-align: left\"><span style=\"font-weight: 400\">I\u010c: 24299057<br \/>DI\u010c: CZ24299057<\/span><\/p>\n<p style=\"text-align: left\"><span style=\"font-weight: 400\">Spole\u010dnost zapsan\u00e1 v obchodn\u00edm rejst\u0159\u00edku u M\u011bstsk\u00e9ho soudu v Praze, odd\u00edl C, vlo\u017eka 194216.<\/span><\/p>\n<p>[\/et_pb_blurb][\/et_pb_column][\/et_pb_row][\/et_pb_section][et_pb_section fb_built=&#8220;1&#8243; prev_background_color=&#8220;#ffffff&#8220; _builder_version=&#8220;4.27.0&#8243; _module_preset=&#8220;default&#8220; background_enable_color=&#8220;off&#8220; use_background_color_gradient=&#8220;on&#8220; background_color_gradient_stops=&#8220;#eaeaea 0%|#ffffff 99%&#8220; custom_padding=&#8220;151px||40px||false|false&#8220; top_divider_style=&#8220;wave&#8220; locked=&#8220;off&#8220; global_colors_info=&#8220;{}&#8220;][et_pb_row _builder_version=&#8220;4.23&#8243; _module_preset=&#8220;default&#8220; custom_margin=&#8220;0px||||false|false&#8220; custom_padding=&#8220;0px||0px||false|false&#8220; global_colors_info=&#8220;{}&#8220;][et_pb_column type=&#8220;4_4&#8243; _builder_version=&#8220;4.23&#8243; _module_preset=&#8220;default&#8220; global_colors_info=&#8220;{}&#8220;][et_pb_text _builder_version=&#8220;4.27.4&#8243; _module_preset=&#8220;default&#8220; header_2_font=&#8220;Poppins|300|||||||&#8220; header_2_font_size=&#8220;45px&#8220; header_2_letter_spacing=&#8220;-0.03em&#8220; header_2_line_height=&#8220;1.4em&#8220; locked=&#8220;off&#8220; global_colors_info=&#8220;{}&#8220;]<\/p>\n<h2 class=\"et_pb_module_heading et-fb-editable-element et-fb-editable-element__editing\" data-shortcode-id=\"4.1.0.0-1725608529398\" data-quickaccess-id=\"title\" style=\"text-align: center\">Co \u0159\u00edkaj\u00ed ti, kdo FreshFlow znaj\u00ed?<\/h2>\n<p>[\/et_pb_text][\/et_pb_column][\/et_pb_row][et_pb_row column_structure=&#8220;1_2,1_2&#8243; custom_padding_last_edited=&#8220;on|phone&#8220; _builder_version=&#8220;4.23&#8243; _module_preset=&#8220;default&#8220; width=&#8220;100%&#8220; custom_margin=&#8220;0px|auto|-95px|auto|false|false&#8220; custom_padding=&#8220;35px||151px||false|true&#8220; custom_padding_tablet=&#8220;||50px||false|false&#8220; custom_padding_phone=&#8220;20px||50px||false|false&#8220; global_colors_info=&#8220;{}&#8220;][et_pb_column type=&#8220;1_2&#8243; _builder_version=&#8220;4.16&#8243; _module_preset=&#8220;default&#8220; custom_padding=&#8220;0px|0px|0px|0px|false|false&#8220; global_colors_info=&#8220;{}&#8220;][et_pb_testimonial author=&#8220;Michal Krej\u010d\u00ed&#8220; job_title=&#8220;Partner spole\u010dnosti&#8220; company_name=&#8220;Partners Financial Services, a.s.&#8220; quote_icon=&#8220;off&#8220; _builder_version=&#8220;4.27.4&#8243; _module_preset=&#8220;default&#8220; background_color=&#8220;#FFFFFF&#8220; width_tablet=&#8220;&#8220; width_phone=&#8220;&#8220; width_last_edited=&#8220;on|phone&#8220; max_width=&#8220;100%&#8220; custom_margin=&#8220;101px||||false|false&#8220; custom_margin_tablet=&#8220;0px||||false|false&#8220; custom_margin_phone=&#8220;0px||||false|false&#8220; custom_margin_last_edited=&#8220;on|phone&#8220; custom_padding=&#8220;40px|40px|20px|40px|false|false&#8220; border_radii=&#8220;on|16px|16px|16px|16px&#8220; box_shadow_style=&#8220;preset2&#8243; box_shadow_horizontal=&#8220;0px&#8220; box_shadow_blur=&#8220;8px&#8220; box_shadow_color=&#8220;rgba(10,0,0,0.06)&#8220; global_colors_info=&#8220;{}&#8220;]<\/p>\n<p><img loading=\"lazy\" decoding=\"async\" src=\"https:\/\/freshflow.app\/wp-content\/uploads\/2025\/11\/file.svg\" width=\"358\" height=\"111\" alt=\"\" class=\"wp-image-226951 alignnone size-full\" \/><\/p>\n<p><img loading=\"lazy\" decoding=\"async\" src=\"https:\/\/freshflow.app\/wp-content\/uploads\/2023\/10\/quote.png\" width=\"38\" height=\"30\" alt=\"\" class=\"wp-image-24889 alignnone size-full\" \/><\/p>\n<p>\u201eP\u0159idan\u00e1 hodnota Partners Office (personalizovan\u00e1 verze FreshFlow v Partners) ve spr\u00e1v\u011b kontakt\u016f je obrovsk\u00e1.<\/p>\n<p>Ka\u017ed\u00fd, kdo to mysl\u00ed s budov\u00e1n\u00edm firmy a businessu v\u00e1\u017en\u011b, by ji m\u011bl vyu\u017e\u00edt. Spr\u00e1vn\u00fd time management je jedn\u00edm z kl\u00ed\u010d\u016f \u00fasp\u011bchu. Jak se \u0159\u00edk\u00e1: Lid\u00e9 nepl\u00e1nuj\u00ed krachovat, ale krachuj\u00ed v pl\u00e1nov\u00e1n\u00ed.<\/p>\n<p>Partners Office mi d\u00e1v\u00e1 mo\u017enost do \u00fatrob firmy a m\u00edt kontrolu nad efektivitou sv\u00fdch spolupracovn\u00edk\u016f. Ob\u011b tyto funkcionality pova\u017euji za naprosto z\u00e1sadn\u00ed a vyu\u017e\u00edv\u00e1m je velmi \u010dasto.\u201c<\/p>\n<p>[\/et_pb_testimonial][\/et_pb_column][et_pb_column type=&#8220;1_2&#8243; _builder_version=&#8220;4.16&#8243; _module_preset=&#8220;default&#8220; global_colors_info=&#8220;{}&#8220;][et_pb_testimonial author=&#8220;Petr Kop\u0159iva&#8220; job_title=&#8220;Head of NN Digital Hub&#8220; company_name=&#8220;NN \u017divotn\u00ed poji\u0161\u0165ovna&#8220; quote_icon=&#8220;off&#8220; _builder_version=&#8220;4.27.4&#8243; _module_preset=&#8220;default&#8220; background_color=&#8220;#FFFFFF&#8220; width=&#8220;100%&#8220; custom_margin=&#8220;||0px|0px|false|false&#8220; custom_padding=&#8220;40px|40px|20px|40px|false|false&#8220; border_radii=&#8220;on|16px|16px|16px|16px&#8220; box_shadow_style=&#8220;preset2&#8243; box_shadow_horizontal=&#8220;0px&#8220; box_shadow_blur=&#8220;8px&#8220; box_shadow_color=&#8220;rgba(10,0,0,0.06)&#8220; global_colors_info=&#8220;{}&#8220;]<\/p>\n<p><img loading=\"lazy\" decoding=\"async\" src=\"https:\/\/freshflow.app\/wp-content\/uploads\/2025\/11\/NN.svg\" width=\"186\" height=\"103\" alt=\"\" class=\"wp-image-226960 alignnone size-full\" \/><\/p>\n<p><img loading=\"lazy\" decoding=\"async\" src=\"https:\/\/freshflow.app\/wp-content\/uploads\/2023\/10\/quote.png\" width=\"38\" height=\"30\" alt=\"\" class=\"wp-image-24889 alignnone size-full\" \/><\/p>\n<p>\u201eFreshFlow jsme aktivn\u011b vyu\u017e\u00edvali p\u0159i realizaci na\u0161\u00ed akvizi\u010dn\u00ed kampan\u011b, kdy prok\u00e1zal, \u017ee je mocn\u00fdm n\u00e1strojem v \u0159\u00edzen\u00ed obchodn\u00ed s\u00edt\u011b.\u201c<span style=\"color: #001c44;font-family: 'Bienalle bold\"><\/span><\/p>\n<p>[\/et_pb_testimonial][et_pb_testimonial author=&#8220;Petr Hladn\u00fd&#8220; job_title=&#8220;Zemsk\u00fd \u0159editel&#8220; company_name=&#8220;Allianz poji\u0161\u0165ovna, a. s.&#8220; quote_icon=&#8220;off&#8220; _builder_version=&#8220;4.27.4&#8243; _module_preset=&#8220;default&#8220; background_color=&#8220;#FFFFFF&#8220; custom_margin=&#8220;30px|0px|0px||false|false&#8220; custom_padding=&#8220;40px|40px|40px|40px|false|false&#8220; border_radii=&#8220;on|16px|16px|16px|16px&#8220; box_shadow_style=&#8220;preset2&#8243; box_shadow_horizontal=&#8220;0px&#8220; box_shadow_blur=&#8220;8px&#8220; box_shadow_color=&#8220;rgba(10,0,0,0.06)&#8220; global_colors_info=&#8220;{}&#8220;]<\/p>\n<p><img loading=\"lazy\" decoding=\"async\" src=\"https:\/\/freshflow.app\/wp-content\/uploads\/2025\/11\/Allianz.svg\" width=\"286\" height=\"71\" alt=\"\" class=\"wp-image-226927 alignnone size-full\" \/><\/p>\n<p><img loading=\"lazy\" decoding=\"async\" src=\"https:\/\/freshflow.app\/wp-content\/uploads\/2023\/10\/quote.png\" width=\"38\" height=\"30\" alt=\"\" class=\"wp-image-24889 alignnone size-full\" \/><\/p>\n<p class=\"p1\">\u201eSyst\u00e9m FreshFlow jsme vyhodnotili jako velmi efektivn\u00ed n\u00e1stroj activity managementu a interaktivn\u00ed zp\u011btn\u00e9 vazby nap\u0159\u00ed\u010d cel\u00fdm obchodn\u00edm t\u00fdmem.<\/p>\n<p class=\"p1\">I proto jsme se rozhodli implementovat ho v r\u00e1mci cel\u00e9 Kmenov\u00e9 obchodn\u00ed s\u00edt\u011b Allianz poji\u0161\u0165ovny, a.s.\u201c<\/p>\n<p>[\/et_pb_testimonial][\/et_pb_column][\/et_pb_row][\/et_pb_section][et_pb_section fb_built=&#8220;1&#8243; module_class=&#8220;fialova&#8220; _builder_version=&#8220;4.16&#8243; _module_preset=&#8220;default&#8220; background_color=&#8220;#8364ab&#8220; locked=&#8220;off&#8220; global_colors_info=&#8220;{}&#8220;][et_pb_row _builder_version=&#8220;4.27.4&#8243; _module_preset=&#8220;default&#8220; global_colors_info=&#8220;{}&#8220;][et_pb_column type=&#8220;4_4&#8243; _builder_version=&#8220;4.16&#8243; _module_preset=&#8220;default&#8220; global_colors_info=&#8220;{}&#8220;][et_pb_text _builder_version=&#8220;4.27.4&#8243; _module_preset=&#8220;default&#8220; text_font_size=&#8220;23px&#8220; header_2_font=&#8220;Poppins|300|||||||&#8220; header_2_font_size=&#8220;45px&#8220; header_2_letter_spacing=&#8220;-0.03em&#8220; header_2_line_height=&#8220;1.4em&#8220; locked=&#8220;off&#8220; global_colors_info=&#8220;{}&#8220;]<\/p>\n<h2 class=\"et_pb_module_heading et-fb-editable-element et-fb-editable-element__editing\" data-shortcode-id=\"4.1.0.0-1725608529398\" data-quickaccess-id=\"title\" style=\"text-align: center\"><span style=\"color: #ffffff\">Za\u010dn\u011bte s FreshFlow je\u0161t\u011b dnes!<\/span><\/h2>\n<p><span style=\"color: #362c6e\"><\/span><\/p>\n<p style=\"text-align: center\"><span style=\"font-weight: 400;color: #ffffff\">Na 30 dn\u00ed zdarma<\/span><\/p>\n<p style=\"text-align: center\"><span style=\"font-weight: 400;color: #ffffff\">Bez zad\u00e1v\u00e1n\u00ed platebn\u00ed karty<\/span><span style=\"font-weight: 400;color: #362c6e\"><\/span><\/p>\n<p><span style=\"color: #ffffff\"><\/span><\/p>\n<p>[\/et_pb_text][dipl_button buttons_alignment=&#8220;center&#8220; _builder_version=&#8220;4.27.4&#8243; _module_preset=&#8220;default&#8220; global_colors_info=&#8220;{}&#8220;][dipl_button_item button_text=&#8220;Za\u010d\u00edt zdarma&#8220; button_url=&#8220;https:\/\/app.freshflow.cz\/signup&#8220; button_bg_color=&#8220;#36baf0&#8243; button_custom_margin=&#8220;|||0px|false|false&#8220; button_custom_padding=&#8220;5px|30px|5px|30px|false|false&#8220; _builder_version=&#8220;4.27.4&#8243; _module_preset=&#8220;default&#8220; button_font=&#8220;Poppins||||||||&#8220; button_text_color=&#8220;#FFFFFF&#8220; button_font_size=&#8220;25px&#8220; button_line_height=&#8220;1.5em&#8220; text_orientation=&#8220;center&#8220; border_radii=&#8220;on|50px|50px|50px|50px&#8220; global_colors_info=&#8220;{}&#8220;][\/dipl_button_item][\/dipl_button][\/et_pb_column][\/et_pb_row][\/et_pb_section]<\/p>\n","protected":false},"excerpt":{"rendered":"<p>Ov\u011b\u0159en\u00fd syst\u00e9m a mnohalet\u00e9 zku\u0161enostiFreshFlow rozv\u00edj\u00edme od roku 2012 a za tu dobu ho vyu\u017eily tis\u00edce u\u017eivatel\u016fL\u00e9ty a u\u017eivateli ov\u011b\u0159en\u00e9 \u0159e\u0161en\u00edFreshFlow jsme za\u010dali vyv\u00edjet na m\u00edru v roce 2012 jako \u0159e\u0161en\u00ed pro \u0159\u00edzen\u00ed aktivit t\u00fdm\u016f v oborech financ\u00ed a poji\u0161\u0165ovnictv\u00ed.\u00a0 Po pandemick\u00fdch letech, kdy narostla pot\u0159eba efektivn\u00ed pr\u00e1ce s kalend\u00e1\u0159em, kontakty, klientsk\u00fdmi vztahy a \u00fakoly [&hellip;]<\/p>\n","protected":false},"author":5,"featured_media":0,"parent":0,"menu_order":0,"comment_status":"closed","ping_status":"closed","template":"","meta":{"_et_pb_use_builder":"on","_et_pb_old_content":"","_et_gb_content_width":"","footnotes":""},"class_list":["post-224923","page","type-page","status-publish","hentry"],"_links":{"self":[{"href":"https:\/\/freshflow.app\/cs\/wp-json\/wp\/v2\/pages\/224923","targetHints":{"allow":["GET"]}}],"collection":[{"href":"https:\/\/freshflow.app\/cs\/wp-json\/wp\/v2\/pages"}],"about":[{"href":"https:\/\/freshflow.app\/cs\/wp-json\/wp\/v2\/types\/page"}],"author":[{"embeddable":true,"href":"https:\/\/freshflow.app\/cs\/wp-json\/wp\/v2\/users\/5"}],"replies":[{"embeddable":true,"href":"https:\/\/freshflow.app\/cs\/wp-json\/wp\/v2\/comments?post=224923"}],"version-history":[{"count":26,"href":"https:\/\/freshflow.app\/cs\/wp-json\/wp\/v2\/pages\/224923\/revisions"}],"predecessor-version":[{"id":229061,"href":"https:\/\/freshflow.app\/cs\/wp-json\/wp\/v2\/pages\/224923\/revisions\/229061"}],"wp:attachment":[{"href":"https:\/\/freshflow.app\/cs\/wp-json\/wp\/v2\/media?parent=224923"}],"curies":[{"name":"wp","href":"https:\/\/api.w.org\/{rel}","templated":true}]}}