{"id":224895,"date":"2024-11-01T12:17:08","date_gmt":"2024-11-01T11:17:08","guid":{"rendered":"https:\/\/freshflow.cz\/?page_id=224895"},"modified":"2026-02-19T20:25:49","modified_gmt":"2026-02-19T19:25:49","slug":"kdo-vyuzije","status":"publish","type":"page","link":"https:\/\/freshflow.app\/cs\/kdo-vyuzije\/","title":{"rendered":"Kdo vyu\u017eije"},"content":{"rendered":"<p>[et_pb_section fb_built=&#8220;1&#8243; next_background_color=&#8220;#FFFFFF&#8220; _builder_version=&#8220;4.27.0&#8243; _module_preset=&#8220;default&#8220; background_color=&#8220;#362C6E&#8220; use_background_color_gradient=&#8220;on&#8220; background_color_gradient_type=&#8220;elliptical&#8220; background_color_gradient_direction_radial=&#8220;bottom&#8220; background_color_gradient_stops=&#8220;#6a4ebf 0%|#200059 76%&#8220; custom_padding=&#8220;||176px||false|false&#8220; bottom_divider_style=&#8220;wave&#8220; global_colors_info=&#8220;{}&#8220;][et_pb_row _builder_version=&#8220;4.16&#8243; _module_preset=&#8220;default&#8220; global_colors_info=&#8220;{}&#8220;][et_pb_column type=&#8220;4_4&#8243; _builder_version=&#8220;4.16&#8243; _module_preset=&#8220;default&#8220; global_colors_info=&#8220;{}&#8220;][dipl_double_color_heading heading_main_part=&#8220;FreshFlow je pro v\u0161echny, kte\u0159\u00ed:&#8220; heading_post_part=&#8220;pracuj\u00ed se st\u00e1l\u00fdmi klienty, s nimi spojen\u00fdmi aktivitami a pravideln\u00fdmi kampan\u011bmi. &#8220; display_in_stack=&#8220;on&#8220; _builder_version=&#8220;4.27.4&#8243; _module_preset=&#8220;default&#8220; global_heading_settings_level=&#8220;h1&#8243; main_header_font=&#8220;|600|||||||&#8220; main_header_text_align=&#8220;center&#8220; main_header_text_color=&#8220;#FFFFFF&#8220; main_header_font_size=&#8220;50px&#8220; post_header_text_align=&#8220;center&#8220; post_header_text_color=&#8220;#B48EFF&#8220; main_header_font_size_tablet=&#8220;50px&#8220; main_header_font_size_phone=&#8220;42px&#8220; main_header_font_size_last_edited=&#8220;on|desktop&#8220; global_colors_info=&#8220;{}&#8220;][\/dipl_double_color_heading][\/et_pb_column][\/et_pb_row][et_pb_row _builder_version=&#8220;4.27.0&#8243; _module_preset=&#8220;default&#8220; max_width=&#8220;700px&#8220; custom_margin=&#8220;0px||-280px||false|false&#8220; custom_padding=&#8220;0px||||false|false&#8220; global_colors_info=&#8220;{}&#8220;][et_pb_column type=&#8220;4_4&#8243; _builder_version=&#8220;4.16&#8243; _module_preset=&#8220;default&#8220; global_colors_info=&#8220;{}&#8220;][et_pb_image src=&#8220;https:\/\/freshflow.app\/wp-content\/uploads\/2024\/09\/ilustrace___1.webp&#8220; alt=&#8220;Kalend\u00e1\u0159 Calendee&#8220; title_text=&#8220;ilustrace___1&#8243; _builder_version=&#8220;4.27.0&#8243; _module_preset=&#8220;default&#8220; custom_margin=&#8220;-23px|||||&#8220; custom_padding=&#8220;0px|||||&#8220; global_colors_info=&#8220;{}&#8220;][\/et_pb_image][\/et_pb_column][\/et_pb_row][\/et_pb_section][et_pb_section fb_built=&#8220;1&#8243; _builder_version=&#8220;4.24.0&#8243; _module_preset=&#8220;default&#8220; background_color=&#8220;#FFFFFF&#8220; custom_padding=&#8220;||0px|||&#8220; global_colors_info=&#8220;{}&#8220;][\/et_pb_section][et_pb_section fb_built=&#8220;1&#8243; prev_background_color=&#8220;#FFFFFF&#8220; _builder_version=&#8220;4.27.0&#8243; _module_preset=&#8220;default&#8220; background_enable_color=&#8220;off&#8220; use_background_color_gradient=&#8220;on&#8220; background_color_gradient_stops=&#8220;#eaeaea 0%|#ffffff 99%&#8220; custom_padding=&#8220;100px||40px||false|false&#8220; top_divider_style=&#8220;wave&#8220; global_colors_info=&#8220;{}&#8220;][et_pb_row _builder_version=&#8220;4.23.2&#8243; _module_preset=&#8220;default&#8220; global_colors_info=&#8220;{}&#8220;][et_pb_column type=&#8220;4_4&#8243; _builder_version=&#8220;4.23.2&#8243; _module_preset=&#8220;default&#8220; global_colors_info=&#8220;{}&#8220;][et_pb_text _builder_version=&#8220;4.27.0&#8243; _module_preset=&#8220;default&#8220; header_2_font=&#8220;Poppins|300|||||||&#8220; header_2_font_size=&#8220;45px&#8220; header_2_letter_spacing=&#8220;-0.03em&#8220; header_2_line_height=&#8220;1.4em&#8220; global_colors_info=&#8220;{}&#8220;]<\/p>\n<h2 style=\"text-align: center\">Co FreshFlow p\u0159inese V\u00e1m?<\/h2>\n<p>[\/et_pb_text][\/et_pb_column][\/et_pb_row][et_pb_row column_structure=&#8220;1_4,1_4,1_4,1_4&#8243; _builder_version=&#8220;4.24.0&#8243; _module_preset=&#8220;default&#8220; locked=&#8220;off&#8220; global_colors_info=&#8220;{}&#8220;][et_pb_column type=&#8220;1_4&#8243; admin_label=&#8220;Sloupec&#8220; _builder_version=&#8220;4.16&#8243; _module_preset=&#8220;default&#8220; global_colors_info=&#8220;{}&#8220;][et_pb_blurb title=&#8220;Obchodn\u00edci&#8220; _builder_version=&#8220;4.27.0&#8243; _module_preset=&#8220;default&#8220; global_colors_info=&#8220;{}&#8220;]<\/p>\n<p>D\u00edky \u0161irok\u00e9 \u0161k\u00e1le funkc\u00ed je syst\u00e9m FreshFlow vhodn\u00fd pro obchodn\u00edky ve v\u0161ech odv\u011btv\u00edch B2C. Vyu\u017eije ho ka\u017ed\u00fd, kdo si chce zjednodu\u0161it pr\u00e1ci s kalend\u00e1\u0159em, spr\u00e1vu kontakt\u016f a \u00fakol\u016f a m\u00edt k dispozici pot\u0159ebn\u00e9 mana\u017eersk\u00e9 statistiky.<\/p>\n<p>[\/et_pb_blurb][\/et_pb_column][et_pb_column type=&#8220;1_4&#8243; admin_label=&#8220;Sloupec&#8220; _builder_version=&#8220;4.16&#8243; _module_preset=&#8220;default&#8220; global_colors_info=&#8220;{}&#8220;][et_pb_blurb title=&#8220;Finan\u010dn\u00ed poradci&#8220; admin_label=&#8220;Upout\u00e1vka&#8220; _builder_version=&#8220;4.27.0&#8243; _module_preset=&#8220;default&#8220; custom_padding=&#8220;30px||0px||false|false&#8220; border_color_top=&#8220;#de62a1&#8243; global_colors_info=&#8220;{}&#8220;]<\/p>\n<p>Dobr\u00fd finan\u010dn\u00ed poradce rozum\u00ed nejen problematice financ\u00ed, ale tak\u00e9 sv\u00fdm klient\u016fm a jejich pot\u0159eb\u00e1m. D\u00edky FreshFlow si vytvo\u0159\u00edte unik\u00e1tn\u00ed datab\u00e1z\u00ed Va\u0161ich kontakt\u016f, ke kter\u00fdm si m\u016f\u017eete zaznamen\u00e1vat v\u0161e pot\u0159ebn\u00e9. Umo\u017en\u00ed V\u00e1m tak\u00e9 efektivn\u00ed spr\u00e1vu Va\u0161ich sch\u016fzek a propojen\u00ed s kolegy v t\u00fdmu.<\/p>\n<p>[\/et_pb_blurb][\/et_pb_column][et_pb_column type=&#8220;1_4&#8243; _builder_version=&#8220;4.16&#8243; _module_preset=&#8220;default&#8220; global_colors_info=&#8220;{}&#8220;][et_pb_blurb title=&#8220;MLM distributo\u0159i&#8220; _builder_version=&#8220;4.27.0&#8243; _module_preset=&#8220;default&#8220; border_color_top=&#8220;#8364ab&#8220; global_colors_info=&#8220;{}&#8220;]<\/p>\n<p>Pracujete v s\u00ed\u0165ov\u00e9m marketingu a m\u00e1te \u0161irokou datab\u00e1zi kontakt\u016f a denn\u011b pl\u00e1nujete des\u00edtky a\u017e stovky sch\u016fzek? D\u00edky FreshFlow budete m\u00edt v\u0161e p\u0159ehledn\u011b po ruce, bez nutnosti pou\u017e\u00edv\u00e1n\u00ed n\u011bkolika aplikac\u00ed a pap\u00edrov\u00fdch di\u00e1\u0159\u016f. K efektivn\u011bj\u0161\u00ed pr\u00e1ci pom\u016f\u017ee tak\u00e9 stromov\u00fd n\u00e1hled na Va\u0161i strukturu.<\/p>\n<p>[\/et_pb_blurb][\/et_pb_column][et_pb_column type=&#8220;1_4&#8243; _builder_version=&#8220;4.16&#8243; _module_preset=&#8220;default&#8220; global_colors_info=&#8220;{}&#8220;][et_pb_blurb title=&#8220;Spr\u00e1va a servis&#8220; _builder_version=&#8220;4.24.1&#8243; _module_preset=&#8220;default&#8220; border_color_top=&#8220;#e95537&#8243; global_colors_info=&#8220;{}&#8220;]<\/p>\n<p>Hled\u00e1te efektivn\u00ed syst\u00e9m pro \u0159\u00edzen\u00ed t\u00fdmu technik\u016f? Chyb\u00ed V\u00e1m platforma pro delegov\u00e1n\u00ed \u00fakol\u016f a sledov\u00e1n\u00ed v\u00fdkon\u016f a vyt\u00ed\u017een\u00ed ve sd\u00edlen\u00e9m kalend\u00e1\u0159i? FreshFlow V\u00e1m poskytne jednoduch\u00e9 propojen\u00ed nap\u0159\u00ed\u010d t\u00fdmem a d\u00edky delegov\u00e1n\u00ed a sd\u00edlen\u00ed \u00fakol\u016f umo\u017en\u00ed spole\u010dnou pr\u00e1ci na zak\u00e1zk\u00e1ch.<\/p>\n<p>&nbsp;<\/p>\n<p>&nbsp;<\/p>\n<p>[\/et_pb_blurb][\/et_pb_column][\/et_pb_row][et_pb_row column_structure=&#8220;1_4,1_4,1_4,1_4&#8243; _builder_version=&#8220;4.24.1&#8243; _module_preset=&#8220;default&#8220; custom_padding=&#8220;9px|||||&#8220; global_colors_info=&#8220;{}&#8220;][et_pb_column type=&#8220;1_4&#8243; _builder_version=&#8220;4.24.0&#8243; _module_preset=&#8220;default&#8220; global_colors_info=&#8220;{}&#8220;][et_pb_blurb title=&#8220;Realitn\u00ed makl\u00e9\u0159i&#8220; _builder_version=&#8220;4.24.0&#8243; _module_preset=&#8220;default&#8220; global_colors_info=&#8220;{}&#8220;]<\/p>\n<p>Prodej rodinn\u00e9ho domu, popt\u00e1vka po koupi pozemku, pron\u00e1jem bytu\u2026 Pracujete soub\u011b\u017en\u011b na \u0159ad\u011b transakc\u00ed v r\u016fzn\u00fdch f\u00e1z\u00edch realizace? FreshFlow V\u00e1m usnadn\u00ed a zp\u0159ehledn\u00ed celou agendu. V \u00fakolech najdete projektovou \u0161ablonu s kroky, kter\u00e9 se poj\u00ed s dokon\u010den\u00edm jednotliv\u00fdch transakc\u00ed. Modul Kontakty V\u00e1m umo\u017en\u00ed jednoduch\u00e9 vkl\u00e1d\u00e1n\u00ed informac\u00ed, pozn\u00e1mek i dokument\u016f. \u00a0<\/p>\n<p>[\/et_pb_blurb][\/et_pb_column][et_pb_column type=&#8220;1_4&#8243; _builder_version=&#8220;4.16&#8243; _module_preset=&#8220;default&#8220; global_colors_info=&#8220;{}&#8220;][et_pb_blurb title=&#8220;\u00da\u010detn\u00ed a da\u0148ov\u00ed poradci&#8220; admin_label=&#8220;Upout\u00e1vka&#8220; _builder_version=&#8220;4.24.0&#8243; _module_preset=&#8220;default&#8220; custom_padding=&#8220;30px||0px||false|false&#8220; border_color_top=&#8220;#de62a1&#8243; global_colors_info=&#8220;{}&#8220;]<\/p>\n<p>V\u011bnujte maximum drahocenn\u00e9ho \u010dasu sv\u00e9 expert\u00edze, nikoliv zapisov\u00e1n\u00ed term\u00edn\u016f sch\u016fzek do r\u016fzn\u00fdch aplikac\u00ed, hled\u00e1n\u00ed dokument\u016f v \u0161anonech a p\u00e1tr\u00e1n\u00ed po detailech o jednotliv\u00fdch klientech. FreshFlow V\u00e1m nab\u00edz\u00ed p\u0159ehledn\u00e9 t\u0159\u00edd\u011bn\u00ed kontakt\u016f dle V\u00e1mi vybran\u00fdch krit\u00e9ri\u00ed a jejich efektivn\u00ed spr\u00e1vu &#8211; od evidence dokument\u016f p\u0159es zaznamen\u00e1n\u00ed historie spolupr\u00e1ce a\u017e po spr\u00e1vu term\u00edn\u016f a deadlin\u016f.<\/p>\n<p>[\/et_pb_blurb][\/et_pb_column][et_pb_column type=&#8220;1_4&#8243; _builder_version=&#8220;4.16&#8243; _module_preset=&#8220;default&#8220; global_colors_info=&#8220;{}&#8220;][et_pb_blurb title=&#8220;Fundraising&#8220; _builder_version=&#8220;4.27.0&#8243; _module_preset=&#8220;default&#8220; border_color_top=&#8220;#8364ab&#8220; global_colors_info=&#8220;{}&#8220;]<\/p>\n<p>Z\u00e1kladem \u00fasp\u011b\u0161n\u00e9 fundraisingov\u00e9 kampan\u011b je \u0161irok\u00e1 datab\u00e1ze kontakt\u016f a dostatek informac\u00ed o nich. FreshFlow V\u00e1m umo\u017en\u00ed p\u0159ehledn\u00e9 t\u0159\u00edd\u011bn\u00ed a \u0161t\u00edtkov\u00e1n\u00ed kontakt\u016f, vkl\u00e1d\u00e1n\u00ed pozn\u00e1mek a sledov\u00e1n\u00ed historie vz\u00e1jemn\u00e9 komunikace, d\u00edky \u010demu\u017e se do budoucna vyhnete zmatk\u016fm a nedorozum\u011bn\u00edm.<\/p>\n<p>[\/et_pb_blurb][\/et_pb_column][et_pb_column type=&#8220;1_4&#8243; _builder_version=&#8220;4.16&#8243; _module_preset=&#8220;default&#8220; global_colors_info=&#8220;{}&#8220;][et_pb_blurb title=&#8220;Call centra&#8220; _builder_version=&#8220;4.24.0&#8243; _module_preset=&#8220;default&#8220; border_color_top=&#8220;#e95537&#8243; global_colors_info=&#8220;{}&#8220;]<\/p>\n<p>M\u00e1te call centrum, pracujete s obs\u00e1hlou datab\u00e1z\u00ed kontakt\u016f a pot\u0159ebujete k nim m\u00edt maximum informac\u00ed? FreshFlow V\u00e1m umo\u017en\u00ed jednoduch\u00e9 t\u0159\u00edd\u011bn\u00ed, vkl\u00e1d\u00e1n\u00ed pozn\u00e1mek a sledov\u00e1n\u00ed dosavadn\u00ed komunikace. Z\u00e1rove\u0148 budete m\u00edt p\u0159ehled o aktivit\u011b jednotliv\u00fdch pracovn\u00edk\u016f a detailn\u00edch statistik\u00e1ch jednotliv\u00fdch hovor\u016f.\u00a0<\/p>\n<p>&nbsp;<\/p>\n<p>[\/et_pb_blurb][\/et_pb_column][\/et_pb_row][et_pb_row _builder_version=&#8220;4.26.1&#8243; _module_preset=&#8220;default&#8220; min_height=&#8220;108px&#8220; custom_margin=&#8220;84px|auto||auto||&#8220; global_colors_info=&#8220;{}&#8220;][et_pb_column type=&#8220;4_4&#8243; _builder_version=&#8220;4.26.1&#8243; _module_preset=&#8220;default&#8220; global_colors_info=&#8220;{}&#8220;][et_pb_text _builder_version=&#8220;4.27.0&#8243; _module_preset=&#8220;default&#8220; header_2_font=&#8220;Poppins|300|||||||&#8220; header_2_font_size=&#8220;45px&#8220; header_2_letter_spacing=&#8220;-0.03em&#8220; header_2_line_height=&#8220;1.4em&#8220; global_colors_info=&#8220;{}&#8220;]<\/p>\n<h2 style=\"text-align: center\">Re\u00e1ln\u00e9 mo\u017enosti vyu\u017eit\u00ed syst\u00e9mu FreshFlow jsou v\u0161ak mnohem rozs\u00e1hlej\u0161\u00ed, vyzkou\u0161ejte ho sami!<\/h2>\n<p>[\/et_pb_text][\/et_pb_column][\/et_pb_row][\/et_pb_section][et_pb_section fb_built=&#8220;1&#8243; prev_background_color=&#8220;#ffffff&#8220; _builder_version=&#8220;4.27.0&#8243; _module_preset=&#8220;default&#8220; background_enable_color=&#8220;off&#8220; use_background_color_gradient=&#8220;on&#8220; background_color_gradient_stops=&#8220;#eaeaea 0%|#ffffff 99%&#8220; custom_padding=&#8220;151px||40px||false|false&#8220; top_divider_style=&#8220;wave&#8220; locked=&#8220;off&#8220; global_colors_info=&#8220;{}&#8220;][et_pb_row _builder_version=&#8220;4.23&#8243; _module_preset=&#8220;default&#8220; custom_margin=&#8220;0px||||false|false&#8220; custom_padding=&#8220;0px||0px||false|false&#8220; global_colors_info=&#8220;{}&#8220;][et_pb_column type=&#8220;4_4&#8243; _builder_version=&#8220;4.23&#8243; _module_preset=&#8220;default&#8220; global_colors_info=&#8220;{}&#8220;][et_pb_text _builder_version=&#8220;4.27.4&#8243; _module_preset=&#8220;default&#8220; header_2_font=&#8220;Poppins|300|||||||&#8220; header_2_font_size=&#8220;45px&#8220; header_2_letter_spacing=&#8220;-0.03em&#8220; header_2_line_height=&#8220;1.4em&#8220; locked=&#8220;off&#8220; global_colors_info=&#8220;{}&#8220;]<\/p>\n<h2 class=\"et_pb_module_heading et-fb-editable-element et-fb-editable-element__editing\" data-shortcode-id=\"4.1.0.0-1725608529398\" data-quickaccess-id=\"title\" style=\"text-align: center\">Co \u0159\u00edkaj\u00ed ti, kdo FreshFlow znaj\u00ed?<\/h2>\n<p>[\/et_pb_text][\/et_pb_column][\/et_pb_row][et_pb_row column_structure=&#8220;1_2,1_2&#8243; custom_padding_last_edited=&#8220;on|phone&#8220; _builder_version=&#8220;4.23&#8243; _module_preset=&#8220;default&#8220; width=&#8220;100%&#8220; custom_margin=&#8220;0px|auto|-95px|auto|false|false&#8220; custom_padding=&#8220;35px||151px||false|true&#8220; custom_padding_tablet=&#8220;||50px||false|false&#8220; custom_padding_phone=&#8220;20px||50px||false|false&#8220; global_colors_info=&#8220;{}&#8220;][et_pb_column type=&#8220;1_2&#8243; _builder_version=&#8220;4.16&#8243; _module_preset=&#8220;default&#8220; custom_padding=&#8220;0px|0px|0px|0px|false|false&#8220; global_colors_info=&#8220;{}&#8220;][et_pb_testimonial author=&#8220;Michal Krej\u010d\u00ed&#8220; job_title=&#8220;Partner spole\u010dnosti&#8220; company_name=&#8220;Partners Financial Services, a.s.&#8220; quote_icon=&#8220;off&#8220; _builder_version=&#8220;4.27.4&#8243; _module_preset=&#8220;default&#8220; background_color=&#8220;#FFFFFF&#8220; width_tablet=&#8220;&#8220; width_phone=&#8220;&#8220; width_last_edited=&#8220;on|phone&#8220; max_width=&#8220;100%&#8220; custom_margin=&#8220;101px||||false|false&#8220; custom_margin_tablet=&#8220;0px||||false|false&#8220; custom_margin_phone=&#8220;0px||||false|false&#8220; custom_margin_last_edited=&#8220;on|phone&#8220; custom_padding=&#8220;40px|40px|20px|40px|false|false&#8220; border_radii=&#8220;on|16px|16px|16px|16px&#8220; box_shadow_style=&#8220;preset2&#8243; box_shadow_horizontal=&#8220;0px&#8220; box_shadow_blur=&#8220;8px&#8220; box_shadow_color=&#8220;rgba(10,0,0,0.06)&#8220; global_colors_info=&#8220;{}&#8220;]<\/p>\n<p><img loading=\"lazy\" decoding=\"async\" src=\"https:\/\/freshflow.app\/wp-content\/uploads\/2025\/11\/file.svg\" width=\"358\" height=\"111\" alt=\"\" class=\"wp-image-226951 alignnone size-full\" \/><\/p>\n<p><img loading=\"lazy\" decoding=\"async\" src=\"https:\/\/freshflow.app\/wp-content\/uploads\/2023\/10\/quote.png\" width=\"38\" height=\"30\" alt=\"\" class=\"wp-image-24889 alignnone size-full\" \/><\/p>\n<p>\u201eP\u0159idan\u00e1 hodnota Partners Office (personalizovan\u00e1 verze FreshFlow v Partners) ve spr\u00e1v\u011b kontakt\u016f je obrovsk\u00e1.<\/p>\n<p>Ka\u017ed\u00fd, kdo to mysl\u00ed s budov\u00e1n\u00edm firmy a businessu v\u00e1\u017en\u011b, by ji m\u011bl vyu\u017e\u00edt. Spr\u00e1vn\u00fd time management je jedn\u00edm z kl\u00ed\u010d\u016f \u00fasp\u011bchu. Jak se \u0159\u00edk\u00e1: Lid\u00e9 nepl\u00e1nuj\u00ed krachovat, ale krachuj\u00ed v pl\u00e1nov\u00e1n\u00ed.<\/p>\n<p>Partners Office mi d\u00e1v\u00e1 mo\u017enost do \u00fatrob firmy a m\u00edt kontrolu nad efektivitou sv\u00fdch spolupracovn\u00edk\u016f. Ob\u011b tyto funkcionality pova\u017euji za naprosto z\u00e1sadn\u00ed a vyu\u017e\u00edv\u00e1m je velmi \u010dasto.\u201c<\/p>\n<p>[\/et_pb_testimonial][\/et_pb_column][et_pb_column type=&#8220;1_2&#8243; _builder_version=&#8220;4.16&#8243; _module_preset=&#8220;default&#8220; global_colors_info=&#8220;{}&#8220;][et_pb_testimonial author=&#8220;Petr Kop\u0159iva&#8220; job_title=&#8220;Head of NN Digital Hub&#8220; company_name=&#8220;NN \u017divotn\u00ed poji\u0161\u0165ovna&#8220; quote_icon=&#8220;off&#8220; _builder_version=&#8220;4.27.4&#8243; _module_preset=&#8220;default&#8220; background_color=&#8220;#FFFFFF&#8220; width=&#8220;100%&#8220; custom_margin=&#8220;||0px|0px|false|false&#8220; custom_padding=&#8220;40px|40px|20px|40px|false|false&#8220; border_radii=&#8220;on|16px|16px|16px|16px&#8220; box_shadow_style=&#8220;preset2&#8243; box_shadow_horizontal=&#8220;0px&#8220; box_shadow_blur=&#8220;8px&#8220; box_shadow_color=&#8220;rgba(10,0,0,0.06)&#8220; global_colors_info=&#8220;{}&#8220;]<\/p>\n<p><img loading=\"lazy\" decoding=\"async\" src=\"https:\/\/freshflow.app\/wp-content\/uploads\/2025\/11\/NN.svg\" width=\"186\" height=\"103\" alt=\"\" class=\"wp-image-226960 alignnone size-full\" \/><\/p>\n<p><img loading=\"lazy\" decoding=\"async\" src=\"https:\/\/freshflow.app\/wp-content\/uploads\/2023\/10\/quote.png\" width=\"38\" height=\"30\" alt=\"\" class=\"wp-image-24889 alignnone size-full\" \/><\/p>\n<p>\u201eFreshFlow jsme aktivn\u011b vyu\u017e\u00edvali p\u0159i realizaci na\u0161\u00ed akvizi\u010dn\u00ed kampan\u011b, kdy prok\u00e1zal, \u017ee je mocn\u00fdm n\u00e1strojem v \u0159\u00edzen\u00ed obchodn\u00ed s\u00edt\u011b.\u201c<span style=\"color: #001c44;font-family: 'Bienalle bold\"><\/span><\/p>\n<p>[\/et_pb_testimonial][et_pb_testimonial author=&#8220;Petr Hladn\u00fd&#8220; job_title=&#8220;Zemsk\u00fd \u0159editel&#8220; company_name=&#8220;Allianz poji\u0161\u0165ovna, a. s.&#8220; quote_icon=&#8220;off&#8220; _builder_version=&#8220;4.27.4&#8243; _module_preset=&#8220;default&#8220; background_color=&#8220;#FFFFFF&#8220; custom_margin=&#8220;30px|0px|0px||false|false&#8220; custom_padding=&#8220;40px|40px|40px|40px|false|false&#8220; border_radii=&#8220;on|16px|16px|16px|16px&#8220; box_shadow_style=&#8220;preset2&#8243; box_shadow_horizontal=&#8220;0px&#8220; box_shadow_blur=&#8220;8px&#8220; box_shadow_color=&#8220;rgba(10,0,0,0.06)&#8220; global_colors_info=&#8220;{}&#8220;]<\/p>\n<p><img loading=\"lazy\" decoding=\"async\" src=\"https:\/\/freshflow.app\/wp-content\/uploads\/2025\/11\/Allianz.svg\" width=\"286\" height=\"71\" alt=\"\" class=\"wp-image-226927 alignnone size-full\" \/><\/p>\n<p><img loading=\"lazy\" decoding=\"async\" src=\"https:\/\/freshflow.app\/wp-content\/uploads\/2023\/10\/quote.png\" width=\"38\" height=\"30\" alt=\"\" class=\"wp-image-24889 alignnone size-full\" \/><\/p>\n<p class=\"p1\">\u201eSyst\u00e9m FreshFlow jsme vyhodnotili jako velmi efektivn\u00ed n\u00e1stroj activity managementu a interaktivn\u00ed zp\u011btn\u00e9 vazby nap\u0159\u00ed\u010d cel\u00fdm obchodn\u00edm t\u00fdmem.<\/p>\n<p class=\"p1\">I proto jsme se rozhodli implementovat ho v r\u00e1mci cel\u00e9 Kmenov\u00e9 obchodn\u00ed s\u00edt\u011b Allianz poji\u0161\u0165ovny, a.s.\u201c<\/p>\n<p>[\/et_pb_testimonial][\/et_pb_column][\/et_pb_row][\/et_pb_section][et_pb_section fb_built=&#8220;1&#8243; module_class=&#8220;fialova&#8220; _builder_version=&#8220;4.16&#8243; _module_preset=&#8220;default&#8220; background_color=&#8220;#8364ab&#8220; locked=&#8220;off&#8220; global_colors_info=&#8220;{}&#8220;][et_pb_row _builder_version=&#8220;4.27.4&#8243; _module_preset=&#8220;default&#8220; global_colors_info=&#8220;{}&#8220;][et_pb_column type=&#8220;4_4&#8243; _builder_version=&#8220;4.16&#8243; _module_preset=&#8220;default&#8220; global_colors_info=&#8220;{}&#8220;][et_pb_text _builder_version=&#8220;4.27.4&#8243; _module_preset=&#8220;default&#8220; text_font_size=&#8220;23px&#8220; header_2_font=&#8220;Poppins|300|||||||&#8220; header_2_font_size=&#8220;45px&#8220; header_2_letter_spacing=&#8220;-0.03em&#8220; header_2_line_height=&#8220;1.4em&#8220; locked=&#8220;off&#8220; global_colors_info=&#8220;{}&#8220;]<\/p>\n<h2 class=\"et_pb_module_heading et-fb-editable-element et-fb-editable-element__editing\" data-shortcode-id=\"4.1.0.0-1725608529398\" data-quickaccess-id=\"title\" style=\"text-align: center\"><span style=\"color: #ffffff\">Za\u010dn\u011bte s FreshFlow je\u0161t\u011b dnes!<\/span><\/h2>\n<p><span style=\"color: #362c6e\"><\/span><\/p>\n<p style=\"text-align: center\"><span style=\"font-weight: 400;color: #ffffff\">Na 30 dn\u00ed zdarma<\/span><\/p>\n<p style=\"text-align: center\"><span style=\"font-weight: 400;color: #ffffff\">Bez zad\u00e1v\u00e1n\u00ed platebn\u00ed karty<\/span><span style=\"font-weight: 400;color: #362c6e\"><\/span><\/p>\n<p><span style=\"color: #ffffff\"><\/span><\/p>\n<p>[\/et_pb_text][dipl_button buttons_alignment=&#8220;center&#8220; _builder_version=&#8220;4.27.4&#8243; _module_preset=&#8220;default&#8220; global_colors_info=&#8220;{}&#8220;][dipl_button_item button_text=&#8220;Za\u010d\u00edt zdarma&#8220; button_url=&#8220;https:\/\/app.freshflow.cz\/signup&#8220; button_bg_color=&#8220;#36baf0&#8243; button_custom_margin=&#8220;|||0px|false|false&#8220; button_custom_padding=&#8220;5px|30px|5px|30px|false|false&#8220; _builder_version=&#8220;4.27.4&#8243; _module_preset=&#8220;default&#8220; button_font=&#8220;Poppins||||||||&#8220; button_text_color=&#8220;#FFFFFF&#8220; button_font_size=&#8220;25px&#8220; button_line_height=&#8220;1.5em&#8220; text_orientation=&#8220;center&#8220; border_radii=&#8220;on|50px|50px|50px|50px&#8220; global_colors_info=&#8220;{}&#8220;][\/dipl_button_item][\/dipl_button][\/et_pb_column][\/et_pb_row][\/et_pb_section]<\/p>\n","protected":false},"excerpt":{"rendered":"<p><div class=\"et_pb_module dipl_double_color_heading dipl_double_color_heading_0 \">\n\t\t\t\t\n\t\t\t\t\n\t\t\t\t\n\t\t\t\t\n\t\t\t\t\n\t\t\t\t\n\t\t\t\t<div class=\"et_pb_module_inner\">\n\t\t\t\t\t<div class=\"dipl_text_wrapper\"><h1><span class=\"dipl_text_stack dipl_main_text_stack\"><span class=\"dipl_main_text\">FreshFlow je pro v\u0161echny, kte\u0159\u00ed:<\/span><\/span><span class=\"dipl_text_stack dipl_post_text_stack\"><span class=\"dipl_post_text\">pracuj\u00ed se st\u00e1l\u00fdmi klienty, s nimi spojen\u00fdmi aktivitami a pravideln\u00fdmi kampan\u011bmi.<\/span><\/span><\/h1><\/div>\n\t\t\t\t<\/div>\n\t\t\t<\/div>Co FreshFlow p\u0159inese V\u00e1m?D\u00edky \u0161irok\u00e9 \u0161k\u00e1le funkc\u00ed je syst\u00e9m FreshFlow vhodn\u00fd pro obchodn\u00edky ve v\u0161ech odv\u011btv\u00edch B2C. Vyu\u017eije ho ka\u017ed\u00fd, kdo si chce zjednodu\u0161it [&hellip;]<\/p>\n","protected":false},"author":5,"featured_media":0,"parent":0,"menu_order":0,"comment_status":"closed","ping_status":"closed","template":"","meta":{"_et_pb_use_builder":"on","_et_pb_old_content":"","_et_gb_content_width":"","footnotes":""},"class_list":["post-224895","page","type-page","status-publish","hentry"],"_links":{"self":[{"href":"https:\/\/freshflow.app\/cs\/wp-json\/wp\/v2\/pages\/224895","targetHints":{"allow":["GET"]}}],"collection":[{"href":"https:\/\/freshflow.app\/cs\/wp-json\/wp\/v2\/pages"}],"about":[{"href":"https:\/\/freshflow.app\/cs\/wp-json\/wp\/v2\/types\/page"}],"author":[{"embeddable":true,"href":"https:\/\/freshflow.app\/cs\/wp-json\/wp\/v2\/users\/5"}],"replies":[{"embeddable":true,"href":"https:\/\/freshflow.app\/cs\/wp-json\/wp\/v2\/comments?post=224895"}],"version-history":[{"count":24,"href":"https:\/\/freshflow.app\/cs\/wp-json\/wp\/v2\/pages\/224895\/revisions"}],"predecessor-version":[{"id":229015,"href":"https:\/\/freshflow.app\/cs\/wp-json\/wp\/v2\/pages\/224895\/revisions\/229015"}],"wp:attachment":[{"href":"https:\/\/freshflow.app\/cs\/wp-json\/wp\/v2\/media?parent=224895"}],"curies":[{"name":"wp","href":"https:\/\/api.w.org\/{rel}","templated":true}]}}