{"id":188,"date":"2021-04-10T14:37:28","date_gmt":"2021-04-10T13:37:28","guid":{"rendered":"https:\/\/freshflow.cz\/?page_id=188"},"modified":"2026-04-02T17:40:35","modified_gmt":"2026-04-02T16:40:35","slug":"blog","status":"publish","type":"page","link":"https:\/\/freshflow.app\/cs\/blog\/","title":{"rendered":"Blog"},"content":{"rendered":"<p>[et_pb_section fb_built=&#8220;1&#8243; custom_padding_last_edited=&#8220;on|phone&#8220; _builder_version=&#8220;4.26.1&#8243; _module_preset=&#8220;default&#8220; background_enable_color=&#8220;off&#8220; background_enable_image=&#8220;off&#8220; z_index=&#8220;400&#8243; custom_padding=&#8220;20px||90px||false|false&#8220; custom_padding_tablet=&#8220;||5px||false|false&#8220; custom_padding_phone=&#8220;||125px||false|false&#8220; bottom_divider_style=&#8220;wave&#8220; bottom_divider_color=&#8220;#FFFFFF&#8220; bottom_divider_arrangement=&#8220;above_content&#8220; bottom_divider_height_tablet=&#8220;&#8220; bottom_divider_height_phone=&#8220;30px&#8220; bottom_divider_height_last_edited=&#8220;on|phone&#8220; custom_css_main_element=&#8220;background-color:hsla(248,42%,30%,1);||background-image:||radial-gradient(at 51% 14%, hsla(248,42%,30%,1) 0px, transparent 50%),||radial-gradient(at 93% 45%, hsla(248,42%,30%,1) 0px, transparent 50%),||radial-gradient(at 5% 45%, hsla(249,42%,30%,1) 0px, transparent 50%),||radial-gradient(at 37% 100%, hsla(247,53%,61%,1) 0px, transparent 50%),||radial-gradient(at 63% 100%, hsla(248,54%,61%,1) 0px, transparent 50%);&#8220; locked=&#8220;off&#8220; global_colors_info=&#8220;{}&#8220;][et_pb_row admin_label=&#8220;\u0158\u00e1dek&#8220; _builder_version=&#8220;4.26.1&#8243; _module_preset=&#8220;default&#8220; custom_margin=&#8220;|auto|-1px|auto|false|false&#8220; global_colors_info=&#8220;{}&#8220;][et_pb_column type=&#8220;4_4&#8243; _builder_version=&#8220;4.16&#8243; _module_preset=&#8220;default&#8220; global_colors_info=&#8220;{}&#8220;][et_pb_text admin_label=&#8220;Text&#8220; _builder_version=&#8220;4.16&#8243; _module_preset=&#8220;default&#8220; header_font=&#8220;Poppins|700|||||||&#8220; header_text_color=&#8220;#FFFFFF&#8220; header_font_size=&#8220;50px&#8220; z_index=&#8220;0&#8243; global_colors_info=&#8220;{}&#8220;]<\/p>\n<h1 style=\"text-align: center\">Blog<\/h1>\n<p>[\/et_pb_text][\/et_pb_column][\/et_pb_row][\/et_pb_section][et_pb_section fb_built=&#8220;1&#8243; admin_label=&#8220;section&#8220; _builder_version=&#8220;4.16&#8243; global_colors_info=&#8220;{}&#8220;][et_pb_row use_custom_gutter=&#8220;on&#8220; gutter_width=&#8220;2&#8243; _builder_version=&#8220;4.26.1&#8243; _module_preset=&#8220;default&#8220; global_colors_info=&#8220;{}&#8220;][et_pb_column type=&#8220;4_4&#8243; _builder_version=&#8220;4.26.1&#8243; _module_preset=&#8220;default&#8220; global_colors_info=&#8220;{}&#8220;][et_pb_blog fullwidth=&#8220;off&#8220; meta_date=&#8220;j. F Y&#8220; show_more=&#8220;on&#8220; module_class=&#8220;pa-blog-equal-height&#8220; _builder_version=&#8220;4.27.6&#8243; _module_preset=&#8220;default&#8220; header_text_color=&#8220;gcid-9811ee8d-fa26-44bb-8bc4-000310e265f8&#8243; header_line_height=&#8220;1.3em&#8220; body_font=&#8220;||||||||&#8220; body_text_color=&#8220;gcid-heading-color&#8220; body_font_size=&#8220;16px&#8220; meta_font=&#8220;|300|||||||&#8220; meta_text_color=&#8220;gcid-body-color&#8220; meta_font_size=&#8220;13px&#8220; read_more_text_color=&#8220;gcid-b738c8ef-ba71-42f0-8e0b-40c49856432a&#8220; read_more_font_size=&#8220;17px&#8220; custom_padding=&#8220;||||false|false&#8220; hover_enabled=&#8220;0&#8243; custom_css_title=&#8220;margin-bottom: 10px;||padding: 0 15px;&#8220; custom_css_content=&#8220;font-weight: 400;||padding: 0 15px;&#8220; custom_css_post_meta=&#8220;margin-bottom: 30px;||padding: 0 15px;&#8220; custom_css_read_more=&#8220;margin-top: 20px;||display: inline-block;||&#8220; global_colors_info=&#8220;{%22gcid-body-color%22:%91%22meta_text_color%22%93,%22gcid-heading-color%22:%91%22body_text_color%22%93,%22gcid-b738c8ef-ba71-42f0-8e0b-40c49856432a%22:%91%22read_more_text_color%22%93,%22gcid-49b54c51-b0af-4eb5-be08-d71e28e60c39%22:%91%22read_more_text_color__hover%22%93,%22gcid-9811ee8d-fa26-44bb-8bc4-000310e265f8%22:%91%22header_text_color%22%93,%22gcid-233046a5-423f-4c3f-9355-aee0ecea71c5%22:%91%22header_text_color__hover%22%93}&#8220; read_more_text_color__hover_enabled=&#8220;on|desktop&#8220; read_more_text_color__hover=&#8220;#009b8e&#8220; header_text_color__hover_enabled=&#8220;on|desktop&#8220; header_text_color__hover=&#8220;#362c6e&#8220; sticky_enabled=&#8220;0&#8243;][\/et_pb_blog][\/et_pb_column][\/et_pb_row][\/et_pb_section]<\/p>\n","protected":false},"excerpt":{"rendered":"<p>Blog<\/p>\n","protected":false},"author":2,"featured_media":0,"parent":0,"menu_order":0,"comment_status":"closed","ping_status":"closed","template":"","meta":{"_et_pb_use_builder":"on","_et_pb_old_content":"<!-- wp:heading -->\n<h2 class=\"wp-block-heading\"><a href=\"\/cs?p=1762\">Jak neztr\u00e1cet \u010das, kdy\u017e chcete b\u00fdt \u00fasp\u011b\u0161n\u00fd podnikatel, obchodn\u00edk nebo t\u00fdm l\u00eddr<\/a><\/h2>\n<!-- \/wp:heading -->\n\n<!-- wp:query {\"queryId\":9,\"query\":{\"perPage\":3,\"pages\":0,\"offset\":0,\"postType\":\"post\",\"order\":\"desc\",\"orderBy\":\"date\",\"author\":\"\",\"search\":\"\",\"exclude\":[],\"sticky\":\"\",\"inherit\":false}} -->\n<div class=\"wp-block-query\"><!-- wp:post-template -->\n<!-- wp:spacer {\"height\":\"12px\"} -->\n<div style=\"height:12px\" aria-hidden=\"true\" class=\"wp-block-spacer\"><\/div>\n<!-- \/wp:spacer -->\n\n<!-- wp:post-featured-image {\"isLink\":true} \/-->\n\n<!-- wp:spacer {\"height\":\"19px\"} -->\n<div style=\"height:19px\" aria-hidden=\"true\" class=\"wp-block-spacer\"><\/div>\n<!-- \/wp:spacer -->\n\n<!-- wp:spacer {\"height\":\"19px\"} -->\n<div style=\"height:19px\" aria-hidden=\"true\" class=\"wp-block-spacer\"><\/div>\n<!-- \/wp:spacer -->\n\n<!-- wp:post-excerpt {\"moreText\":\"P\u0159e\u010d\u00edst v\u00edce\"} \/-->\n\n<!-- wp:separator -->\n<hr class=\"wp-block-separator has-alpha-channel-opacity\" \/>\n<!-- \/wp:separator -->\n\n<!-- wp:post-author-name \/-->\n\n<!-- wp:post-date \/-->\n\n<!-- wp:spacer {\"height\":\"0px\"} -->\n<div style=\"height:0px\" aria-hidden=\"true\" class=\"wp-block-spacer\"><\/div>\n<!-- \/wp:spacer -->\n\n<!-- wp:spacer -->\n<div style=\"height:100px\" aria-hidden=\"true\" class=\"wp-block-spacer\"><\/div>\n<!-- \/wp:spacer -->\n\n<!-- wp:heading -->\n<h2 class=\"wp-block-heading\"><a href=\"https:\/\/freshflow.app\/cs\/prvni-kroky-calendee\/\">Prvn\u00ed kroky ve FreshFlow<\/a><\/h2>\n<!-- \/wp:heading -->\n<!-- \/wp:post-template --><\/div>\n<!-- \/wp:query -->","_et_gb_content_width":"","footnotes":""},"class_list":["post-188","page","type-page","status-publish","hentry"],"_links":{"self":[{"href":"https:\/\/freshflow.app\/cs\/wp-json\/wp\/v2\/pages\/188","targetHints":{"allow":["GET"]}}],"collection":[{"href":"https:\/\/freshflow.app\/cs\/wp-json\/wp\/v2\/pages"}],"about":[{"href":"https:\/\/freshflow.app\/cs\/wp-json\/wp\/v2\/types\/page"}],"author":[{"embeddable":true,"href":"https:\/\/freshflow.app\/cs\/wp-json\/wp\/v2\/users\/2"}],"replies":[{"embeddable":true,"href":"https:\/\/freshflow.app\/cs\/wp-json\/wp\/v2\/comments?post=188"}],"version-history":[{"count":36,"href":"https:\/\/freshflow.app\/cs\/wp-json\/wp\/v2\/pages\/188\/revisions"}],"predecessor-version":[{"id":229672,"href":"https:\/\/freshflow.app\/cs\/wp-json\/wp\/v2\/pages\/188\/revisions\/229672"}],"wp:attachment":[{"href":"https:\/\/freshflow.app\/cs\/wp-json\/wp\/v2\/media?parent=188"}],"curies":[{"name":"wp","href":"https:\/\/api.w.org\/{rel}","templated":true}]}}