{"id":1577,"date":"2022-03-13T00:06:23","date_gmt":"2022-03-12T23:06:23","guid":{"rendered":"https:\/\/freshflow.cz\/?page_id=1577"},"modified":"2026-04-01T23:52:21","modified_gmt":"2026-04-01T22:52:21","slug":"pro-mobily","status":"publish","type":"page","link":"https:\/\/freshflow.app\/cs\/pro-mobily\/","title":{"rendered":"Pro mobily"},"content":{"rendered":"<p>[et_pb_section fb_built=&#8220;1&#8243; next_background_color=&#8220;#ffffff&#8220; _builder_version=&#8220;4.16&#8243; _module_preset=&#8220;default&#8220; background_color=&#8220;#362c6e&#8220; custom_padding=&#8220;||150px||false|false&#8220; bottom_divider_style=&#8220;wave&#8220; global_colors_info=&#8220;{}&#8220;][et_pb_row _builder_version=&#8220;4.27.0&#8243; _module_preset=&#8220;default&#8220; custom_padding=&#8220;9px||15px||false|false&#8220; global_colors_info=&#8220;{}&#8220;][et_pb_column type=&#8220;4_4&#8243; _builder_version=&#8220;4.16&#8243; _module_preset=&#8220;default&#8220; global_colors_info=&#8220;{}&#8220;][et_pb_text _builder_version=&#8220;4.27.5&#8243; _module_preset=&#8220;default&#8220; header_font=&#8220;Poppins|700|||||||&#8220; header_text_color=&#8220;#FFFFFF&#8220; header_font_size=&#8220;50px&#8220; header_line_height=&#8220;1.3em&#8220; z_index=&#8220;0&#8243; custom_margin=&#8220;||2px|||&#8220; custom_padding=&#8220;0px||0px|0px|true|false&#8220; global_colors_info=&#8220;{}&#8220;]<\/p>\n<h1 style=\"text-align: center\"><strong data-start=\"958\" data-end=\"1015\">V\u00e1\u0161 \u00fa\u010det je p\u0159ipraven<\/strong><\/h1>\n<h1 style=\"text-align: center\"><strong data-start=\"958\" data-end=\"1015\">Pokra\u010dujte pros\u00edm v mobiln\u00ed aplikaci<\/strong><\/h1>\n<p><span style=\"font-size: 50px\"><\/span><\/p>\n<p>&nbsp;<\/p>\n<p>[\/et_pb_text][et_pb_text _builder_version=&#8220;4.27.5&#8243; _module_preset=&#8220;default&#8220; text_text_color=&#8220;#959baf&#8220; header_2_font=&#8220;Poppins||||||||&#8220; header_2_text_color=&#8220;#959baf&#8220; header_2_line_height=&#8220;1.2em&#8220; header_3_text_color=&#8220;rgba(255,255,255,0.7)&#8220; header_3_line_height=&#8220;1.6em&#8220; custom_padding=&#8220;||9px|||&#8220; global_colors_info=&#8220;{}&#8220;]<\/p>\n<h3 style=\"text-align: center\"><\/h3>\n<h3 data-start=\"958\" data-end=\"1076\" style=\"text-align: center\">Syst\u00e9m FreshFlow je v telefonu dostupn\u00fd pouze p\u0159es na\u0161i aplikaci<\/h3>\n<p>[\/et_pb_text][et_pb_text _builder_version=&#8220;4.27.5&#8243; _module_preset=&#8220;default&#8220; text_text_color=&#8220;#959baf&#8220; header_2_font=&#8220;Poppins||||||||&#8220; header_2_text_color=&#8220;#959baf&#8220; header_2_line_height=&#8220;1.2em&#8220; header_3_text_color=&#8220;rgba(255,255,255,0.7)&#8220; header_3_line_height=&#8220;1.6em&#8220; min_height=&#8220;35.8px&#8220; custom_margin=&#8220;-34px|||||&#8220; custom_padding=&#8220;||1px|||&#8220; global_colors_info=&#8220;{}&#8220;]<\/p>\n<h3 data-start=\"599\" data-end=\"693\" style=\"text-align: center\">St\u00e1hn\u011bte si ji zdarma v App Store nebo Google Play, nebo se do webov\u00e9 verze p\u0159ihlaste z notebooku, tabletu \u010di po\u010d\u00edta\u010de<\/h3>\n<p>&nbsp;<\/p>\n<p>[\/et_pb_text][\/et_pb_column][\/et_pb_row][et_pb_row _builder_version=&#8220;4.26.1&#8243; _module_preset=&#8220;default&#8220; width=&#8220;50%&#8220; width_tablet=&#8220;60%&#8220; width_phone=&#8220;50%&#8220; width_last_edited=&#8220;on|phone&#8220; max_width=&#8220;400px&#8220; global_colors_info=&#8220;{}&#8220;][et_pb_column type=&#8220;4_4&#8243; _builder_version=&#8220;4.26.1&#8243; _module_preset=&#8220;default&#8220; custom_css_main_element=&#8220;display: flex;&#8220; global_colors_info=&#8220;{}&#8220; custom_css_main_element_last_edited=&#8220;on|phone&#8220; custom_css_main_element_phone=&#8220;display: flex;||flex-direction: column;&#8220; custom_css_main_element_tablet=&#8220;display: flex;&#8220;][et_pb_image src=&#8220;https:\/\/freshflow.app\/wp-content\/uploads\/2024\/07\/AppStore.webp&#8220; title_text=&#8220;AppStore&#8220; url=&#8220;https:\/\/apps.apple.com\/cz\/app\/freshflow\/id1488300896&#8243; url_new_window=&#8220;on&#8220; _builder_version=&#8220;4.27.6&#8243; _module_preset=&#8220;default&#8220; custom_margin=&#8220;|10px||10px|false|true&#8220; hover_enabled=&#8220;0&#8243; global_colors_info=&#8220;{}&#8220; transform_styles__hover_enabled=&#8220;on|desktop&#8220; transform_scale__hover_enabled=&#8220;on|desktop&#8220; transform_translate__hover_enabled=&#8220;on|desktop&#8220; transform_rotate__hover_enabled=&#8220;on|desktop&#8220; transform_skew__hover_enabled=&#8220;on|desktop&#8220; transform_origin__hover_enabled=&#8220;on|desktop&#8220; transform_scale__hover=&#8220;95%|95%&#8220; width=&#8220;100%&#8220; sticky_enabled=&#8220;0&#8243;][\/et_pb_image][\/et_pb_column][\/et_pb_row][et_pb_row _builder_version=&#8220;4.27.6&#8243; _module_preset=&#8220;default&#8220; width=&#8220;50%&#8220; width_tablet=&#8220;60%&#8220; width_phone=&#8220;50%&#8220; width_last_edited=&#8220;on|phone&#8220; max_width=&#8220;400px&#8220; global_colors_info=&#8220;{}&#8220;][et_pb_column type=&#8220;4_4&#8243; _builder_version=&#8220;4.27.6&#8243; _module_preset=&#8220;default&#8220; custom_css_main_element=&#8220;display: flex;&#8220; global_colors_info=&#8220;{}&#8220; custom_css_main_element_last_edited=&#8220;on|phone&#8220; custom_css_main_element_phone=&#8220;display: flex;||flex-direction: column;&#8220; custom_css_main_element_tablet=&#8220;display: flex;&#8220;][et_pb_image src=&#8220;https:\/\/freshflow.app\/wp-content\/uploads\/2024\/07\/GooglePlay.webp&#8220; title_text=&#8220;GooglePlay&#8220; url=&#8220;https:\/\/play.google.com\/store\/apps\/details?id=cz.freshflow.app.ff&amp;hl=en_US&#8220; url_new_window=&#8220;on&#8220; align=&#8220;center&#8220; _builder_version=&#8220;4.27.6&#8243; _module_preset=&#8220;default&#8220; width=&#8220;100%&#8220; custom_margin=&#8220;|10px||10px|false|true&#8220; hover_enabled=&#8220;0&#8243; global_colors_info=&#8220;{}&#8220; transform_styles__hover_enabled=&#8220;on|desktop&#8220; transform_scale__hover_enabled=&#8220;on|desktop&#8220; transform_translate__hover_enabled=&#8220;on|desktop&#8220; transform_rotate__hover_enabled=&#8220;on|desktop&#8220; transform_skew__hover_enabled=&#8220;on|desktop&#8220; transform_origin__hover_enabled=&#8220;on|desktop&#8220; transform_scale__hover=&#8220;95%|95%&#8220; sticky_enabled=&#8220;0&#8243;][\/et_pb_image][\/et_pb_column][\/et_pb_row][\/et_pb_section][et_pb_section fb_built=&#8220;1&#8243; _builder_version=&#8220;4.26.0&#8243; _module_preset=&#8220;default&#8220; global_colors_info=&#8220;{}&#8220;][et_pb_row _builder_version=&#8220;4.26.0&#8243; _module_preset=&#8220;default&#8220; global_colors_info=&#8220;{}&#8220;][et_pb_column type=&#8220;4_4&#8243; _builder_version=&#8220;4.26.0&#8243; _module_preset=&#8220;default&#8220; global_colors_info=&#8220;{}&#8220;][et_pb_heading title=&#8220;Webovou aplikaci FreshFlow naleznete pod dom\u00e9nou&#8220; _builder_version=&#8220;4.26.0&#8243; _module_preset=&#8220;default&#8220; title_text_align=&#8220;center&#8220; global_colors_info=&#8220;{}&#8220;][\/et_pb_heading][et_pb_heading title=&#8220;app.freshflow.cz&#8220; url=&#8220;https:\/\/app.freshflow.cz\/&#8220; _builder_version=&#8220;4.27.6&#8243; _module_preset=&#8220;default&#8220; title_font=&#8220;||||on||||&#8220; title_text_align=&#8220;center&#8220; title_text_color=&#8220;#362C6E&#8220; global_colors_info=&#8220;{}&#8220;][\/et_pb_heading][et_pb_text _builder_version=&#8220;4.27.5&#8243; _module_preset=&#8220;default&#8220; global_colors_info=&#8220;{}&#8220;]<\/p>\n<h3 data-start=\"498\" data-end=\"574\" style=\"text-align: center\">Pou\u017eijte V\u00e1mi zvolen\u00e9 p\u0159ihla\u0161ovac\u00ed \u00fadaje v mobiln\u00ed aplikaci i ve webov\u00e9 verzi<\/h3>\n<p>[\/et_pb_text][\/et_pb_column][\/et_pb_row][\/et_pb_section]<\/p>\n","protected":false},"excerpt":{"rendered":"<p>V\u00e1\u0161 \u00fa\u010det je p\u0159ipraven Pokra\u010dujte pros\u00edm v mobiln\u00ed aplikaci &nbsp; Syst\u00e9m FreshFlow je v telefonu dostupn\u00fd pouze p\u0159es na\u0161i aplikaciSt\u00e1hn\u011bte si ji zdarma v App Store nebo Google Play, nebo se do webov\u00e9 verze p\u0159ihlaste z notebooku, tabletu \u010di po\u010d\u00edta\u010de &nbsp;Pou\u017eijte V\u00e1mi zvolen\u00e9 p\u0159ihla\u0161ovac\u00ed \u00fadaje v mobiln\u00ed aplikaci i ve webov\u00e9 verzi<\/p>\n","protected":false},"author":2,"featured_media":0,"parent":0,"menu_order":0,"comment_status":"closed","ping_status":"closed","template":"","meta":{"_et_pb_use_builder":"on","_et_pb_old_content":"","_et_gb_content_width":"","footnotes":""},"class_list":["post-1577","page","type-page","status-publish","hentry"],"_links":{"self":[{"href":"https:\/\/freshflow.app\/cs\/wp-json\/wp\/v2\/pages\/1577","targetHints":{"allow":["GET"]}}],"collection":[{"href":"https:\/\/freshflow.app\/cs\/wp-json\/wp\/v2\/pages"}],"about":[{"href":"https:\/\/freshflow.app\/cs\/wp-json\/wp\/v2\/types\/page"}],"author":[{"embeddable":true,"href":"https:\/\/freshflow.app\/cs\/wp-json\/wp\/v2\/users\/2"}],"replies":[{"embeddable":true,"href":"https:\/\/freshflow.app\/cs\/wp-json\/wp\/v2\/comments?post=1577"}],"version-history":[{"count":29,"href":"https:\/\/freshflow.app\/cs\/wp-json\/wp\/v2\/pages\/1577\/revisions"}],"predecessor-version":[{"id":229656,"href":"https:\/\/freshflow.app\/cs\/wp-json\/wp\/v2\/pages\/1577\/revisions\/229656"}],"wp:attachment":[{"href":"https:\/\/freshflow.app\/cs\/wp-json\/wp\/v2\/media?parent=1577"}],"curies":[{"name":"wp","href":"https:\/\/api.w.org\/{rel}","templated":true}]}}